{"id":15780,"date":"2025-03-04T11:06:30","date_gmt":"2025-03-04T08:06:30","guid":{"rendered":"https:\/\/ceoparts.com\/?post_type=product&#038;p=15780"},"modified":"2026-05-16T20:15:48","modified_gmt":"2026-05-16T17:15:48","slug":"linde-fren-pistonu-4225045504","status":"publish","type":"product","link":"https:\/\/ceoparts.com\/tr\/urun\/linde-fren-pistonu-4225045504\/","title":{"rendered":"Linde Fren Pistonu &#8211; 4225045504"},"content":{"rendered":"<p>Linde Fren Pistonu &#8211; 4225045504<\/p>","protected":false},"excerpt":{"rendered":"<p data-start=\"0\" data-end=\"196\"><br data-start=\"5\" data-end=\"8\" \/><strong data-start=\"8\" data-end=\"30\">Linde Fren Pistonu<\/strong>, forklift ve i\u015f makinelerinde g\u00fcvenli ve etkili frenleme sa\u011flayan y\u00fcksek kaliteli bir komponenttir. Dayan\u0131kl\u0131 malzemeden \u00fcretilmi\u015f olup uzun \u00f6m\u00fcrl\u00fc performans sunar.<\/p>\n<p data-start=\"198\" data-end=\"385\"><strong data-start=\"198\" data-end=\"213\">\u00d6zellikler:<\/strong><br data-start=\"213\" data-end=\"216\" \/><strong data-start=\"216\" data-end=\"231\">Par\u00e7a Kodu:<\/strong> 4225045504<br data-start=\"242\" data-end=\"245\" \/><strong data-start=\"245\" data-end=\"253\">Tip:<\/strong> Fren Pistonu<br data-start=\"266\" data-end=\"269\" \/><strong data-start=\"269\" data-end=\"282\">Kullan\u0131m:<\/strong> Forklift ve i\u015f makineleri<br data-start=\"308\" data-end=\"311\" \/><strong data-start=\"311\" data-end=\"323\">Avantaj:<\/strong> Y\u00fcksek dayan\u0131kl\u0131l\u0131k ve g\u00fcvenli frenleme performans\u0131<\/p>\n<p data-start=\"387\" data-end=\"588\">\n","protected":false},"featured_media":15782,"template":"","meta":[],"product_brand":[],"product_cat":[246,470,523],"product_tag":[],"class_list":{"0":"post-15780","1":"product","2":"type-product","3":"status-publish","4":"has-post-thumbnail","6":"product_cat-linde","7":"product_cat-diger-yedek-parcalar","8":"product_cat-yedek-parca-linde","10":"first","11":"instock","12":"taxable","13":"shipping-taxable","14":"purchasable","15":"product-type-simple"},"_links":{"self":[{"href":"https:\/\/ceoparts.com\/tr\/wp-json\/wp\/v2\/product\/15780","targetHints":{"allow":["GET"]}}],"collection":[{"href":"https:\/\/ceoparts.com\/tr\/wp-json\/wp\/v2\/product"}],"about":[{"href":"https:\/\/ceoparts.com\/tr\/wp-json\/wp\/v2\/types\/product"}],"wp:featuredmedia":[{"embeddable":true,"href":"https:\/\/ceoparts.com\/tr\/wp-json\/wp\/v2\/media\/15782"}],"wp:attachment":[{"href":"https:\/\/ceoparts.com\/tr\/wp-json\/wp\/v2\/media?parent=15780"}],"wp:term":[{"taxonomy":"product_brand","embeddable":true,"href":"https:\/\/ceoparts.com\/tr\/wp-json\/wp\/v2\/product_brand?post=15780"},{"taxonomy":"product_cat","embeddable":true,"href":"https:\/\/ceoparts.com\/tr\/wp-json\/wp\/v2\/product_cat?post=15780"},{"taxonomy":"product_tag","embeddable":true,"href":"https:\/\/ceoparts.com\/tr\/wp-json\/wp\/v2\/product_tag?post=15780"}],"curies":[{"name":"wp","href":"https:\/\/api.w.org\/{rel}","templated":true}]}}