{"id":15789,"date":"2025-03-04T11:19:55","date_gmt":"2025-03-04T08:19:55","guid":{"rendered":"https:\/\/ceoparts.com\/?post_type=product&#038;p=15789"},"modified":"2026-05-16T22:19:37","modified_gmt":"2026-05-16T19:19:37","slug":"linde-halka-dislisi-annular-gear-4222641009","status":"publish","type":"product","link":"https:\/\/ceoparts.com\/tr\/urun\/linde-halka-dislisi-annular-gear-4222641009\/","title":{"rendered":"Linde Halka Di\u015flisi (Annular Gear) &#8211; 4222641009"},"content":{"rendered":"<p>Linde Halka Di\u015flisi (Annular Gear) &#8211; 4222641009<\/p>","protected":false},"excerpt":{"rendered":"<p data-start=\"0\" data-end=\"202\"><br data-start=\"5\" data-end=\"8\" \/><strong data-start=\"8\" data-end=\"46\">Linde Halka Di\u015flisi (Annular Gear)<\/strong>, forklift ve i\u015f makinelerinde kullan\u0131lan dayan\u0131kl\u0131 bir di\u015fli par\u00e7as\u0131d\u0131r. Y\u00fcksek tork ve g\u00fc\u00e7 iletimi sa\u011flar, makine performans\u0131n\u0131 art\u0131r\u0131r ve uzun \u00f6m\u00fcrl\u00fcd\u00fcr.<\/p>\n<p data-start=\"204\" data-end=\"393\"><strong data-start=\"204\" data-end=\"219\">\u00d6zellikler:<\/strong><br data-start=\"219\" data-end=\"222\" \/><strong data-start=\"222\" data-end=\"237\">Par\u00e7a Kodu:<\/strong> 4222641009<br data-start=\"248\" data-end=\"251\" \/><strong data-start=\"251\" data-end=\"259\">Tip:<\/strong> Halka di\u015flisi (Annular Gear)<br data-start=\"288\" data-end=\"291\" \/><strong data-start=\"291\" data-end=\"304\">Kullan\u0131m:<\/strong> Forklift ve i\u015f makineleri<br data-start=\"330\" data-end=\"333\" \/><strong data-start=\"333\" data-end=\"345\">Avantaj:<\/strong> Y\u00fcksek tork iletimi ve dayan\u0131kl\u0131 yap\u0131<\/p>\n<p>386-01-02<\/p>\n<p>&nbsp;<\/p>\n","protected":false},"featured_media":15790,"template":"","meta":[],"product_brand":[],"product_cat":[246,470,523],"product_tag":[],"class_list":{"0":"post-15789","1":"product","2":"type-product","3":"status-publish","4":"has-post-thumbnail","6":"product_cat-linde","7":"product_cat-diger-yedek-parcalar","8":"product_cat-yedek-parca-linde","10":"first","11":"instock","12":"taxable","13":"shipping-taxable","14":"purchasable","15":"product-type-simple"},"_links":{"self":[{"href":"https:\/\/ceoparts.com\/tr\/wp-json\/wp\/v2\/product\/15789","targetHints":{"allow":["GET"]}}],"collection":[{"href":"https:\/\/ceoparts.com\/tr\/wp-json\/wp\/v2\/product"}],"about":[{"href":"https:\/\/ceoparts.com\/tr\/wp-json\/wp\/v2\/types\/product"}],"wp:featuredmedia":[{"embeddable":true,"href":"https:\/\/ceoparts.com\/tr\/wp-json\/wp\/v2\/media\/15790"}],"wp:attachment":[{"href":"https:\/\/ceoparts.com\/tr\/wp-json\/wp\/v2\/media?parent=15789"}],"wp:term":[{"taxonomy":"product_brand","embeddable":true,"href":"https:\/\/ceoparts.com\/tr\/wp-json\/wp\/v2\/product_brand?post=15789"},{"taxonomy":"product_cat","embeddable":true,"href":"https:\/\/ceoparts.com\/tr\/wp-json\/wp\/v2\/product_cat?post=15789"},{"taxonomy":"product_tag","embeddable":true,"href":"https:\/\/ceoparts.com\/tr\/wp-json\/wp\/v2\/product_tag?post=15789"}],"curies":[{"name":"wp","href":"https:\/\/api.w.org\/{rel}","templated":true}]}}