{"id":15807,"date":"2025-03-04T14:37:23","date_gmt":"2025-03-04T11:37:23","guid":{"rendered":"https:\/\/ceoparts.com\/?post_type=product&#038;p=15807"},"modified":"2026-05-16T21:10:15","modified_gmt":"2026-05-16T18:10:15","slug":"linde-e16-aku-kapak-kilidi-0009311057","status":"publish","type":"product","link":"https:\/\/ceoparts.com\/tr\/urun\/linde-e16-aku-kapak-kilidi-0009311057\/","title":{"rendered":"Linde E16 Ak\u00fc Kapak Kilidi &#8211; 0009311057"},"content":{"rendered":"<p>Linde E16 Ak\u00fc Kapak Kilidi &#8211; 0009311057<\/p>","protected":false},"excerpt":{"rendered":"<p data-start=\"0\" data-end=\"210\"><br data-start=\"5\" data-end=\"8\" \/><strong data-start=\"8\" data-end=\"38\">Linde E16 Ak\u00fc Kapak Kilidi<\/strong>, forklift ak\u00fc kapa\u011f\u0131n\u0131n g\u00fcvenli\u011fini sa\u011flayan dayan\u0131kl\u0131 bir kilittir. Ak\u00fcn\u00fcn yetkisiz eri\u015fimlere kar\u015f\u0131 korunmas\u0131n\u0131 sa\u011flar ve forkliftin g\u00fcvenli \u00e7al\u0131\u015fmas\u0131na katk\u0131da bulunur.<\/p>\n<p data-start=\"212\" data-end=\"364\"><strong data-start=\"212\" data-end=\"227\">\u00d6zellikler:<\/strong><br data-start=\"227\" data-end=\"230\" \/><strong data-start=\"230\" data-end=\"245\">Par\u00e7a Kodu:<\/strong> 0009311057<br data-start=\"256\" data-end=\"259\" \/><strong data-start=\"259\" data-end=\"272\">Kullan\u0131m:<\/strong> Ak\u00fc kapa\u011f\u0131 g\u00fcvenli\u011fi<br data-start=\"293\" data-end=\"296\" \/><strong data-start=\"296\" data-end=\"308\">Avantaj:<\/strong> Yetkisiz eri\u015fimi engelleme ve g\u00fcvenli \u00e7al\u0131\u015fma<\/p>\n<p data-start=\"366\" data-end=\"562\">\n","protected":false},"featured_media":15809,"template":"","meta":[],"product_brand":[],"product_cat":[246,443,470,523],"product_tag":[],"class_list":{"0":"post-15807","1":"product","2":"type-product","3":"status-publish","4":"has-post-thumbnail","6":"product_cat-linde","7":"product_cat-aku-parcalari","8":"product_cat-diger-yedek-parcalar","9":"product_cat-yedek-parca-linde","11":"first","12":"instock","13":"taxable","14":"shipping-taxable","15":"purchasable","16":"product-type-simple"},"_links":{"self":[{"href":"https:\/\/ceoparts.com\/tr\/wp-json\/wp\/v2\/product\/15807","targetHints":{"allow":["GET"]}}],"collection":[{"href":"https:\/\/ceoparts.com\/tr\/wp-json\/wp\/v2\/product"}],"about":[{"href":"https:\/\/ceoparts.com\/tr\/wp-json\/wp\/v2\/types\/product"}],"wp:featuredmedia":[{"embeddable":true,"href":"https:\/\/ceoparts.com\/tr\/wp-json\/wp\/v2\/media\/15809"}],"wp:attachment":[{"href":"https:\/\/ceoparts.com\/tr\/wp-json\/wp\/v2\/media?parent=15807"}],"wp:term":[{"taxonomy":"product_brand","embeddable":true,"href":"https:\/\/ceoparts.com\/tr\/wp-json\/wp\/v2\/product_brand?post=15807"},{"taxonomy":"product_cat","embeddable":true,"href":"https:\/\/ceoparts.com\/tr\/wp-json\/wp\/v2\/product_cat?post=15807"},{"taxonomy":"product_tag","embeddable":true,"href":"https:\/\/ceoparts.com\/tr\/wp-json\/wp\/v2\/product_tag?post=15807"}],"curies":[{"name":"wp","href":"https:\/\/api.w.org\/{rel}","templated":true}]}}