{"id":15811,"date":"2025-03-04T14:45:28","date_gmt":"2025-03-04T11:45:28","guid":{"rendered":"https:\/\/ceoparts.com\/?post_type=product&#038;p=15811"},"modified":"2026-05-16T19:20:39","modified_gmt":"2026-05-16T16:20:39","slug":"linde-havalandirma-filtresi-0009832114","status":"publish","type":"product","link":"https:\/\/ceoparts.com\/tr\/urun\/linde-havalandirma-filtresi-0009832114\/","title":{"rendered":"Linde Havaland\u0131rma Filtresi &#8211; 0009832114"},"content":{"rendered":"<p>Linde Havaland\u0131rma Filtresi &#8211; 0009832114<\/p>\n<table dir=\"ltr\" border=\"0\" width=\"285\" cellspacing=\"0\" cellpadding=\"2\">\n<tbody>\n<tr>\n<td height=\"19\">\n<p align=\"left\"><span style=\"font-family: Calibri; font-size: medium;\">linde-350-H12-16-18-20-03-2007<\/span><\/p>\n<\/td>\n<\/tr>\n<tr>\n<td height=\"19\">\n<p align=\"left\"><span style=\"font-family: Calibri; font-size: medium;\">Linde-396-H50.H60.H70.H80<\/span><\/p>\n<\/td>\n<\/tr>\n<tr>\n<td height=\"19\">\n<p align=\"left\"><span style=\"font-family: Calibri; font-size: medium;\">linde-350-H12-16-18-20-03-2011<\/span><\/p>\n<\/td>\n<\/tr>\n<tr>\n<td height=\"19\">\n<p align=\"left\"><span style=\"font-family: Calibri; font-size: medium;\">linde-394-01-H40-H45-H50<\/span><\/p>\n<\/td>\n<\/tr>\n<tr>\n<td height=\"19\">\n<p align=\"left\"><span style=\"font-family: Calibri; font-size: medium;\">linde-353-02-H50-H60-H70-H80-02-2003<\/span><\/p>\n<\/td>\n<\/tr>\n<tr>\n<td height=\"19\">\n<p align=\"left\"><span style=\"font-family: Calibri; font-size: medium;\">linde-393-01-H25-H30-H35-2011<\/span><\/p>\n<\/td>\n<\/tr>\n<tr>\n<td height=\"19\">\n<p align=\"left\"><span style=\"font-family: Calibri; font-size: medium;\">Linde-352-04-H35-H40-H45-04-2004<\/span><\/p>\n<\/td>\n<\/tr>\n<tr>\n<td height=\"19\">\n<p align=\"left\"><span style=\"font-family: Calibri; font-size: medium;\">linde-392-01-H20-H25-2011<\/span><\/p>\n<\/td>\n<\/tr>\n<tr>\n<td height=\"19\">\n<p align=\"left\"><span style=\"font-family: Calibri; font-size: medium;\">linde-387-E20-E25-E30-E35-2011<\/span><\/p>\n<\/td>\n<\/tr>\n<tr>\n<td height=\"19\">\n<p align=\"left\"><span style=\"font-family: Calibri; font-size: medium;\">linde-391-01-H14-H16-H18-H20-2011<\/span><\/p>\n<\/td>\n<\/tr>\n<tr>\n<td height=\"19\">\n<p align=\"left\"><span style=\"font-family: Calibri; font-size: medium;\">linde-1313-01-H25-H27-H30-H32<\/span><\/p>\n<\/td>\n<\/tr>\n<\/tbody>\n<\/table>\n<p>0009832114<\/p>\n<p>0009832108<\/p>","protected":false},"excerpt":{"rendered":"<p data-start=\"0\" data-end=\"231\"><br data-start=\"5\" data-end=\"8\" \/><strong data-start=\"8\" data-end=\"39\">Linde Havaland\u0131rma Filtresi<\/strong>, forkliftlerin ve i\u015f makinelerinin motor ve kabin havaland\u0131rmas\u0131nda temiz hava sa\u011flar. Toz ve kir partik\u00fcllerini filtreleyerek <strong data-start=\"167\" data-end=\"196\">motor performans\u0131n\u0131 korur<\/strong> ve <strong data-start=\"200\" data-end=\"230\">operat\u00f6r konforunu art\u0131r\u0131r<\/strong>.<\/p>\n<p data-start=\"233\" data-end=\"422\"><strong data-start=\"233\" data-end=\"248\">\u00d6zellikler:<\/strong><br data-start=\"248\" data-end=\"251\" \/><strong data-start=\"251\" data-end=\"266\">Par\u00e7a Kodu:<\/strong> 0009832114<br data-start=\"277\" data-end=\"280\" \/><strong data-start=\"280\" data-end=\"293\">Kullan\u0131m:<\/strong> Motor ve kabin havaland\u0131rmas\u0131<br data-start=\"323\" data-end=\"326\" \/><strong data-start=\"326\" data-end=\"340\">Fonksiyon:<\/strong> Toz ve kir filtreleme<br data-start=\"366\" data-end=\"369\" \/><strong data-start=\"369\" data-end=\"381\">Avantaj:<\/strong> Motor korumas\u0131 ve operat\u00f6r konforu<\/p>\n<p data-start=\"424\" data-end=\"643\">\n","protected":false},"featured_media":15817,"template":"","meta":[],"product_brand":[],"product_cat":[246,498,523],"product_tag":[],"class_list":{"0":"post-15811","1":"product","2":"type-product","3":"status-publish","4":"has-post-thumbnail","6":"product_cat-linde","7":"product_cat-filtre-cesitleri","8":"product_cat-yedek-parca-linde","10":"first","11":"instock","12":"taxable","13":"shipping-taxable","14":"purchasable","15":"product-type-simple"},"_links":{"self":[{"href":"https:\/\/ceoparts.com\/tr\/wp-json\/wp\/v2\/product\/15811","targetHints":{"allow":["GET"]}}],"collection":[{"href":"https:\/\/ceoparts.com\/tr\/wp-json\/wp\/v2\/product"}],"about":[{"href":"https:\/\/ceoparts.com\/tr\/wp-json\/wp\/v2\/types\/product"}],"wp:featuredmedia":[{"embeddable":true,"href":"https:\/\/ceoparts.com\/tr\/wp-json\/wp\/v2\/media\/15817"}],"wp:attachment":[{"href":"https:\/\/ceoparts.com\/tr\/wp-json\/wp\/v2\/media?parent=15811"}],"wp:term":[{"taxonomy":"product_brand","embeddable":true,"href":"https:\/\/ceoparts.com\/tr\/wp-json\/wp\/v2\/product_brand?post=15811"},{"taxonomy":"product_cat","embeddable":true,"href":"https:\/\/ceoparts.com\/tr\/wp-json\/wp\/v2\/product_cat?post=15811"},{"taxonomy":"product_tag","embeddable":true,"href":"https:\/\/ceoparts.com\/tr\/wp-json\/wp\/v2\/product_tag?post=15811"}],"curies":[{"name":"wp","href":"https:\/\/api.w.org\/{rel}","templated":true}]}}