{"id":15818,"date":"2025-03-04T14:53:44","date_gmt":"2025-03-04T11:53:44","guid":{"rendered":"https:\/\/ceoparts.com\/?post_type=product&#038;p=15818"},"modified":"2026-05-16T17:17:47","modified_gmt":"2026-05-16T14:17:47","slug":"linde-side-shift-kizak-1804460906","status":"publish","type":"product","link":"https:\/\/ceoparts.com\/tr\/urun\/linde-side-shift-kizak-1804460906\/","title":{"rendered":"Linde Side Shift K\u0131zak &#8211; 1804460906"},"content":{"rendered":"<p>Linde Side Shift K\u0131zak &#8211; 1804460906<\/p>","protected":false},"excerpt":{"rendered":"<p data-start=\"0\" data-end=\"197\"><br data-start=\"5\" data-end=\"8\" \/><strong data-start=\"8\" data-end=\"34\">Linde Side Shift k\u0131zak<\/strong>, forkliftlerin yana kayma fonksiyonunu sa\u011flar ve y\u00fcklerin hassas \u015fekilde konumland\u0131r\u0131lmas\u0131na olanak tan\u0131r. <strong data-start=\"142\" data-end=\"165\">Y\u00fcksek dayan\u0131kl\u0131l\u0131k<\/strong> ve <strong data-start=\"169\" data-end=\"190\">stabil performans<\/strong> sunar.<\/p>\n<p data-start=\"199\" data-end=\"391\"><strong data-start=\"199\" data-end=\"214\">\u00d6zellikler:<\/strong><br data-start=\"214\" data-end=\"217\" \/><strong data-start=\"217\" data-end=\"232\">Par\u00e7a Kodu:<\/strong> 1804460906<br data-start=\"243\" data-end=\"246\" \/><strong data-start=\"246\" data-end=\"259\">Kullan\u0131m:<\/strong> Forklift yana kayma fonksiyonu<br data-start=\"290\" data-end=\"293\" \/><strong data-start=\"293\" data-end=\"310\">Dayan\u0131kl\u0131l\u0131k:<\/strong> Y\u00fcksek dayan\u0131kl\u0131 malzeme<br data-start=\"339\" data-end=\"342\" \/><strong data-start=\"342\" data-end=\"357\">Performans:<\/strong> Stabil ve g\u00fcvenilir \u00e7al\u0131\u015fma<\/p>\n<p data-start=\"393\" data-end=\"562\">\n","protected":false},"featured_media":15820,"template":"","meta":[],"product_brand":[],"product_cat":[246,251,470,518,523],"product_tag":[],"class_list":{"0":"post-15818","1":"product","2":"type-product","3":"status-publish","4":"has-post-thumbnail","6":"product_cat-linde","7":"product_cat-bt","8":"product_cat-diger-yedek-parcalar","9":"product_cat-yedek-parca-bt","10":"product_cat-yedek-parca-linde","12":"first","13":"instock","14":"taxable","15":"shipping-taxable","16":"purchasable","17":"product-type-simple"},"_links":{"self":[{"href":"https:\/\/ceoparts.com\/tr\/wp-json\/wp\/v2\/product\/15818","targetHints":{"allow":["GET"]}}],"collection":[{"href":"https:\/\/ceoparts.com\/tr\/wp-json\/wp\/v2\/product"}],"about":[{"href":"https:\/\/ceoparts.com\/tr\/wp-json\/wp\/v2\/types\/product"}],"wp:featuredmedia":[{"embeddable":true,"href":"https:\/\/ceoparts.com\/tr\/wp-json\/wp\/v2\/media\/15820"}],"wp:attachment":[{"href":"https:\/\/ceoparts.com\/tr\/wp-json\/wp\/v2\/media?parent=15818"}],"wp:term":[{"taxonomy":"product_brand","embeddable":true,"href":"https:\/\/ceoparts.com\/tr\/wp-json\/wp\/v2\/product_brand?post=15818"},{"taxonomy":"product_cat","embeddable":true,"href":"https:\/\/ceoparts.com\/tr\/wp-json\/wp\/v2\/product_cat?post=15818"},{"taxonomy":"product_tag","embeddable":true,"href":"https:\/\/ceoparts.com\/tr\/wp-json\/wp\/v2\/product_tag?post=15818"}],"curies":[{"name":"wp","href":"https:\/\/api.w.org\/{rel}","templated":true}]}}