{"id":15829,"date":"2025-03-04T15:12:23","date_gmt":"2025-03-04T12:12:23","guid":{"rendered":"https:\/\/ceoparts.com\/?post_type=product&#038;p=15829"},"modified":"2026-05-16T11:49:54","modified_gmt":"2026-05-16T08:49:54","slug":"linde-hortum-makarasi-0009203307","status":"publish","type":"product","link":"https:\/\/ceoparts.com\/tr\/urun\/linde-hortum-makarasi-0009203307\/","title":{"rendered":"Linde Hortum Makaras\u0131 &#8211; 0009203307"},"content":{"rendered":"<p>Linde Hortum Makaras\u0131 &#8211; 0009203307<\/p>\n<p>\u0130\u00c7 \u00c7AP &#8211; 24,2 MM<br \/>\nDI\u015e \u00c7AP &#8211; 116,4 MM<br \/>\nDAHA K\u00dc\u00c7\u00dcK DI\u015e \u00c7AP &#8211; 72,3 MM<br \/>\nHORTUM \u00c7API &#8211; 33 MM<\/p>\n<p>Linde<br \/>\n346 E18\/20\/20P<br \/>\n386-25 E14-20<br \/>\n386 E12\/14\/15\/16\/18\/20<br \/>\n391-01 H14\/15\/16\/18\/20<\/p>","protected":false},"excerpt":{"rendered":"<p data-start=\"0\" data-end=\"204\"><br data-start=\"5\" data-end=\"8\" \/><strong data-start=\"8\" data-end=\"33\">Linde hortum makaras\u0131<\/strong>, forkliftlerde hortumlar\u0131n d\u00fczenli ve g\u00fcvenli \u015fekilde sar\u0131lmas\u0131 i\u00e7in tasarlanm\u0131\u015ft\u0131r. <strong data-start=\"119\" data-end=\"143\">Dayan\u0131kl\u0131 malzemeden<\/strong> \u00fcretilmi\u015f olup, uzun \u00f6m\u00fcrl\u00fc kullan\u0131m ve kolay montaj sa\u011flar.<\/p>\n<p data-start=\"206\" data-end=\"397\"><strong data-start=\"206\" data-end=\"221\">\u00d6zellikler:<\/strong><br data-start=\"221\" data-end=\"224\" \/><strong data-start=\"224\" data-end=\"239\">Par\u00e7a Kodu:<\/strong> 0009203307<br data-start=\"250\" data-end=\"253\" \/><strong data-start=\"253\" data-end=\"266\">Kullan\u0131m:<\/strong> Forklift hortum d\u00fczenleme<br data-start=\"292\" data-end=\"295\" \/><strong data-start=\"295\" data-end=\"307\">Malzeme:<\/strong> <strong data-start=\"308\" data-end=\"321\">Dayan\u0131kl\u0131<\/strong> ve sa\u011flam yap\u0131<br data-start=\"336\" data-end=\"339\" \/><strong data-start=\"339\" data-end=\"353\">Fonksiyon:<\/strong> Hortumlar\u0131n d\u00fczg\u00fcn sar\u0131lmas\u0131 ve korunmas\u0131<\/p>\n<p data-start=\"399\" data-end=\"576\">\n","protected":false},"featured_media":15834,"template":"","meta":[],"product_brand":[],"product_cat":[246,470,523],"product_tag":[],"class_list":{"0":"post-15829","1":"product","2":"type-product","3":"status-publish","4":"has-post-thumbnail","6":"product_cat-linde","7":"product_cat-diger-yedek-parcalar","8":"product_cat-yedek-parca-linde","10":"first","11":"instock","12":"taxable","13":"shipping-taxable","14":"purchasable","15":"product-type-simple"},"_links":{"self":[{"href":"https:\/\/ceoparts.com\/tr\/wp-json\/wp\/v2\/product\/15829","targetHints":{"allow":["GET"]}}],"collection":[{"href":"https:\/\/ceoparts.com\/tr\/wp-json\/wp\/v2\/product"}],"about":[{"href":"https:\/\/ceoparts.com\/tr\/wp-json\/wp\/v2\/types\/product"}],"wp:featuredmedia":[{"embeddable":true,"href":"https:\/\/ceoparts.com\/tr\/wp-json\/wp\/v2\/media\/15834"}],"wp:attachment":[{"href":"https:\/\/ceoparts.com\/tr\/wp-json\/wp\/v2\/media?parent=15829"}],"wp:term":[{"taxonomy":"product_brand","embeddable":true,"href":"https:\/\/ceoparts.com\/tr\/wp-json\/wp\/v2\/product_brand?post=15829"},{"taxonomy":"product_cat","embeddable":true,"href":"https:\/\/ceoparts.com\/tr\/wp-json\/wp\/v2\/product_cat?post=15829"},{"taxonomy":"product_tag","embeddable":true,"href":"https:\/\/ceoparts.com\/tr\/wp-json\/wp\/v2\/product_tag?post=15829"}],"curies":[{"name":"wp","href":"https:\/\/api.w.org\/{rel}","templated":true}]}}