{"id":15835,"date":"2025-03-04T15:23:56","date_gmt":"2025-03-04T12:23:56","guid":{"rendered":"https:\/\/ceoparts.com\/?post_type=product&#038;p=15835"},"modified":"2026-05-16T15:01:43","modified_gmt":"2026-05-16T12:01:43","slug":"linde-dingil-takozu-0009640129","status":"publish","type":"product","link":"https:\/\/ceoparts.com\/tr\/urun\/linde-dingil-takozu-0009640129\/","title":{"rendered":"Linde Dingil Takozu &#8211; 0009640129"},"content":{"rendered":"<p>Linde Dingil Takozu &#8211; 0009640129<\/p>\n<p>Linde<\/p>\n<ul>\n<li>Seria:\u00a0335-03\u00a0Typ:\u00a0E16\/20-03<\/li>\n<li>Seria:\u00a0335-02\u00a0Typ:\u00a0E16\/20-02<\/li>\n<li>Seria:\u00a0350-01\/02\u00a0Typ:\u00a0H12\/16\/18<\/li>\n<li>Seria:\u00a0350-03\u00a0Typ:\u00a0H12\/16\/18\/20 &#8211; 03<\/li>\n<li>Seria:\u00a0391-01\u00a0Typ:\u00a0H14\/16\/18\/20<\/li>\n<\/ul>","protected":false},"excerpt":{"rendered":"<p data-start=\"0\" data-end=\"235\"><br data-start=\"5\" data-end=\"8\" \/><strong data-start=\"8\" data-end=\"31\">Linde dingil takozu<\/strong>, forkliftlerin dingil ba\u011flant\u0131lar\u0131nda kullan\u0131lan kritik bir par\u00e7ad\u0131r. <strong data-start=\"102\" data-end=\"125\">Sa\u011flam ve dayan\u0131kl\u0131<\/strong> yap\u0131s\u0131 sayesinde forkliftin stabilitesini ve performans\u0131n\u0131 art\u0131r\u0131r. Uzun \u00f6m\u00fcrl\u00fc kullan\u0131m i\u00e7in tasarlanm\u0131\u015ft\u0131r.<\/p>\n<p data-start=\"237\" data-end=\"438\"><strong data-start=\"237\" data-end=\"252\">\u00d6zellikler:<\/strong><br data-start=\"252\" data-end=\"255\" \/><strong data-start=\"255\" data-end=\"270\">Par\u00e7a Kodu:<\/strong> 0009640129<br data-start=\"281\" data-end=\"284\" \/><strong data-start=\"284\" data-end=\"297\">Kullan\u0131m:<\/strong> Forklift dingil ba\u011flant\u0131s\u0131<br data-start=\"324\" data-end=\"327\" \/><strong data-start=\"327\" data-end=\"344\">Dayan\u0131kl\u0131l\u0131k:<\/strong> <strong data-start=\"345\" data-end=\"367\">Y\u00fcksek mukavemetli<\/strong> ve uzun \u00f6m\u00fcrl\u00fc<br data-start=\"382\" data-end=\"385\" \/><strong data-start=\"385\" data-end=\"399\">Fonksiyon:<\/strong> Dingilin sa\u011flam \u015fekilde sabitlenmesi<\/p>\n<p data-start=\"440\" data-end=\"641\">\n","protected":false},"featured_media":15836,"template":"","meta":[],"product_brand":[],"product_cat":[246,470,523],"product_tag":[],"class_list":{"0":"post-15835","1":"product","2":"type-product","3":"status-publish","4":"has-post-thumbnail","6":"product_cat-linde","7":"product_cat-diger-yedek-parcalar","8":"product_cat-yedek-parca-linde","10":"first","11":"instock","12":"taxable","13":"shipping-taxable","14":"purchasable","15":"product-type-simple"},"_links":{"self":[{"href":"https:\/\/ceoparts.com\/tr\/wp-json\/wp\/v2\/product\/15835","targetHints":{"allow":["GET"]}}],"collection":[{"href":"https:\/\/ceoparts.com\/tr\/wp-json\/wp\/v2\/product"}],"about":[{"href":"https:\/\/ceoparts.com\/tr\/wp-json\/wp\/v2\/types\/product"}],"wp:featuredmedia":[{"embeddable":true,"href":"https:\/\/ceoparts.com\/tr\/wp-json\/wp\/v2\/media\/15836"}],"wp:attachment":[{"href":"https:\/\/ceoparts.com\/tr\/wp-json\/wp\/v2\/media?parent=15835"}],"wp:term":[{"taxonomy":"product_brand","embeddable":true,"href":"https:\/\/ceoparts.com\/tr\/wp-json\/wp\/v2\/product_brand?post=15835"},{"taxonomy":"product_cat","embeddable":true,"href":"https:\/\/ceoparts.com\/tr\/wp-json\/wp\/v2\/product_cat?post=15835"},{"taxonomy":"product_tag","embeddable":true,"href":"https:\/\/ceoparts.com\/tr\/wp-json\/wp\/v2\/product_tag?post=15835"}],"curies":[{"name":"wp","href":"https:\/\/api.w.org\/{rel}","templated":true}]}}