{"id":15840,"date":"2025-03-04T15:31:17","date_gmt":"2025-03-04T12:31:17","guid":{"rendered":"https:\/\/ceoparts.com\/?post_type=product&#038;p=15840"},"modified":"2026-05-16T17:28:20","modified_gmt":"2026-05-16T14:28:20","slug":"linde-amortisor-0009655685","status":"publish","type":"product","link":"https:\/\/ceoparts.com\/tr\/urun\/linde-amortisor-0009655685\/","title":{"rendered":"Linde Amortis\u00f6r &#8211; 0009655685"},"content":{"rendered":"<p>Linde Amortis\u00f6r &#8211; 0009655685<\/p>","protected":false},"excerpt":{"rendered":"<p data-start=\"109\" data-end=\"338\"><br data-start=\"114\" data-end=\"117\" \/><strong data-start=\"117\" data-end=\"136\">Linde amortis\u00f6r<\/strong>, forkliftlerde s\u00fcr\u00fc\u015f konforunu ve ekipman\u0131n dengesini sa\u011flamak i\u00e7in geli\u015ftirilmi\u015ftir. <strong data-start=\"223\" data-end=\"242\">Y\u00fcksek kaliteli<\/strong> malzeme yap\u0131s\u0131 sayesinde uzun s\u00fcreli kullan\u0131m sunar ve titre\u015fimleri <strong data-start=\"311\" data-end=\"321\">etkili<\/strong> \u015fekilde azalt\u0131r.<\/p>\n<p data-start=\"340\" data-end=\"527\"><strong data-start=\"340\" data-end=\"355\">\u00d6zellikler:<\/strong><br data-start=\"355\" data-end=\"358\" \/><strong data-start=\"358\" data-end=\"367\">\u00d6l\u00e7\u00fc:<\/strong> 0009655685<br data-start=\"378\" data-end=\"381\" \/><strong data-start=\"381\" data-end=\"394\">Kullan\u0131m:<\/strong> Forklift amortis\u00f6r sistemi<br data-start=\"421\" data-end=\"424\" \/><strong data-start=\"424\" data-end=\"438\">Fonksiyon:<\/strong> Titre\u015fim s\u00f6n\u00fcmleme ve denge art\u0131rma<br data-start=\"474\" data-end=\"477\" \/><strong data-start=\"477\" data-end=\"494\">Dayan\u0131kl\u0131l\u0131k:<\/strong> <strong data-start=\"495\" data-end=\"510\">Uzun \u00f6m\u00fcrl\u00fc<\/strong> ve sa\u011flam yap\u0131<\/p>\n<p>386-25 E14-20<br \/>\n386 E12\/14\/15\/16\/18\/20<\/p>\n","protected":false},"featured_media":15841,"template":"","meta":[],"product_brand":[],"product_cat":[246,497,523],"product_tag":[],"class_list":{"0":"post-15840","1":"product","2":"type-product","3":"status-publish","4":"has-post-thumbnail","6":"product_cat-linde","7":"product_cat-amortisor-grubu","8":"product_cat-yedek-parca-linde","10":"first","11":"instock","12":"taxable","13":"shipping-taxable","14":"purchasable","15":"product-type-simple"},"_links":{"self":[{"href":"https:\/\/ceoparts.com\/tr\/wp-json\/wp\/v2\/product\/15840","targetHints":{"allow":["GET"]}}],"collection":[{"href":"https:\/\/ceoparts.com\/tr\/wp-json\/wp\/v2\/product"}],"about":[{"href":"https:\/\/ceoparts.com\/tr\/wp-json\/wp\/v2\/types\/product"}],"wp:featuredmedia":[{"embeddable":true,"href":"https:\/\/ceoparts.com\/tr\/wp-json\/wp\/v2\/media\/15841"}],"wp:attachment":[{"href":"https:\/\/ceoparts.com\/tr\/wp-json\/wp\/v2\/media?parent=15840"}],"wp:term":[{"taxonomy":"product_brand","embeddable":true,"href":"https:\/\/ceoparts.com\/tr\/wp-json\/wp\/v2\/product_brand?post=15840"},{"taxonomy":"product_cat","embeddable":true,"href":"https:\/\/ceoparts.com\/tr\/wp-json\/wp\/v2\/product_cat?post=15840"},{"taxonomy":"product_tag","embeddable":true,"href":"https:\/\/ceoparts.com\/tr\/wp-json\/wp\/v2\/product_tag?post=15840"}],"curies":[{"name":"wp","href":"https:\/\/api.w.org\/{rel}","templated":true}]}}