{"id":15845,"date":"2025-03-04T15:44:57","date_gmt":"2025-03-04T12:44:57","guid":{"rendered":"https:\/\/ceoparts.com\/?post_type=product&#038;p=15845"},"modified":"2026-05-16T17:33:48","modified_gmt":"2026-05-16T14:33:48","slug":"linde-asansor-hortum-makarasi-0009203301","status":"publish","type":"product","link":"https:\/\/ceoparts.com\/tr\/urun\/linde-asansor-hortum-makarasi-0009203301\/","title":{"rendered":"Linde Asans\u00f6r Hortum Makaras\u0131 &#8211; 0009203301"},"content":{"rendered":"<p>Linde Asans\u00f6r Hortum Makaras\u0131 &#8211; 0009203301<\/p>","protected":false},"excerpt":{"rendered":"<p data-start=\"78\" data-end=\"297\"><br data-start=\"83\" data-end=\"86\" \/><strong data-start=\"86\" data-end=\"119\">Linde asans\u00f6r hortum makaras\u0131<\/strong>, forkliftlerde hidrolik hortumlar\u0131n d\u00fczenli ve g\u00fcvenli \u015fekilde \u00e7al\u0131\u015fmas\u0131n\u0131 sa\u011flar. <strong data-start=\"203\" data-end=\"216\">Dayan\u0131kl\u0131<\/strong> ve <strong data-start=\"220\" data-end=\"235\">uzun \u00f6m\u00fcrl\u00fc<\/strong> yap\u0131s\u0131 sayesinde hortumlar\u0131n a\u015f\u0131nmas\u0131n\u0131 ve kar\u0131\u015fmas\u0131n\u0131 \u00f6nler.<\/p>\n<p data-start=\"299\" data-end=\"487\"><strong data-start=\"299\" data-end=\"314\">\u00d6zellikler:<\/strong><br data-start=\"314\" data-end=\"317\" \/><strong data-start=\"317\" data-end=\"326\">\u00d6l\u00e7\u00fc:<\/strong> 0009203301<br data-start=\"337\" data-end=\"340\" \/><strong data-start=\"340\" data-end=\"353\">Kullan\u0131m:<\/strong> Forklift asans\u00f6r sistemleri<br data-start=\"381\" data-end=\"384\" \/><strong data-start=\"384\" data-end=\"398\">Fonksiyon:<\/strong> Hidrolik hortum d\u00fczenleyici ve koruyucu<br data-start=\"438\" data-end=\"441\" \/><strong data-start=\"441\" data-end=\"458\">Dayan\u0131kl\u0131l\u0131k:<\/strong> Uzun \u00f6m\u00fcrl\u00fc ve sa\u011flam yap\u0131<\/p>\n<p>391-01-H14-H16-H18-H20-2011<br \/>\n0009203301<\/p>\n","protected":false},"featured_media":15849,"template":"","meta":[],"product_brand":[],"product_cat":[246,470,523],"product_tag":[],"class_list":{"0":"post-15845","1":"product","2":"type-product","3":"status-publish","4":"has-post-thumbnail","6":"product_cat-linde","7":"product_cat-diger-yedek-parcalar","8":"product_cat-yedek-parca-linde","10":"first","11":"instock","12":"taxable","13":"shipping-taxable","14":"purchasable","15":"product-type-simple"},"_links":{"self":[{"href":"https:\/\/ceoparts.com\/tr\/wp-json\/wp\/v2\/product\/15845","targetHints":{"allow":["GET"]}}],"collection":[{"href":"https:\/\/ceoparts.com\/tr\/wp-json\/wp\/v2\/product"}],"about":[{"href":"https:\/\/ceoparts.com\/tr\/wp-json\/wp\/v2\/types\/product"}],"wp:featuredmedia":[{"embeddable":true,"href":"https:\/\/ceoparts.com\/tr\/wp-json\/wp\/v2\/media\/15849"}],"wp:attachment":[{"href":"https:\/\/ceoparts.com\/tr\/wp-json\/wp\/v2\/media?parent=15845"}],"wp:term":[{"taxonomy":"product_brand","embeddable":true,"href":"https:\/\/ceoparts.com\/tr\/wp-json\/wp\/v2\/product_brand?post=15845"},{"taxonomy":"product_cat","embeddable":true,"href":"https:\/\/ceoparts.com\/tr\/wp-json\/wp\/v2\/product_cat?post=15845"},{"taxonomy":"product_tag","embeddable":true,"href":"https:\/\/ceoparts.com\/tr\/wp-json\/wp\/v2\/product_tag?post=15845"}],"curies":[{"name":"wp","href":"https:\/\/api.w.org\/{rel}","templated":true}]}}