{"id":15850,"date":"2025-03-04T15:53:44","date_gmt":"2025-03-04T12:53:44","guid":{"rendered":"https:\/\/ceoparts.com\/?post_type=product&#038;p=15850"},"modified":"2026-05-16T17:17:48","modified_gmt":"2026-05-16T14:17:48","slug":"linde-koruma-kapagi-3864324200","status":"publish","type":"product","link":"https:\/\/ceoparts.com\/tr\/urun\/linde-koruma-kapagi-3864324200\/","title":{"rendered":"Linde Koruma Kapa\u011f\u0131 &#8211; 3864324200"},"content":{"rendered":"<p>Linde Koruma Kapa\u011f\u0131 &#8211; 3864324200<\/p>","protected":false},"excerpt":{"rendered":"<p data-start=\"57\" data-end=\"258\"><br data-start=\"62\" data-end=\"65\" \/>Y\u00fcksek dayan\u0131kl\u0131l\u0131\u011fa sahip Linde koruma kapa\u011f\u0131, forklift ve i\u015f makineleri i\u00e7in \u00f6zel olarak tasarlanm\u0131\u015ft\u0131r. D\u0131\u015f etkenlere ve darbelere kar\u015f\u0131 sistemi korur, uzun \u00f6m\u00fcrl\u00fcd\u00fcr ve kolay montaj sa\u011flar.<\/p>\n<p data-start=\"260\" data-end=\"406\">\u00d6zellikler:<br data-start=\"271\" data-end=\"274\" \/>\u00d6l\u00e7\u00fc: Standart<br data-start=\"288\" data-end=\"291\" \/>Malzeme: Dayan\u0131kl\u0131 plastik<br data-start=\"317\" data-end=\"320\" \/>Kullan\u0131m: Forklift ve i\u015f makineleri<br data-start=\"355\" data-end=\"358\" \/>Dayan\u0131kl\u0131l\u0131k: Darbe ve a\u015f\u0131nmaya kar\u015f\u0131 diren\u00e7li<\/p>\n<p data-start=\"408\" data-end=\"619\">\n","protected":false},"featured_media":15851,"template":"","meta":[],"product_brand":[],"product_cat":[246,472,523],"product_tag":[],"class_list":{"0":"post-15850","1":"product","2":"type-product","3":"status-publish","4":"has-post-thumbnail","6":"product_cat-linde","7":"product_cat-kaporta-aksami","8":"product_cat-yedek-parca-linde","10":"first","11":"instock","12":"taxable","13":"shipping-taxable","14":"purchasable","15":"product-type-simple"},"_links":{"self":[{"href":"https:\/\/ceoparts.com\/tr\/wp-json\/wp\/v2\/product\/15850","targetHints":{"allow":["GET"]}}],"collection":[{"href":"https:\/\/ceoparts.com\/tr\/wp-json\/wp\/v2\/product"}],"about":[{"href":"https:\/\/ceoparts.com\/tr\/wp-json\/wp\/v2\/types\/product"}],"wp:featuredmedia":[{"embeddable":true,"href":"https:\/\/ceoparts.com\/tr\/wp-json\/wp\/v2\/media\/15851"}],"wp:attachment":[{"href":"https:\/\/ceoparts.com\/tr\/wp-json\/wp\/v2\/media?parent=15850"}],"wp:term":[{"taxonomy":"product_brand","embeddable":true,"href":"https:\/\/ceoparts.com\/tr\/wp-json\/wp\/v2\/product_brand?post=15850"},{"taxonomy":"product_cat","embeddable":true,"href":"https:\/\/ceoparts.com\/tr\/wp-json\/wp\/v2\/product_cat?post=15850"},{"taxonomy":"product_tag","embeddable":true,"href":"https:\/\/ceoparts.com\/tr\/wp-json\/wp\/v2\/product_tag?post=15850"}],"curies":[{"name":"wp","href":"https:\/\/api.w.org\/{rel}","templated":true}]}}