{"id":15855,"date":"2025-03-04T16:07:15","date_gmt":"2025-03-04T13:07:15","guid":{"rendered":"https:\/\/ceoparts.com\/?post_type=product&#038;p=15855"},"modified":"2026-05-16T16:18:31","modified_gmt":"2026-05-16T13:18:31","slug":"linde-amortisor-0009655702","status":"publish","type":"product","link":"https:\/\/ceoparts.com\/tr\/urun\/linde-amortisor-0009655702\/","title":{"rendered":"Linde Amortis\u00f6r &#8211; 0009655702"},"content":{"rendered":"<p>Linde Amortis\u00f6r &#8211; 0009655702<\/p>","protected":false},"excerpt":{"rendered":"<p data-start=\"348\" data-end=\"523\"><br data-start=\"353\" data-end=\"356\" \/>Linde amortis\u00f6r, forklift ve i\u015f makinelerinde g\u00fcvenli ve konforlu kullan\u0131m sa\u011flar. Titre\u015fimleri azalt\u0131r, ekipman\u0131n stabilitesini art\u0131r\u0131r ve uzun \u00f6m\u00fcrl\u00fc kullan\u0131m sunar.<\/p>\n<p data-start=\"525\" data-end=\"711\"><strong data-start=\"525\" data-end=\"540\">\u00d6zellikler:<\/strong><br data-start=\"540\" data-end=\"543\" \/><strong data-start=\"543\" data-end=\"552\">\u00d6l\u00e7\u00fc:<\/strong> 0009655702<br data-start=\"563\" data-end=\"566\" \/><strong data-start=\"566\" data-end=\"579\">Kullan\u0131m:<\/strong> Forklift ve i\u015f makineleri<br data-start=\"605\" data-end=\"608\" \/><strong data-start=\"608\" data-end=\"622\">Fonksiyon:<\/strong> Titre\u015fim s\u00f6n\u00fcmleme ve denge sa\u011flama<br data-start=\"658\" data-end=\"661\" \/><strong data-start=\"661\" data-end=\"678\">Dayan\u0131kl\u0131l\u0131k:<\/strong> Uzun \u00f6m\u00fcrl\u00fc ve a\u015f\u0131nmaya diren\u00e7li<\/p>\n<p data-start=\"713\" data-end=\"892\">\n","protected":false},"featured_media":15857,"template":"","meta":[],"product_brand":[],"product_cat":[246,497,523],"product_tag":[],"class_list":{"0":"post-15855","1":"product","2":"type-product","3":"status-publish","4":"has-post-thumbnail","6":"product_cat-linde","7":"product_cat-amortisor-grubu","8":"product_cat-yedek-parca-linde","10":"first","11":"instock","12":"taxable","13":"shipping-taxable","14":"purchasable","15":"product-type-simple"},"_links":{"self":[{"href":"https:\/\/ceoparts.com\/tr\/wp-json\/wp\/v2\/product\/15855","targetHints":{"allow":["GET"]}}],"collection":[{"href":"https:\/\/ceoparts.com\/tr\/wp-json\/wp\/v2\/product"}],"about":[{"href":"https:\/\/ceoparts.com\/tr\/wp-json\/wp\/v2\/types\/product"}],"wp:featuredmedia":[{"embeddable":true,"href":"https:\/\/ceoparts.com\/tr\/wp-json\/wp\/v2\/media\/15857"}],"wp:attachment":[{"href":"https:\/\/ceoparts.com\/tr\/wp-json\/wp\/v2\/media?parent=15855"}],"wp:term":[{"taxonomy":"product_brand","embeddable":true,"href":"https:\/\/ceoparts.com\/tr\/wp-json\/wp\/v2\/product_brand?post=15855"},{"taxonomy":"product_cat","embeddable":true,"href":"https:\/\/ceoparts.com\/tr\/wp-json\/wp\/v2\/product_cat?post=15855"},{"taxonomy":"product_tag","embeddable":true,"href":"https:\/\/ceoparts.com\/tr\/wp-json\/wp\/v2\/product_tag?post=15855"}],"curies":[{"name":"wp","href":"https:\/\/api.w.org\/{rel}","templated":true}]}}