{"id":15871,"date":"2025-03-05T11:19:35","date_gmt":"2025-03-05T08:19:35","guid":{"rendered":"https:\/\/ceoparts.com\/?post_type=product&#038;p=15871"},"modified":"2026-05-16T13:14:33","modified_gmt":"2026-05-16T10:14:33","slug":"230x75-80-tellure-rota-yuruyus-tekeri-0009933848-4494268-0009903807","status":"publish","type":"product","link":"https:\/\/ceoparts.com\/tr\/urun\/230x75-80-tellure-rota-yuruyus-tekeri-0009933848-4494268-0009903807\/","title":{"rendered":"230&#215;75-80 Tellure Rota Y\u00fcr\u00fcy\u00fc\u015f Tekeri &#8211; 0009933848, 4494268, 0009903807"},"content":{"rendered":"<p>230&#215;75-80 Tellure Rota Y\u00fcr\u00fcy\u00fc\u015f Tekeri &#8211; 0009933848, 4494268, 0009903807<\/p>\n<p>EGV-S 330221\/330222<br \/>\nEGV-S LB 330229\/330230<\/p>","protected":false},"excerpt":{"rendered":"<p data-start=\"189\" data-end=\"421\">Y\u00fcksek performansl\u0131 <strong data-start=\"209\" data-end=\"240\">Tellure Rota y\u00fcr\u00fcy\u00fc\u015f tekeri<\/strong>, forklift ve end\u00fcstriyel ekipmanlarda sorunsuz ve dengeli hareket sa\u011flamak i\u00e7in tasarlanm\u0131\u015ft\u0131r. A\u015f\u0131nmaya dayan\u0131kl\u0131 malzemesi ile uzun \u00f6m\u00fcrl\u00fcd\u00fcr ve a\u011f\u0131r y\u00fck ta\u015f\u0131ma kapasitesi sunar.<\/p>\n<p data-start=\"423\" data-end=\"677\"><strong data-start=\"423\" data-end=\"438\">\u00d6zellikler:<\/strong><br data-start=\"438\" data-end=\"441\" \/>\u00d6l\u00e7\u00fc: 230\u00d775-80<br data-start=\"456\" data-end=\"459\" \/>Malzeme: Poli\u00fcretan \/ End\u00fcstriyel kau\u00e7uk<br data-start=\"499\" data-end=\"502\" \/>Kullan\u0131m: Forklift ve end\u00fcstriyel makineler<br data-start=\"545\" data-end=\"548\" \/>Y\u00fck ta\u015f\u0131ma kapasitesi: Y\u00fcksek<br data-start=\"577\" data-end=\"580\" \/>Dayan\u0131kl\u0131l\u0131k: A\u015f\u0131nma ve darbeye kar\u015f\u0131 dayan\u0131kl\u0131<br data-start=\"627\" data-end=\"630\" \/>\u00dcr\u00fcn Kodlar\u0131: 0009933848, 4494268, 0009903807<\/p>\n","protected":false},"featured_media":15874,"template":"","meta":[],"product_brand":[],"product_cat":[412,414,193],"product_tag":[],"class_list":{"0":"post-15871","1":"product","2":"type-product","3":"status-publish","4":"has-post-thumbnail","6":"product_cat-tellure-rota","7":"product_cat-yuruyus-tekeri-rota","8":"product_cat-yuruyus-tekeri","10":"first","11":"instock","12":"taxable","13":"shipping-taxable","14":"purchasable","15":"product-type-simple"},"_links":{"self":[{"href":"https:\/\/ceoparts.com\/tr\/wp-json\/wp\/v2\/product\/15871","targetHints":{"allow":["GET"]}}],"collection":[{"href":"https:\/\/ceoparts.com\/tr\/wp-json\/wp\/v2\/product"}],"about":[{"href":"https:\/\/ceoparts.com\/tr\/wp-json\/wp\/v2\/types\/product"}],"wp:featuredmedia":[{"embeddable":true,"href":"https:\/\/ceoparts.com\/tr\/wp-json\/wp\/v2\/media\/15874"}],"wp:attachment":[{"href":"https:\/\/ceoparts.com\/tr\/wp-json\/wp\/v2\/media?parent=15871"}],"wp:term":[{"taxonomy":"product_brand","embeddable":true,"href":"https:\/\/ceoparts.com\/tr\/wp-json\/wp\/v2\/product_brand?post=15871"},{"taxonomy":"product_cat","embeddable":true,"href":"https:\/\/ceoparts.com\/tr\/wp-json\/wp\/v2\/product_cat?post=15871"},{"taxonomy":"product_tag","embeddable":true,"href":"https:\/\/ceoparts.com\/tr\/wp-json\/wp\/v2\/product_tag?post=15871"}],"curies":[{"name":"wp","href":"https:\/\/api.w.org\/{rel}","templated":true}]}}