{"id":15872,"date":"2025-03-05T12:00:29","date_gmt":"2025-03-05T09:00:29","guid":{"rendered":"https:\/\/ceoparts.com\/?post_type=product&#038;p=15872"},"modified":"2026-05-16T17:56:53","modified_gmt":"2026-05-16T14:56:53","slug":"285x100-40-stellana-yuk-tekeri-51115430-51160625","status":"publish","type":"product","link":"https:\/\/ceoparts.com\/tr\/urun\/285x100-40-stellana-yuk-tekeri-51115430-51160625\/","title":{"rendered":"285&#215;100-40 Stellana Vulkollan Y\u00fck Tekeri &#8211; 51115430, 51160625"},"content":{"rendered":"<p>285&#215;100-40 Stellana Vulkollan Y\u00fck Tekeri &#8211; 51115430, 51160625<\/p>\n<table border=\"0\" width=\"231\" cellspacing=\"0\" cellpadding=\"0\">\n<colgroup><\/colgroup>\n<colgroup>\n<col width=\"167\" \/>\n<col width=\"64\" \/><\/colgroup>\n<tbody>\n<tr>\n<td width=\"167\" height=\"20\"><span style=\"font-family: tim;\">ETM\/V 214\/216<\/span><\/td>\n<td width=\"64\"><span style=\"font-family: tim;\">9.11 &#8211;\u00a0<\/span><\/td>\n<\/tr>\n<tr>\n<td height=\"20\"><span style=\"font-family: tim;\">ETM\/V 214\/216 (US)<\/span><\/td>\n<td><span style=\"font-family: tim;\">9.11 &#8211;\u00a0<\/span><\/td>\n<\/tr>\n<tr>\n<td height=\"20\"><span style=\"font-family: tim;\">ETM\/V 214\/216 Cab<\/span><\/td>\n<td><span style=\"font-family: tim;\">9.11 &#8211;\u00a0<\/span><\/td>\n<\/tr>\n<tr>\n<td height=\"20\"><span style=\"font-family: tim;\">ETM\/V 214\/216 (CN)<\/span><\/td>\n<td><span style=\"font-family: tim;\">12.11<\/span><\/td>\n<\/tr>\n<\/tbody>\n<\/table>","protected":false},"excerpt":{"rendered":"<p data-start=\"145\" data-end=\"422\">Y\u00fcksek dayan\u0131kl\u0131l\u0131\u011fa sahip Stellana Vulkollan y\u00fck tekeri, forklift ve a\u011f\u0131r i\u015f makineleri i\u00e7in tasarlanm\u0131\u015ft\u0131r. Vulkollan malzemeden \u00fcretilmi\u015f olup, uzun \u00f6m\u00fcr ve \u00fcst\u00fcn performans sunar. Titre\u015fimleri azaltarak operat\u00f6r konforunu art\u0131r\u0131r ve y\u00fcksek y\u00fck ta\u015f\u0131ma kapasitesine sahiptir.<\/p>\n<p data-start=\"424\" data-end=\"605\"><strong data-start=\"424\" data-end=\"439\">\u00d6zellikler:<\/strong><br data-start=\"439\" data-end=\"442\" \/>\u00d6l\u00e7\u00fc: 285\u00d7100-40<br data-start=\"458\" data-end=\"461\" \/>Malzeme: Vulkollan<br data-start=\"479\" data-end=\"482\" \/>Kullan\u0131m: Forklift ve a\u011f\u0131r i\u015f makineleri<br data-start=\"522\" data-end=\"525\" \/>Y\u00fck ta\u015f\u0131ma kapasitesi: Y\u00fcksek<br data-start=\"554\" data-end=\"557\" \/>Dayan\u0131kl\u0131l\u0131k: Uzun \u00f6m\u00fcrl\u00fc ve a\u015f\u0131nmaya diren\u00e7li<\/p>\n","protected":false},"featured_media":15884,"template":"","meta":[],"product_brand":[],"product_cat":[419,416,194],"product_tag":[],"class_list":{"0":"post-15872","1":"product","2":"type-product","3":"status-publish","4":"has-post-thumbnail","6":"product_cat-yuk-tekeri-stellana","7":"product_cat-stellana","8":"product_cat-yuk-tekeri","10":"first","11":"instock","12":"taxable","13":"shipping-taxable","14":"purchasable","15":"product-type-simple"},"_links":{"self":[{"href":"https:\/\/ceoparts.com\/tr\/wp-json\/wp\/v2\/product\/15872","targetHints":{"allow":["GET"]}}],"collection":[{"href":"https:\/\/ceoparts.com\/tr\/wp-json\/wp\/v2\/product"}],"about":[{"href":"https:\/\/ceoparts.com\/tr\/wp-json\/wp\/v2\/types\/product"}],"wp:featuredmedia":[{"embeddable":true,"href":"https:\/\/ceoparts.com\/tr\/wp-json\/wp\/v2\/media\/15884"}],"wp:attachment":[{"href":"https:\/\/ceoparts.com\/tr\/wp-json\/wp\/v2\/media?parent=15872"}],"wp:term":[{"taxonomy":"product_brand","embeddable":true,"href":"https:\/\/ceoparts.com\/tr\/wp-json\/wp\/v2\/product_brand?post=15872"},{"taxonomy":"product_cat","embeddable":true,"href":"https:\/\/ceoparts.com\/tr\/wp-json\/wp\/v2\/product_cat?post=15872"},{"taxonomy":"product_tag","embeddable":true,"href":"https:\/\/ceoparts.com\/tr\/wp-json\/wp\/v2\/product_tag?post=15872"}],"curies":[{"name":"wp","href":"https:\/\/api.w.org\/{rel}","templated":true}]}}