{"id":15895,"date":"2025-03-14T09:16:25","date_gmt":"2025-03-14T06:16:25","guid":{"rendered":"https:\/\/ceoparts.com\/?post_type=product&#038;p=15895"},"modified":"2026-05-16T08:30:18","modified_gmt":"2026-05-16T05:30:18","slug":"hyster-wicke-denge-mekanizmasi-o125-1573924","status":"publish","type":"product","link":"https:\/\/ceoparts.com\/tr\/urun\/hyster-wicke-denge-mekanizmasi-o125-1573924\/","title":{"rendered":"Hyster Wicke Denge Mekanizmas\u0131 \u00f8125 &#8211; 1573924"},"content":{"rendered":"<p>Hyster Wicke Denge Mekanizmas\u0131 \u00f8125 &#8211; 1573924<\/p>","protected":false},"excerpt":{"rendered":"<p data-start=\"130\" data-end=\"411\">Y\u00fcksek dayan\u0131kl\u0131l\u0131\u011fa sahip Hyster Wicke denge mekanizmas\u0131, forklift ve a\u011f\u0131r i\u015f makineleri i\u00e7in \u00f6zel olarak tasarlanm\u0131\u015ft\u0131r. Vulkollan uyumlu g\u00f6vdesiyle uzun \u00f6m\u00fcr ve \u00fcst\u00fcn performans sunar. Titre\u015fimleri azaltarak operat\u00f6r konforunu art\u0131r\u0131r ve y\u00fcksek y\u00fck ta\u015f\u0131ma kapasitesine sahiptir.<\/p>\n<p data-start=\"413\" data-end=\"590\"><strong data-start=\"413\" data-end=\"428\">\u00d6zellikler:<\/strong><br data-start=\"428\" data-end=\"431\" \/>\u00d6l\u00e7\u00fc: \u00f8125<br data-start=\"441\" data-end=\"444\" \/>Malzeme: \u00c7elik g\u00f6vde<br data-start=\"464\" data-end=\"467\" \/>Kullan\u0131m: Forklift ve a\u011f\u0131r i\u015f makineleri<br data-start=\"507\" data-end=\"510\" \/>Y\u00fck ta\u015f\u0131ma kapasitesi: Y\u00fcksek<br data-start=\"539\" data-end=\"542\" \/>Dayan\u0131kl\u0131l\u0131k: Uzun \u00f6m\u00fcrl\u00fc ve a\u015f\u0131nmaya diren\u00e7li<\/p>\n","protected":false},"featured_media":15897,"template":"","meta":[],"product_brand":[],"product_cat":[256,420,421,424],"product_tag":[],"class_list":{"0":"post-15895","1":"product","2":"type-product","3":"status-publish","4":"has-post-thumbnail","6":"product_cat-hyster","7":"product_cat-denge-mekanizmalar","8":"product_cat-hyster-denge-mekanizma","9":"product_cat-wicke-denge-mekanizma","11":"first","12":"instock","13":"taxable","14":"shipping-taxable","15":"purchasable","16":"product-type-simple"},"_links":{"self":[{"href":"https:\/\/ceoparts.com\/tr\/wp-json\/wp\/v2\/product\/15895","targetHints":{"allow":["GET"]}}],"collection":[{"href":"https:\/\/ceoparts.com\/tr\/wp-json\/wp\/v2\/product"}],"about":[{"href":"https:\/\/ceoparts.com\/tr\/wp-json\/wp\/v2\/types\/product"}],"wp:featuredmedia":[{"embeddable":true,"href":"https:\/\/ceoparts.com\/tr\/wp-json\/wp\/v2\/media\/15897"}],"wp:attachment":[{"href":"https:\/\/ceoparts.com\/tr\/wp-json\/wp\/v2\/media?parent=15895"}],"wp:term":[{"taxonomy":"product_brand","embeddable":true,"href":"https:\/\/ceoparts.com\/tr\/wp-json\/wp\/v2\/product_brand?post=15895"},{"taxonomy":"product_cat","embeddable":true,"href":"https:\/\/ceoparts.com\/tr\/wp-json\/wp\/v2\/product_cat?post=15895"},{"taxonomy":"product_tag","embeddable":true,"href":"https:\/\/ceoparts.com\/tr\/wp-json\/wp\/v2\/product_tag?post=15895"}],"curies":[{"name":"wp","href":"https:\/\/api.w.org\/{rel}","templated":true}]}}