{"id":15903,"date":"2025-03-14T09:35:55","date_gmt":"2025-03-14T06:35:55","guid":{"rendered":"https:\/\/ceoparts.com\/?post_type=product&#038;p=15903"},"modified":"2026-05-16T17:12:39","modified_gmt":"2026-05-16T14:12:39","slug":"125x50-50-25-wicke-denge-tekeri-1599507","status":"publish","type":"product","link":"https:\/\/ceoparts.com\/tr\/urun\/125x50-50-25-wicke-denge-tekeri-1599507\/","title":{"rendered":"125&#215;50\/50-25 Wicke Denge Tekeri &#8211; 1599507"},"content":{"rendered":"<p>125&#215;50\/50-25 Wicke Denge Tekeri &#8211; 1599507<\/p>","protected":false},"excerpt":{"rendered":"<p>Y\u00fcksek dayan\u0131kl\u0131l\u0131\u011fa sahip Wicke denge tekeri, forklift ve a\u011f\u0131r i\u015f makineleri i\u00e7in tasarlanm\u0131\u015ft\u0131r. Vulkollan malzemeden \u00fcretilmi\u015f olup, uzun \u00f6m\u00fcr ve \u00fcst\u00fcn performans sunar. Titre\u015fimleri azaltarak operat\u00f6r konforunu art\u0131r\u0131r ve y\u00fcksek y\u00fck ta\u015f\u0131ma kapasitesine sahiptir.<\/p>\n<p><strong>\u00d6zellikler:<\/strong><br \/>\n\u00d6l\u00e7\u00fc: 125\u00d750\/50-25<br \/>\nMalzeme: Vulkollan<br \/>\nKullan\u0131m: Forklift ve a\u011f\u0131r i\u015f makineleri<br \/>\nY\u00fck ta\u015f\u0131ma kapasitesi: Y\u00fcksek<br \/>\nDayan\u0131kl\u0131l\u0131k: Uzun \u00f6m\u00fcrl\u00fc ve a\u015f\u0131nmaya diren\u00e7li<\/p>\n","protected":false},"featured_media":15907,"template":"","meta":[],"product_brand":[],"product_cat":[403,256,258,401,185],"product_tag":[],"class_list":{"0":"post-15903","1":"product","2":"type-product","3":"status-publish","4":"has-post-thumbnail","6":"product_cat-denge-tekeri-wicke","7":"product_cat-hyster","8":"product_cat-denge-tekeri-hyster","9":"product_cat-wicke","10":"product_cat-denge-tekeri","12":"first","13":"instock","14":"taxable","15":"shipping-taxable","16":"purchasable","17":"product-type-simple"},"_links":{"self":[{"href":"https:\/\/ceoparts.com\/tr\/wp-json\/wp\/v2\/product\/15903","targetHints":{"allow":["GET"]}}],"collection":[{"href":"https:\/\/ceoparts.com\/tr\/wp-json\/wp\/v2\/product"}],"about":[{"href":"https:\/\/ceoparts.com\/tr\/wp-json\/wp\/v2\/types\/product"}],"wp:featuredmedia":[{"embeddable":true,"href":"https:\/\/ceoparts.com\/tr\/wp-json\/wp\/v2\/media\/15907"}],"wp:attachment":[{"href":"https:\/\/ceoparts.com\/tr\/wp-json\/wp\/v2\/media?parent=15903"}],"wp:term":[{"taxonomy":"product_brand","embeddable":true,"href":"https:\/\/ceoparts.com\/tr\/wp-json\/wp\/v2\/product_brand?post=15903"},{"taxonomy":"product_cat","embeddable":true,"href":"https:\/\/ceoparts.com\/tr\/wp-json\/wp\/v2\/product_cat?post=15903"},{"taxonomy":"product_tag","embeddable":true,"href":"https:\/\/ceoparts.com\/tr\/wp-json\/wp\/v2\/product_tag?post=15903"}],"curies":[{"name":"wp","href":"https:\/\/api.w.org\/{rel}","templated":true}]}}