{"id":15913,"date":"2025-03-14T11:36:23","date_gmt":"2025-03-14T08:36:23","guid":{"rendered":"https:\/\/ceoparts.com\/?post_type=product&#038;p=15913"},"modified":"2026-05-16T12:09:11","modified_gmt":"2026-05-16T09:09:11","slug":"hyster-wicke-denge-mekanizmasi-tekerleksiz-o125-543323","status":"publish","type":"product","link":"https:\/\/ceoparts.com\/tr\/urun\/hyster-wicke-denge-mekanizmasi-tekerleksiz-o125-543323\/","title":{"rendered":"Hyster Wicke Denge Mekanizmas\u0131 (Tekerleksiz) \u00f8125\u00a0\u2013\u00a0543323"},"content":{"rendered":"<p>Hyster Wicke Denge Mekanizmas\u0131 (Tekerleksiz) \u00f8125\u00a0\u2013\u00a0543323<\/p>","protected":false},"excerpt":{"rendered":"<p data-start=\"155\" data-end=\"424\">Y\u00fcksek dayan\u0131kl\u0131l\u0131\u011fa sahip Hyster Wicke denge mekanizmas\u0131, forklift ve a\u011f\u0131r i\u015f makineleri i\u00e7in tasarlanm\u0131\u015ft\u0131r. Tekerleksiz g\u00f6vde yap\u0131s\u0131yla uzun \u00f6m\u00fcr ve \u00fcst\u00fcn performans sunar. Titre\u015fimleri azaltarak operat\u00f6r konforunu art\u0131r\u0131r ve y\u00fcksek y\u00fck ta\u015f\u0131ma kapasitesine sahiptir.<\/p>\n<p data-start=\"426\" data-end=\"603\"><strong data-start=\"426\" data-end=\"441\">\u00d6zellikler:<\/strong><br data-start=\"441\" data-end=\"444\" \/>\u00d6l\u00e7\u00fc: \u00f8125<br data-start=\"454\" data-end=\"457\" \/>Malzeme: \u00c7elik g\u00f6vde<br data-start=\"477\" data-end=\"480\" \/>Kullan\u0131m: Forklift ve a\u011f\u0131r i\u015f makineleri<br data-start=\"520\" data-end=\"523\" \/>Y\u00fck ta\u015f\u0131ma kapasitesi: Y\u00fcksek<br data-start=\"552\" data-end=\"555\" \/>Dayan\u0131kl\u0131l\u0131k: Uzun \u00f6m\u00fcrl\u00fc ve a\u015f\u0131nmaya diren\u00e7li<\/p>\n","protected":false},"featured_media":15919,"template":"","meta":[],"product_brand":[],"product_cat":[256,401,420,421,532],"product_tag":[],"class_list":{"0":"post-15913","1":"product","2":"type-product","3":"status-publish","4":"has-post-thumbnail","6":"product_cat-hyster","7":"product_cat-wicke","8":"product_cat-denge-mekanizmalar","9":"product_cat-hyster-denge-mekanizma","10":"product_cat-mekanizmalar-wicke","12":"first","13":"instock","14":"taxable","15":"shipping-taxable","16":"purchasable","17":"product-type-simple"},"_links":{"self":[{"href":"https:\/\/ceoparts.com\/tr\/wp-json\/wp\/v2\/product\/15913","targetHints":{"allow":["GET"]}}],"collection":[{"href":"https:\/\/ceoparts.com\/tr\/wp-json\/wp\/v2\/product"}],"about":[{"href":"https:\/\/ceoparts.com\/tr\/wp-json\/wp\/v2\/types\/product"}],"wp:featuredmedia":[{"embeddable":true,"href":"https:\/\/ceoparts.com\/tr\/wp-json\/wp\/v2\/media\/15919"}],"wp:attachment":[{"href":"https:\/\/ceoparts.com\/tr\/wp-json\/wp\/v2\/media?parent=15913"}],"wp:term":[{"taxonomy":"product_brand","embeddable":true,"href":"https:\/\/ceoparts.com\/tr\/wp-json\/wp\/v2\/product_brand?post=15913"},{"taxonomy":"product_cat","embeddable":true,"href":"https:\/\/ceoparts.com\/tr\/wp-json\/wp\/v2\/product_cat?post=15913"},{"taxonomy":"product_tag","embeddable":true,"href":"https:\/\/ceoparts.com\/tr\/wp-json\/wp\/v2\/product_tag?post=15913"}],"curies":[{"name":"wp","href":"https:\/\/api.w.org\/{rel}","templated":true}]}}