{"id":16040,"date":"2025-03-17T14:36:46","date_gmt":"2025-03-17T11:36:46","guid":{"rendered":"https:\/\/ceoparts.com\/?post_type=product&#038;p=16040"},"modified":"2026-05-16T20:33:49","modified_gmt":"2026-05-16T17:33:49","slug":"125x54-60-20-blickle-denge-tekeri-7563324","status":"publish","type":"product","link":"https:\/\/ceoparts.com\/tr\/urun\/125x54-60-20-blickle-denge-tekeri-7563324\/","title":{"rendered":"125&#215;54\/60-20 Blickle Denge Tekeri &#8211; 7563324"},"content":{"rendered":"<p>125&#215;54\/60-20 Blickle Denge Tekeri &#8211; 7563324<\/p>\n<div class=\"font12\">ERE 120 \/ 9.05 &#8211; 10.07<br \/>\nERE 120 \/ 6.08 &#8211;<\/div>\n<div class=\"font12\">ECE 118 \/ 12.06 &#8211; 3.10<\/div>\n<div class=\"font12\">ERD K18 \/ 10.09 &#8211;<\/div>\n<div class=\"font12\">EJE C20 \/ 7.03 &#8211;<br \/>\nEJE 116\/118\/120 \/ 9.03 &#8211; 10.07<\/div>\n<div class=\"font12\"><\/div>\n<div class=\"font12\">BT \/ Toyota<\/div>\n<div class=\"font12\">\n<div class=\"font12\"><span style=\"color: #231f20; font-family: tim;\">LPE 200<\/span><\/div>\n<div class=\"font12\"><span style=\"color: #231f20; font-family: tim;\">LPE 220<\/span><\/div>\n<div class=\"font12\"><span style=\"color: #231f20; font-family: tim;\">LPE 250<\/span><\/div>\n<\/div>","protected":false},"excerpt":{"rendered":"<p data-start=\"74\" data-end=\"342\">Y\u00fcksek dayan\u0131kl\u0131l\u0131\u011fa sahip Blickle Denge Tekeri, forklift ve a\u011f\u0131r i\u015f makineleri i\u00e7in tasarlanm\u0131\u015ft\u0131r. Vulkollan malzemeden \u00fcretilmi\u015f olup, uzun \u00f6m\u00fcr ve \u00fcst\u00fcn performans sunar. Titre\u015fimleri azaltarak operat\u00f6r konforunu art\u0131r\u0131r ve y\u00fcksek y\u00fck ta\u015f\u0131ma kapasitesine sahiptir.<\/p>\n<p data-start=\"344\" data-end=\"527\"><strong data-start=\"344\" data-end=\"359\">\u00d6zellikler:<\/strong><br data-start=\"359\" data-end=\"362\" \/>\u00d6l\u00e7\u00fc: 125\u00d754\/60-20<br data-start=\"380\" data-end=\"383\" \/>Malzeme: Vulkollan<br data-start=\"401\" data-end=\"404\" \/>Kullan\u0131m: Forklift ve istif makinesi<br data-start=\"444\" data-end=\"447\" \/>Y\u00fck ta\u015f\u0131ma kapasitesi: Y\u00fcksek<br data-start=\"476\" data-end=\"479\" \/>Dayan\u0131kl\u0131l\u0131k: Uzun \u00f6m\u00fcrl\u00fc ve a\u015f\u0131nmaya diren\u00e7li<\/p>\n","protected":false},"featured_media":16044,"template":"","meta":[],"product_brand":[],"product_cat":[501,521,527,251,252,499,185],"product_tag":[],"class_list":{"0":"post-16040","1":"product","2":"type-product","3":"status-publish","4":"has-post-thumbnail","6":"product_cat-denge-tekeri-blickle","7":"product_cat-toyota","8":"product_cat-denge-tekeri-toyota","9":"product_cat-bt","10":"product_cat-denge-tekeri-bt","11":"product_cat-blickle","12":"product_cat-denge-tekeri","14":"first","15":"instock","16":"taxable","17":"shipping-taxable","18":"purchasable","19":"product-type-simple"},"_links":{"self":[{"href":"https:\/\/ceoparts.com\/tr\/wp-json\/wp\/v2\/product\/16040","targetHints":{"allow":["GET"]}}],"collection":[{"href":"https:\/\/ceoparts.com\/tr\/wp-json\/wp\/v2\/product"}],"about":[{"href":"https:\/\/ceoparts.com\/tr\/wp-json\/wp\/v2\/types\/product"}],"wp:featuredmedia":[{"embeddable":true,"href":"https:\/\/ceoparts.com\/tr\/wp-json\/wp\/v2\/media\/16044"}],"wp:attachment":[{"href":"https:\/\/ceoparts.com\/tr\/wp-json\/wp\/v2\/media?parent=16040"}],"wp:term":[{"taxonomy":"product_brand","embeddable":true,"href":"https:\/\/ceoparts.com\/tr\/wp-json\/wp\/v2\/product_brand?post=16040"},{"taxonomy":"product_cat","embeddable":true,"href":"https:\/\/ceoparts.com\/tr\/wp-json\/wp\/v2\/product_cat?post=16040"},{"taxonomy":"product_tag","embeddable":true,"href":"https:\/\/ceoparts.com\/tr\/wp-json\/wp\/v2\/product_tag?post=16040"}],"curies":[{"name":"wp","href":"https:\/\/api.w.org\/{rel}","templated":true}]}}