{"id":16052,"date":"2025-03-17T16:36:14","date_gmt":"2025-03-17T13:36:14","guid":{"rendered":"https:\/\/ceoparts.com\/?post_type=product&#038;p=16052"},"modified":"2026-05-16T08:30:43","modified_gmt":"2026-05-16T05:30:43","slug":"150x50-65-12-stellana-denge-tekeri-0039903515","status":"publish","type":"product","link":"https:\/\/ceoparts.com\/tr\/urun\/150x50-65-12-stellana-denge-tekeri-0039903515\/","title":{"rendered":"150&#215;50\/65-12 Stellana Denge Tekeri &#8211; 0039903515"},"content":{"rendered":"<p>150&#215;50\/65-12 Stellana Denge Tekeri &#8211; 0039903515<\/p>\n<p>372\u00a0L14\/16<br \/>\n372 L14\/16\/L14AP\/16AP<br \/>\n379\u00a0L10\/12-L10\/12AS<\/p>","protected":false},"excerpt":{"rendered":"<p data-start=\"67\" data-end=\"350\">Y\u00fcksek dayan\u0131kl\u0131l\u0131\u011fa sahip Stellana Denge Tekeri, forklift ve a\u011f\u0131r i\u015f makineleri i\u00e7in tasarlanm\u0131\u015ft\u0131r. Vulkollan malzemeden \u00fcretilmi\u015f olup, uzun \u00f6m\u00fcr ve \u00fcst\u00fcn performans sunar. Titre\u015fimleri azaltarak operat\u00f6r konforunu art\u0131r\u0131r ve y\u00fcksek y\u00fck ta\u015f\u0131ma kapasitesine sahiptir.<\/p>\n<p data-start=\"352\" data-end=\"533\"><strong data-start=\"352\" data-end=\"367\">\u00d6zellikler:<\/strong><br data-start=\"367\" data-end=\"370\" \/>\u00d6l\u00e7\u00fc: 150\u00d750\/65-12<br data-start=\"388\" data-end=\"391\" \/>Malzeme: Vulkollan<br data-start=\"409\" data-end=\"412\" \/>Kullan\u0131m: Forklift ve istifleme makinesi<br data-start=\"452\" data-end=\"455\" \/>Y\u00fck ta\u015f\u0131ma kapasitesi: Y\u00fcksek<br data-start=\"484\" data-end=\"487\" \/>Dayan\u0131kl\u0131l\u0131k: Uzun \u00f6m\u00fcrl\u00fc ve a\u015f\u0131nmaya diren\u00e7li<\/p>\n","protected":false},"featured_media":17615,"template":"","meta":[],"product_brand":[],"product_cat":[416,417,185],"product_tag":[],"class_list":{"0":"post-16052","1":"product","2":"type-product","3":"status-publish","4":"has-post-thumbnail","6":"product_cat-stellana","7":"product_cat-denge-tekeri-stellana","8":"product_cat-denge-tekeri","10":"first","11":"instock","12":"taxable","13":"shipping-taxable","14":"purchasable","15":"product-type-simple"},"_links":{"self":[{"href":"https:\/\/ceoparts.com\/tr\/wp-json\/wp\/v2\/product\/16052","targetHints":{"allow":["GET"]}}],"collection":[{"href":"https:\/\/ceoparts.com\/tr\/wp-json\/wp\/v2\/product"}],"about":[{"href":"https:\/\/ceoparts.com\/tr\/wp-json\/wp\/v2\/types\/product"}],"wp:featuredmedia":[{"embeddable":true,"href":"https:\/\/ceoparts.com\/tr\/wp-json\/wp\/v2\/media\/17615"}],"wp:attachment":[{"href":"https:\/\/ceoparts.com\/tr\/wp-json\/wp\/v2\/media?parent=16052"}],"wp:term":[{"taxonomy":"product_brand","embeddable":true,"href":"https:\/\/ceoparts.com\/tr\/wp-json\/wp\/v2\/product_brand?post=16052"},{"taxonomy":"product_cat","embeddable":true,"href":"https:\/\/ceoparts.com\/tr\/wp-json\/wp\/v2\/product_cat?post=16052"},{"taxonomy":"product_tag","embeddable":true,"href":"https:\/\/ceoparts.com\/tr\/wp-json\/wp\/v2\/product_tag?post=16052"}],"curies":[{"name":"wp","href":"https:\/\/api.w.org\/{rel}","templated":true}]}}