{"id":16057,"date":"2025-03-17T17:09:40","date_gmt":"2025-03-17T14:09:40","guid":{"rendered":"https:\/\/ceoparts.com\/?post_type=product&#038;p=16057"},"modified":"2026-05-02T17:02:49","modified_gmt":"2026-05-02T14:02:49","slug":"140x60-65-20-stellana-denge-tekeri-116677","status":"publish","type":"product","link":"https:\/\/ceoparts.com\/tr\/urun\/140x60-65-20-stellana-denge-tekeri-116677\/","title":{"rendered":"140&#215;60\/75-20 Stellana Atlet Denge Tekeri &#8211; 116677"},"content":{"rendered":"<p>140&#215;60\/75-20 Stellana Atlet Denge Tekeri &#8211; 116677<\/p>\n<p>Atlet PLL<br \/>\nAtlet PSH<br \/>\nAtlet CLL T-200<br \/>\nAtlet PLE<br \/>\nAtlet PSD<br \/>\nAtlet PSL<br \/>\nAtlet LEC,CS,CSH<br \/>\nLafis leh<\/p>","protected":false},"excerpt":{"rendered":"<p data-start=\"139\" data-end=\"470\">Y\u00fcksek dayan\u0131kl\u0131l\u0131\u011fa sahip Stellana Atlet denge tekeri, forklift ve a\u011f\u0131r i\u015f makineleri i\u00e7in tasarlanm\u0131\u015ft\u0131r. Vulkollan malzemeden \u00fcretilmi\u015f olup, uzun \u00f6m\u00fcr ve \u00fcst\u00fcn performans sunar. Titre\u015fimleri azaltarak operat\u00f6r konforunu art\u0131r\u0131r ve y\u00fcksek y\u00fck ta\u015f\u0131ma kapasitesine sahiptir.<\/p>\n<p data-start=\"472\" data-end=\"489\"><strong data-start=\"472\" data-end=\"487\">\u00d6zellikler:<\/strong><\/p>\n<ul data-start=\"490\" data-end=\"665\">\n<li data-start=\"490\" data-end=\"512\">\n<p data-start=\"492\" data-end=\"512\">\u00d6l\u00e7\u00fc: 140\u00d760\/75-20<\/p>\n<\/li>\n<li data-start=\"513\" data-end=\"535\">\n<p data-start=\"515\" data-end=\"535\">Malzeme: Vulkollan<\/p>\n<\/li>\n<li data-start=\"536\" data-end=\"580\">\n<p data-start=\"538\" data-end=\"580\">Kullan\u0131m: Forklift ve istifleme makineleri<\/p>\n<\/li>\n<li data-start=\"581\" data-end=\"614\">\n<p data-start=\"583\" data-end=\"614\">Y\u00fck ta\u015f\u0131ma kapasitesi: Y\u00fcksek<\/p>\n<\/li>\n<li data-start=\"615\" data-end=\"665\">\n<p data-start=\"617\" data-end=\"665\">Dayan\u0131kl\u0131l\u0131k: Uzun \u00f6m\u00fcrl\u00fc ve a\u015f\u0131nmaya diren\u00e7li<\/p>\n<\/li>\n<\/ul>\n","protected":false},"featured_media":16061,"template":"","meta":[],"product_brand":[],"product_cat":[416,417,185],"product_tag":[],"class_list":{"0":"post-16057","1":"product","2":"type-product","3":"status-publish","4":"has-post-thumbnail","6":"product_cat-stellana","7":"product_cat-denge-tekeri-stellana","8":"product_cat-denge-tekeri","10":"first","11":"instock","12":"taxable","13":"shipping-taxable","14":"purchasable","15":"product-type-simple"},"_links":{"self":[{"href":"https:\/\/ceoparts.com\/tr\/wp-json\/wp\/v2\/product\/16057","targetHints":{"allow":["GET"]}}],"collection":[{"href":"https:\/\/ceoparts.com\/tr\/wp-json\/wp\/v2\/product"}],"about":[{"href":"https:\/\/ceoparts.com\/tr\/wp-json\/wp\/v2\/types\/product"}],"wp:featuredmedia":[{"embeddable":true,"href":"https:\/\/ceoparts.com\/tr\/wp-json\/wp\/v2\/media\/16061"}],"wp:attachment":[{"href":"https:\/\/ceoparts.com\/tr\/wp-json\/wp\/v2\/media?parent=16057"}],"wp:term":[{"taxonomy":"product_brand","embeddable":true,"href":"https:\/\/ceoparts.com\/tr\/wp-json\/wp\/v2\/product_brand?post=16057"},{"taxonomy":"product_cat","embeddable":true,"href":"https:\/\/ceoparts.com\/tr\/wp-json\/wp\/v2\/product_cat?post=16057"},{"taxonomy":"product_tag","embeddable":true,"href":"https:\/\/ceoparts.com\/tr\/wp-json\/wp\/v2\/product_tag?post=16057"}],"curies":[{"name":"wp","href":"https:\/\/api.w.org\/{rel}","templated":true}]}}