{"id":16062,"date":"2025-03-17T17:54:46","date_gmt":"2025-03-17T14:54:46","guid":{"rendered":"https:\/\/ceoparts.com\/?post_type=product&#038;p=16062"},"modified":"2026-05-16T18:10:55","modified_gmt":"2026-05-16T15:10:55","slug":"180x65-70-25-radel-vogel-denge-tekeri-51367028-27637400","status":"publish","type":"product","link":"https:\/\/ceoparts.com\/tr\/urun\/180x65-70-25-radel-vogel-denge-tekeri-51367028-27637400\/","title":{"rendered":"180&#215;65\/70-25 Rader Vogel Denge Tekeri &#8211; 51367028, 27637400"},"content":{"rendered":"<p>180&#215;65\/70-25 Rader Vogel Denge Tekeri &#8211; 51367028, 27637400<\/p>\n<div class=\"font12\">ECE 20 \/ 3.93 &#8211; 8.97<\/div>\n<div class=\"font12\">ECC 10 \/ 5.94 &#8211; 3.98<br \/>\nECC 10 \/ 4.98 &#8211; 4.98<br \/>\nECC 10 AC \/ 2.03 &#8211; 3.04<br \/>\nECC SH 20 \/ 4.98 &#8211; 10.02<br \/>\nECC SH 20 AC \/ 11.02 &#8211; 3.04<\/div>\n<div class=\"font12\">ECE 20 \/ 3.93 &#8211; 8.97<br \/>\nECE 20 &#8211; TC \/ 7.99 &#8211; 3.03<br \/>\nECE 20 AC \/ 7.01 &#8211; 3.04<br \/>\nECE 20 AC XL \/ 6.02 &#8211; 3.04<br \/>\nECE 20 ASDA\/SAFEWAY \/ 3.00 &#8211; 9.02<br \/>\nECE 20 hebbare Standplattform \/ 9.97 &#8211; 12.02<br \/>\nECE 20 Serie\/Tesco -03.2000 \/ 4.98 &#8211; 2.00<br \/>\nECE 20 Tesco \/ 3.00 &#8211; 9.02<br \/>\nECE 220 HP AC \/ 4.04 &#8211; 11.07<br \/>\nECE 220 XL \/ 4.04 &#8211; 3.08<br \/>\nECE 220-ac \/ 4.04 &#8211; 4.07<br \/>\nECE 220\/225 \/ 12.06 &#8211; 7.09<br \/>\nECE 220\/225 \/ 8.09 &#8211;<br \/>\nECE 225 HP \/ 12.07 &#8211;<br \/>\nECE 225 XL \/ 12.07 &#8211; 12.08<br \/>\nECE 225 XL \/ 1.09 &#8211;<br \/>\nECE 310 \/ 4.04 &#8211; 12.07<br \/>\nECE 310 \/ 1.08 &#8211;<br \/>\nECE 320 \/ 4.04 &#8211; 12.07<br \/>\nECE 320 \/ 1.08 &#8211; 7.09<br \/>\nECE 320 \/ 8.09 &#8211;<\/div>\n<div class=\"font12\">EJE-L 16 \/ 8.93 &#8211; 1.96<\/div>\n<div class=\"font12\">EKC 12,5 \/ 16 \/ 2.95 &#8211; 12.99<br \/>\nEKC 12,5 \/ 16 \/ 1.00 &#8211; 4.04<br \/>\nEKC 20 \/ 5.04 &#8211; 12.04<br \/>\nEKC-Z \/ 5.04 &#8211; 12.04<br \/>\nEKC-Z 12,5 \/ 16 \/ 2.95 &#8211; 12.99<\/div>\n<div class=\"font12\">EKD 10-20 \/ 5.95 &#8211; 12.99<br \/>\nEKD 20 \/ 10.03 &#8211; 12.04<\/div>\n<div class=\"font12\">EKE 20 \/ 1.91 &#8211; 4.94<br \/>\nEKE 20 \/ 5.94 &#8211; 5.97<br \/>\nEKE 20 24V \/ 8.97 &#8211; 5.03<br \/>\nEKE 20 s \/ 8.03 &#8211; 12.04<\/div>\n<div class=\"font12\">ERC 12,5 \/ 7.88 &#8211; 9.94<br \/>\nESC 2 \/ 1.05 &#8211; 7.09<br \/>\nESC 214\/216Z \/ 8.09 &#8211;<br \/>\nESC 316\/316Z \/ 11.07 &#8211;<br \/>\nESC Z \/ 1.05 &#8211; 7.09<\/div>\n<div class=\"font12\">ESD 220 \/ 1.05 &#8211;<\/div>\n<div class=\"font12\">ESE 220 \/ 1.05 &#8211; 1.10<br \/>\nESE 320 \/ 1.05 &#8211; 1.10<\/div>","protected":false},"excerpt":{"rendered":"<p data-start=\"72\" data-end=\"509\">180&#215;65\/70-25 \u00f6l\u00e7\u00fclerindeki Rader Vogel denge tekeri, forklift ve a\u011f\u0131r i\u015f makineleri i\u00e7in dayan\u0131kl\u0131 ve uzun \u00f6m\u00fcrl\u00fc \u00e7\u00f6z\u00fcm sunar. Y\u00fcksek kaliteli kau\u00e7uk ve sa\u011flam metal yap\u0131 sayesinde zorlu \u00e7al\u0131\u015fma ko\u015fullar\u0131na kar\u015f\u0131 diren\u00e7lidir. Titre\u015fim azalt\u0131c\u0131 \u00f6zelli\u011fi operat\u00f6r konforunu art\u0131r\u0131r. Par\u00e7a numaralar\u0131 51367028 ve 27637400 ile uyumludur. Orijinal yedek par\u00e7ad\u0131r.<\/p>\n","protected":false},"featured_media":16066,"template":"","meta":[],"product_brand":[],"product_cat":[185],"product_tag":[],"class_list":{"0":"post-16062","1":"product","2":"type-product","3":"status-publish","4":"has-post-thumbnail","6":"product_cat-denge-tekeri","8":"first","9":"instock","10":"taxable","11":"shipping-taxable","12":"purchasable","13":"product-type-simple"},"_links":{"self":[{"href":"https:\/\/ceoparts.com\/tr\/wp-json\/wp\/v2\/product\/16062","targetHints":{"allow":["GET"]}}],"collection":[{"href":"https:\/\/ceoparts.com\/tr\/wp-json\/wp\/v2\/product"}],"about":[{"href":"https:\/\/ceoparts.com\/tr\/wp-json\/wp\/v2\/types\/product"}],"wp:featuredmedia":[{"embeddable":true,"href":"https:\/\/ceoparts.com\/tr\/wp-json\/wp\/v2\/media\/16066"}],"wp:attachment":[{"href":"https:\/\/ceoparts.com\/tr\/wp-json\/wp\/v2\/media?parent=16062"}],"wp:term":[{"taxonomy":"product_brand","embeddable":true,"href":"https:\/\/ceoparts.com\/tr\/wp-json\/wp\/v2\/product_brand?post=16062"},{"taxonomy":"product_cat","embeddable":true,"href":"https:\/\/ceoparts.com\/tr\/wp-json\/wp\/v2\/product_cat?post=16062"},{"taxonomy":"product_tag","embeddable":true,"href":"https:\/\/ceoparts.com\/tr\/wp-json\/wp\/v2\/product_tag?post=16062"}],"curies":[{"name":"wp","href":"https:\/\/api.w.org\/{rel}","templated":true}]}}