{"id":16097,"date":"2025-03-19T12:00:51","date_gmt":"2025-03-19T09:00:51","guid":{"rendered":"https:\/\/ceoparts.com\/?post_type=product&#038;p=16097"},"modified":"2026-05-16T19:25:51","modified_gmt":"2026-05-16T16:25:51","slug":"norma-calisma-lambasi-kare-16-led-48w-nr161716","status":"publish","type":"product","link":"https:\/\/ceoparts.com\/tr\/urun\/norma-calisma-lambasi-kare-16-led-48w-nr161716\/","title":{"rendered":"Norma \u00c7al\u0131\u015fma Lambas\u0131 Kare 16 Led 9-80V 48W &#8211; NR161716"},"content":{"rendered":"<p>Norma \u00c7al\u0131\u015fma Lambas\u0131 Kare 16 Led 9-80V 48W &#8211; NR161716<\/p>","protected":false},"excerpt":{"rendered":"<p data-start=\"190\" data-end=\"545\"><strong data-start=\"190\" data-end=\"220\">Norma Kare \u00c7al\u0131\u015fma Lambas\u0131<\/strong>, y\u00fcksek performansl\u0131 16 LED ile g\u00fc\u00e7l\u00fc ve geni\u015f bir ayd\u0131nlatma sa\u011flar. 9-80V aras\u0131 geni\u015f voltaj aral\u0131\u011f\u0131nda \u00e7al\u0131\u015fabilen bu lamba, 48 watt g\u00fc\u00e7 t\u00fcketimiyle enerji verimlili\u011fi sunar. Kare tasar\u0131m\u0131 sayesinde farkl\u0131 montaj se\u00e7eneklerine uyum sa\u011flar. End\u00fcstri, at\u00f6lye, forklift ve a\u011f\u0131r i\u015f makineleri i\u00e7in ideal ayd\u0131nlatma \u00e7\u00f6z\u00fcm\u00fcd\u00fcr.<\/p>\n<p data-start=\"547\" data-end=\"564\"><strong data-start=\"547\" data-end=\"562\">\u00d6zellikler:<\/strong><\/p>\n<ul data-start=\"565\" data-end=\"754\">\n<li data-start=\"565\" data-end=\"582\">\n<p data-start=\"567\" data-end=\"582\">Voltaj: 9-80V<\/p>\n<\/li>\n<li data-start=\"583\" data-end=\"595\">\n<p data-start=\"585\" data-end=\"595\">G\u00fc\u00e7: 48W<\/p>\n<\/li>\n<li data-start=\"596\" data-end=\"643\">\n<p data-start=\"598\" data-end=\"643\">LED Say\u0131s\u0131: 16 adet y\u00fcksek performansl\u0131 LED<\/p>\n<\/li>\n<li data-start=\"644\" data-end=\"666\">\n<p data-start=\"646\" data-end=\"666\">Tasar\u0131m: Kare form<\/p>\n<\/li>\n<li data-start=\"667\" data-end=\"696\">\n<p data-start=\"669\" data-end=\"696\">Geni\u015f ve g\u00fc\u00e7l\u00fc ayd\u0131nlatma<\/p>\n<\/li>\n<li data-start=\"697\" data-end=\"730\">\n<p data-start=\"699\" data-end=\"730\">Dayan\u0131kl\u0131 ve uzun \u00f6m\u00fcrl\u00fc yap\u0131<\/p>\n<\/li>\n<li data-start=\"731\" data-end=\"754\">\n<p data-start=\"733\" data-end=\"754\">Kolay montaj imkan\u0131<\/p>\n<\/li>\n<\/ul>\n","protected":false},"featured_media":16707,"template":"","meta":[],"product_brand":[],"product_cat":[251,463,518],"product_tag":[],"class_list":{"0":"post-16097","1":"product","2":"type-product","3":"status-publish","4":"has-post-thumbnail","6":"product_cat-bt","7":"product_cat-aydinlatma-grubu","8":"product_cat-yedek-parca-bt","10":"first","11":"instock","12":"taxable","13":"shipping-taxable","14":"purchasable","15":"product-type-simple"},"_links":{"self":[{"href":"https:\/\/ceoparts.com\/tr\/wp-json\/wp\/v2\/product\/16097","targetHints":{"allow":["GET"]}}],"collection":[{"href":"https:\/\/ceoparts.com\/tr\/wp-json\/wp\/v2\/product"}],"about":[{"href":"https:\/\/ceoparts.com\/tr\/wp-json\/wp\/v2\/types\/product"}],"wp:featuredmedia":[{"embeddable":true,"href":"https:\/\/ceoparts.com\/tr\/wp-json\/wp\/v2\/media\/16707"}],"wp:attachment":[{"href":"https:\/\/ceoparts.com\/tr\/wp-json\/wp\/v2\/media?parent=16097"}],"wp:term":[{"taxonomy":"product_brand","embeddable":true,"href":"https:\/\/ceoparts.com\/tr\/wp-json\/wp\/v2\/product_brand?post=16097"},{"taxonomy":"product_cat","embeddable":true,"href":"https:\/\/ceoparts.com\/tr\/wp-json\/wp\/v2\/product_cat?post=16097"},{"taxonomy":"product_tag","embeddable":true,"href":"https:\/\/ceoparts.com\/tr\/wp-json\/wp\/v2\/product_tag?post=16097"}],"curies":[{"name":"wp","href":"https:\/\/api.w.org\/{rel}","templated":true}]}}