{"id":16102,"date":"2025-03-19T12:08:12","date_gmt":"2025-03-19T09:08:12","guid":{"rendered":"https:\/\/ceoparts.com\/?post_type=product&#038;p=16102"},"modified":"2026-05-16T19:52:32","modified_gmt":"2026-05-16T16:52:32","slug":"norma-10-110v-6-led-buyuk-u-calisma-lambasi-nr161471","status":"publish","type":"product","link":"https:\/\/ceoparts.com\/tr\/urun\/norma-10-110v-6-led-buyuk-u-calisma-lambasi-nr161471\/","title":{"rendered":"Norma 10-110V 6 Led B\u00fcy\u00fck U \u00c7al\u0131\u015fma Lambas\u0131 &#8211; NR161471"},"content":{"rendered":"<p>Norma 10-110V 6 Led B\u00fcy\u00fck U \u00c7al\u0131\u015fma Lambas\u0131 &#8211; NR161471<\/p>","protected":false},"excerpt":{"rendered":"<p data-start=\"193\" data-end=\"590\"><strong data-start=\"193\" data-end=\"240\">Norma 10-110V 6 Led B\u00fcy\u00fck U \u00c7al\u0131\u015fma Lambas\u0131<\/strong>, geni\u015f ayd\u0131nlatma sa\u011flayan dayan\u0131kl\u0131 ve enerji tasarruflu bir \u00e7al\u0131\u015fma lambas\u0131d\u0131r. U \u015fekilli tasar\u0131m\u0131 ile farkl\u0131 alanlarda kolay montaj ve kullan\u0131m imkan\u0131 sunar. 10-110V aras\u0131 voltaj aral\u0131\u011f\u0131nda \u00e7al\u0131\u015fabilen bu lamba, 6 adet y\u00fcksek performansl\u0131 LED ile g\u00fc\u00e7l\u00fc ve uzun \u00f6m\u00fcrl\u00fc \u0131\u015f\u0131k sa\u011flar. Sanayi, at\u00f6lye ve forklift gibi ara\u00e7larda kullan\u0131m i\u00e7in uygundur.<\/p>\n<p data-start=\"592\" data-end=\"609\"><strong data-start=\"592\" data-end=\"607\">\u00d6zellikler:<\/strong><\/p>\n<ul data-start=\"610\" data-end=\"782\">\n<li data-start=\"610\" data-end=\"629\">\n<p data-start=\"612\" data-end=\"629\">Voltaj: 10-110V<\/p>\n<\/li>\n<li data-start=\"630\" data-end=\"652\">\n<p data-start=\"632\" data-end=\"652\">LED Say\u0131s\u0131: 6 adet<\/p>\n<\/li>\n<li data-start=\"653\" data-end=\"681\">\n<p data-start=\"655\" data-end=\"681\">Tasar\u0131m: B\u00fcy\u00fck U \u015fekilli<\/p>\n<\/li>\n<li data-start=\"682\" data-end=\"708\">\n<p data-start=\"684\" data-end=\"708\">Y\u00fcksek ayd\u0131nlatma g\u00fcc\u00fc<\/p>\n<\/li>\n<li data-start=\"709\" data-end=\"749\">\n<p data-start=\"711\" data-end=\"749\">Enerji tasarruflu ve uzun \u00f6m\u00fcrl\u00fc LED<\/p>\n<\/li>\n<li data-start=\"750\" data-end=\"782\">\n<p data-start=\"752\" data-end=\"782\">Dayan\u0131kl\u0131 yap\u0131, kolay montaj<\/p>\n<\/li>\n<\/ul>\n","protected":false},"featured_media":16106,"template":"","meta":[],"product_brand":[],"product_cat":[251,463,518],"product_tag":[],"class_list":{"0":"post-16102","1":"product","2":"type-product","3":"status-publish","4":"has-post-thumbnail","6":"product_cat-bt","7":"product_cat-aydinlatma-grubu","8":"product_cat-yedek-parca-bt","10":"first","11":"instock","12":"taxable","13":"shipping-taxable","14":"purchasable","15":"product-type-simple"},"_links":{"self":[{"href":"https:\/\/ceoparts.com\/tr\/wp-json\/wp\/v2\/product\/16102","targetHints":{"allow":["GET"]}}],"collection":[{"href":"https:\/\/ceoparts.com\/tr\/wp-json\/wp\/v2\/product"}],"about":[{"href":"https:\/\/ceoparts.com\/tr\/wp-json\/wp\/v2\/types\/product"}],"wp:featuredmedia":[{"embeddable":true,"href":"https:\/\/ceoparts.com\/tr\/wp-json\/wp\/v2\/media\/16106"}],"wp:attachment":[{"href":"https:\/\/ceoparts.com\/tr\/wp-json\/wp\/v2\/media?parent=16102"}],"wp:term":[{"taxonomy":"product_brand","embeddable":true,"href":"https:\/\/ceoparts.com\/tr\/wp-json\/wp\/v2\/product_brand?post=16102"},{"taxonomy":"product_cat","embeddable":true,"href":"https:\/\/ceoparts.com\/tr\/wp-json\/wp\/v2\/product_cat?post=16102"},{"taxonomy":"product_tag","embeddable":true,"href":"https:\/\/ceoparts.com\/tr\/wp-json\/wp\/v2\/product_tag?post=16102"}],"curies":[{"name":"wp","href":"https:\/\/api.w.org\/{rel}","templated":true}]}}