{"id":16114,"date":"2025-03-19T13:35:18","date_gmt":"2025-03-19T10:35:18","guid":{"rendered":"https:\/\/ceoparts.com\/?post_type=product&#038;p=16114"},"modified":"2026-05-16T10:57:15","modified_gmt":"2026-05-16T07:57:15","slug":"230x75-45-5-blickle-yuruyus-tekeri-0009903819","status":"publish","type":"product","link":"https:\/\/ceoparts.com\/tr\/urun\/230x75-45-5-blickle-yuruyus-tekeri-0009903819\/","title":{"rendered":"230&#215;75\/45-5 Blickle Y\u00fcr\u00fcy\u00fc\u015f Tekeri &#8211; 0009903819"},"content":{"rendered":"<p>230&#215;75\/45-5 Blickle Y\u00fcr\u00fcy\u00fc\u015f Tekeri &#8211; 0009903819<\/p>\n<p>LINDE 0009903819, 0009934071<\/p>\n<p>1151\u00a0T16\/T16P\/T20\/T20P<br \/>\n1152\u00a0T16\/T18\/T20\/T16L<br \/>\n1160\u00a0D06\/D08<br \/>\n1169\u00a0L10\/L12\/L14C<br \/>\n1169\u00a0L10P\/L12P\/L14P<br \/>\n1172\u00a0L10\/L12\/L12i<\/p>\n<p>Still 4359920 4400716<\/p>\n<p>EXU<br \/>\nEXU AC16 (0143, 0150, 0151, 0152)<br \/>\nEXU AC18 (0143, 0150, 0151, 0152)<br \/>\nEXU AC20 (0143, 0150, 0151, 0152)<br \/>\nEXU AC22 (0143, 0150, 0151, 0152)<br \/>\nEXU LINDE USA (0147)<br \/>\nEXU-H (0202)<br \/>\nEXU-H AC (0203)<br \/>\nEXU-H AC Autolift (0161, 0162, 0163)<br \/>\nEXU-SF20 (0160, 0179)<br \/>\nEXU-SF20 09\/2013-&gt;<br \/>\nEXV<br \/>\nEXV10 (4572) 02\/2015-&gt;<br \/>\nEXV10BASIC (4572) 02\/2015-&gt;<br \/>\nEXV12 (4572) 02\/2015-&gt;<br \/>\nEXV12I (4572) 02\/2015-&gt;<br \/>\nEXV14C (4572) 02\/2015-&gt;<br \/>\nEXV14IC (4572) 02\/2015-&gt;<br \/>\nEXVBasic (0251, 0252, 0253, 0254)<br \/>\nEXVBasic (0270, 0271, 0272, 0273) 01\/2013-&gt;<br \/>\nEXD<br \/>\nEXD-SF20 (0260,0261, 0283, 0284)<br \/>\nEXD-SF20 (0283, 0284)<br \/>\nEXD18 (0285, 0286)<br \/>\nEXD20 (0260,0261, 0283, 0284)<br \/>\nEXD20 (0283, 0284)<br \/>\nEGU<br \/>\nEGU 16 (0115, 0117, 0119, 0125)<br \/>\nEGU 18 (0115, 0117, 0119, 0125)<br \/>\nEGU 20 (0115, 0117, 0119, 0125)<br \/>\nEGU 20-S (0115, 0117, 0119, 0125)<br \/>\nEGU-H (0201)<br \/>\nEGU20 (0122)<br \/>\nEGU20S (0123)<br \/>\nEGV<br \/>\nEGV14 (0248,0250)<br \/>\nEGV16 (0248,0250)<br \/>\nLTX<br \/>\nLTX-T04<br \/>\nLTX20<br \/>\nTSD<br \/>\nTSD-SF20<br \/>\nTSD20<br \/>\nEGD<br \/>\nEGD16 (0219)<br \/>\nCL<br \/>\nCL10 Basic (4572) 01\/2013 -&gt;<br \/>\nCL12 Basic (4572) 01\/2013-&gt;<br \/>\nCL12i Basic (4572) 01\/2013-&gt;<\/p>","protected":false},"excerpt":{"rendered":"<p data-start=\"177\" data-end=\"479\"><strong data-start=\"177\" data-end=\"215\">230\u00d775\/45-5 Blickle Y\u00fcr\u00fcy\u00fc\u015f Tekeri<\/strong>, forklift ve end\u00fcstriyel ara\u00e7larda kullan\u0131lan dayan\u0131kl\u0131 ve y\u00fcksek performansl\u0131 y\u00fcr\u00fcy\u00fc\u015f (tahrik) tekeridir. Poli\u00fcretan kaplamas\u0131 sayesinde zemin dostu, sessiz \u00e7al\u0131\u015fma ve uzun \u00f6m\u00fcrl\u00fc kullan\u0131m sa\u011flar. A\u015f\u0131nmaya kar\u015f\u0131 diren\u00e7lidir ve zorlu \u00e7al\u0131\u015fma ko\u015fullar\u0131na uygundur.<\/p>\n<p data-start=\"481\" data-end=\"498\"><strong data-start=\"481\" data-end=\"496\">\u00d6zellikler:<\/strong><\/p>\n<ul data-start=\"499\" data-end=\"662\">\n<li data-start=\"499\" data-end=\"520\">\n<p data-start=\"501\" data-end=\"520\">\u00d6l\u00e7\u00fc: 230\u00d775\/45-5<\/p>\n<\/li>\n<li data-start=\"521\" data-end=\"539\">\n<p data-start=\"523\" data-end=\"539\">Marka: Blickle<\/p>\n<\/li>\n<li data-start=\"540\" data-end=\"577\">\n<p data-start=\"542\" data-end=\"577\">Uygulama: Forklift y\u00fcr\u00fcy\u00fc\u015f tekeri<\/p>\n<\/li>\n<li data-start=\"578\" data-end=\"617\">\n<p data-start=\"580\" data-end=\"617\">Poli\u00fcretan kaplama ile zemin koruma<\/p>\n<\/li>\n<li data-start=\"618\" data-end=\"636\">\n<p data-start=\"620\" data-end=\"636\">Sessiz \u00e7al\u0131\u015fma<\/p>\n<\/li>\n<li data-start=\"637\" data-end=\"662\">\n<p data-start=\"639\" data-end=\"662\">Y\u00fcksek a\u015f\u0131nma direnci<\/p>\n<\/li>\n<\/ul>\n","protected":false},"featured_media":16116,"template":"","meta":[],"product_brand":[],"product_cat":[499,503,241,244,246,249,193],"product_tag":[],"class_list":{"0":"post-16114","1":"product","2":"type-product","3":"status-publish","4":"has-post-thumbnail","6":"product_cat-blickle","7":"product_cat-yuruyus-tekeri-blickle","8":"product_cat-still","9":"product_cat-yuruyus-tekeri-still","10":"product_cat-linde","11":"product_cat-yuruyus-tekeri-linde","12":"product_cat-yuruyus-tekeri","14":"first","15":"instock","16":"taxable","17":"shipping-taxable","18":"purchasable","19":"product-type-simple"},"_links":{"self":[{"href":"https:\/\/ceoparts.com\/tr\/wp-json\/wp\/v2\/product\/16114","targetHints":{"allow":["GET"]}}],"collection":[{"href":"https:\/\/ceoparts.com\/tr\/wp-json\/wp\/v2\/product"}],"about":[{"href":"https:\/\/ceoparts.com\/tr\/wp-json\/wp\/v2\/types\/product"}],"wp:featuredmedia":[{"embeddable":true,"href":"https:\/\/ceoparts.com\/tr\/wp-json\/wp\/v2\/media\/16116"}],"wp:attachment":[{"href":"https:\/\/ceoparts.com\/tr\/wp-json\/wp\/v2\/media?parent=16114"}],"wp:term":[{"taxonomy":"product_brand","embeddable":true,"href":"https:\/\/ceoparts.com\/tr\/wp-json\/wp\/v2\/product_brand?post=16114"},{"taxonomy":"product_cat","embeddable":true,"href":"https:\/\/ceoparts.com\/tr\/wp-json\/wp\/v2\/product_cat?post=16114"},{"taxonomy":"product_tag","embeddable":true,"href":"https:\/\/ceoparts.com\/tr\/wp-json\/wp\/v2\/product_tag?post=16114"}],"curies":[{"name":"wp","href":"https:\/\/api.w.org\/{rel}","templated":true}]}}