{"id":16119,"date":"2025-03-19T14:03:59","date_gmt":"2025-03-19T11:03:59","guid":{"rendered":"https:\/\/ceoparts.com\/?post_type=product&#038;p=16119"},"modified":"2026-05-16T10:52:47","modified_gmt":"2026-05-16T07:52:47","slug":"230x90-45-5-blickle-yuruyus-tekeri-0039933826-0039933800","status":"publish","type":"product","link":"https:\/\/ceoparts.com\/tr\/urun\/230x90-45-5-blickle-yuruyus-tekeri-0039933826-0039933800\/","title":{"rendered":"230&#215;90\/45-5 Blickle Y\u00fcr\u00fcy\u00fc\u015f Tekeri &#8211; 0039933826, 0039933800"},"content":{"rendered":"<p>230&#215;90\/45-5 Blickle Y\u00fcr\u00fcy\u00fc\u015f Tekeri &#8211; 0039933826, 0039933800<\/p>\n<div class=\"font12\">372\u00a0L14\/16<br \/>\n372\u00a0L14\/16\/L14AP\/16AP<\/div>\n<div class=\"font12\">1173 L14\/L16<\/div>\n<div class=\"font12\"><\/div>\n<div class=\"font12\">Still 0039933826<\/div>\n<div class=\"font12\"><\/div>\n<div class=\"font12\">EXH 25-30 EXH-SF 20-25 (2360-2363)<\/div>","protected":false},"excerpt":{"rendered":"<div class=\"font12\">\n<p data-start=\"200\" data-end=\"482\"><strong data-start=\"200\" data-end=\"238\">230\u00d790\/45-5 Blickle Y\u00fcr\u00fcy\u00fc\u015f Tekeri<\/strong>, forklift ve end\u00fcstriyel ta\u015f\u0131ma ara\u00e7lar\u0131 i\u00e7in dayan\u0131kl\u0131 ve kaliteli bir y\u00fcr\u00fcy\u00fc\u015f (tahrik) tekeridir. Blickle markas\u0131yla y\u00fcksek performans ve uzun \u00f6m\u00fcr sunar. Poli\u00fcretan kaplamas\u0131 zemin dostudur, sessiz \u00e7al\u0131\u015f\u0131r ve a\u015f\u0131nmaya kar\u015f\u0131 diren\u00e7 g\u00f6sterir.<\/p>\n<p data-start=\"484\" data-end=\"501\"><strong data-start=\"484\" data-end=\"499\">\u00d6zellikler:<\/strong><\/p>\n<ul data-start=\"502\" data-end=\"688\">\n<li data-start=\"502\" data-end=\"523\">\n<p data-start=\"504\" data-end=\"523\">\u00d6l\u00e7\u00fc: 230\u00d790\/45-5<\/p>\n<\/li>\n<li data-start=\"524\" data-end=\"542\">\n<p data-start=\"526\" data-end=\"542\">Marka: Blickle<\/p>\n<\/li>\n<li data-start=\"543\" data-end=\"580\">\n<p data-start=\"545\" data-end=\"580\">Uygulama: Forklift y\u00fcr\u00fcy\u00fc\u015f tekeri<\/p>\n<\/li>\n<li data-start=\"581\" data-end=\"620\">\n<p data-start=\"583\" data-end=\"620\">Poli\u00fcretan kaplama ile dayan\u0131kl\u0131l\u0131k<\/p>\n<\/li>\n<li data-start=\"621\" data-end=\"655\">\n<p data-start=\"623\" data-end=\"655\">Sessiz \u00e7al\u0131\u015fma ve zemin koruma<\/p>\n<\/li>\n<li data-start=\"656\" data-end=\"688\">\n<p data-start=\"658\" data-end=\"688\">A\u015f\u0131nmaya kar\u015f\u0131 y\u00fcksek diren\u00e7<\/p>\n<\/li>\n<\/ul>\n<\/div>\n","protected":false},"featured_media":16121,"template":"","meta":[],"product_brand":[],"product_cat":[241,244,499,503,193],"product_tag":[],"class_list":{"0":"post-16119","1":"product","2":"type-product","3":"status-publish","4":"has-post-thumbnail","6":"product_cat-still","7":"product_cat-yuruyus-tekeri-still","8":"product_cat-blickle","9":"product_cat-yuruyus-tekeri-blickle","10":"product_cat-yuruyus-tekeri","12":"first","13":"instock","14":"taxable","15":"shipping-taxable","16":"purchasable","17":"product-type-simple"},"_links":{"self":[{"href":"https:\/\/ceoparts.com\/tr\/wp-json\/wp\/v2\/product\/16119","targetHints":{"allow":["GET"]}}],"collection":[{"href":"https:\/\/ceoparts.com\/tr\/wp-json\/wp\/v2\/product"}],"about":[{"href":"https:\/\/ceoparts.com\/tr\/wp-json\/wp\/v2\/types\/product"}],"wp:featuredmedia":[{"embeddable":true,"href":"https:\/\/ceoparts.com\/tr\/wp-json\/wp\/v2\/media\/16121"}],"wp:attachment":[{"href":"https:\/\/ceoparts.com\/tr\/wp-json\/wp\/v2\/media?parent=16119"}],"wp:term":[{"taxonomy":"product_brand","embeddable":true,"href":"https:\/\/ceoparts.com\/tr\/wp-json\/wp\/v2\/product_brand?post=16119"},{"taxonomy":"product_cat","embeddable":true,"href":"https:\/\/ceoparts.com\/tr\/wp-json\/wp\/v2\/product_cat?post=16119"},{"taxonomy":"product_tag","embeddable":true,"href":"https:\/\/ceoparts.com\/tr\/wp-json\/wp\/v2\/product_tag?post=16119"}],"curies":[{"name":"wp","href":"https:\/\/api.w.org\/{rel}","templated":true}]}}