{"id":16124,"date":"2025-03-19T14:38:41","date_gmt":"2025-03-19T11:38:41","guid":{"rendered":"https:\/\/ceoparts.com\/?post_type=product&#038;p=16124"},"modified":"2026-05-16T15:00:58","modified_gmt":"2026-05-16T12:00:58","slug":"250x100-80-5-blickle-yuruyus-tekeri-4493241","status":"publish","type":"product","link":"https:\/\/ceoparts.com\/tr\/urun\/250x100-80-5-blickle-yuruyus-tekeri-4493241\/","title":{"rendered":"250&#215;100\/80-5 Blickle Y\u00fcr\u00fcy\u00fc\u015f Tekeri &#8211; 4493241"},"content":{"rendered":"<p>250&#215;100\/80-5 Blickle Y\u00fcr\u00fcy\u00fc\u015f Tekeri &#8211; 4493241<\/p>\n<p><span class=\"short_text\" lang=\"en\"><span class=\"hps\" title=\"Kliknij, aby wy\u015bwietli\u0107 alternatywne t\u0142umaczenia\">4493241 Still, 0009903813 Linde, 95325503 Pimespo 428367,4494575, 8428367<\/span><\/span><\/p>\n<p><span class=\"short_text\" lang=\"en\"><span class=\"hps\" title=\"Kliknij, aby wy\u015bwietli\u0107 alternatywne t\u0142umaczenia\">250&#215;100 5&#215;18<\/span><\/span><\/p>\n<p><span class=\"short_text\" lang=\"en\"><span class=\"hps\" title=\"Kliknij, aby wy\u015bwietli\u0107 alternatywne t\u0142umaczenia\">CS 10M\/711041\/06-06<br \/>\nCS 16S\/711042\/06-06<br \/>\nCS 20\/711040\/06-06<br \/>\nCS 30Z\/711043\/06-06<br \/>\nCX-T\/711050\/01-08<br \/>\nCX20\/711044\/01-07<br \/>\nCXM 10\/711045\/01-07<br \/>\nCXS 16\/711046\/01-07<br \/>\nCXZ 30\/711047\/01-07<br \/>\nEXD S20\/710249\/01-07<br \/>\nEXU-S\/710148-710149\/01-07<\/span><\/span><\/p>","protected":false},"excerpt":{"rendered":"<p data-start=\"173\" data-end=\"447\"><strong data-start=\"173\" data-end=\"212\">250&#215;100\/80-5 Blickle Y\u00fcr\u00fcy\u00fc\u015f Tekeri<\/strong>, forklift ve end\u00fcstriyel ta\u015f\u0131ma ekipmanlar\u0131 i\u00e7in dayan\u0131kl\u0131 ve g\u00fcvenilir bir y\u00fcr\u00fcy\u00fc\u015f (tahrik) tekeridir. Blickle kalitesiyle uzun \u00f6m\u00fcrl\u00fc kullan\u0131m sa\u011flar. Poli\u00fcretan kaplamas\u0131 sayesinde zemin dostu, sessiz ve a\u015f\u0131nmaya kar\u015f\u0131 diren\u00e7lidir.<\/p>\n<p data-start=\"449\" data-end=\"466\"><strong data-start=\"449\" data-end=\"464\">\u00d6zellikler:<\/strong><\/p>\n<ul data-start=\"467\" data-end=\"652\">\n<li data-start=\"467\" data-end=\"489\">\n<p data-start=\"469\" data-end=\"489\">\u00d6l\u00e7\u00fc: 250&#215;100\/80-5<\/p>\n<\/li>\n<li data-start=\"490\" data-end=\"508\">\n<p data-start=\"492\" data-end=\"508\">Marka: Blickle<\/p>\n<\/li>\n<li data-start=\"509\" data-end=\"552\">\n<p data-start=\"511\" data-end=\"552\">Kullan\u0131m alan\u0131: Forklift y\u00fcr\u00fcy\u00fc\u015f tekeri<\/p>\n<\/li>\n<li data-start=\"553\" data-end=\"589\">\n<p data-start=\"555\" data-end=\"589\">Poli\u00fcretan kaplama ile uzun \u00f6m\u00fcr<\/p>\n<\/li>\n<li data-start=\"590\" data-end=\"624\">\n<p data-start=\"592\" data-end=\"624\">Sessiz \u00e7al\u0131\u015fma ve zemin koruma<\/p>\n<\/li>\n<li data-start=\"625\" data-end=\"652\">\n<p data-start=\"627\" data-end=\"652\">A\u015f\u0131nmaya dayan\u0131kl\u0131 yap\u0131<\/p>\n<\/li>\n<\/ul>\n","protected":false},"featured_media":16125,"template":"","meta":[],"product_brand":[],"product_cat":[241,244,246,249,503,193],"product_tag":[],"class_list":{"0":"post-16124","1":"product","2":"type-product","3":"status-publish","4":"has-post-thumbnail","6":"product_cat-still","7":"product_cat-yuruyus-tekeri-still","8":"product_cat-linde","9":"product_cat-yuruyus-tekeri-linde","10":"product_cat-yuruyus-tekeri-blickle","11":"product_cat-yuruyus-tekeri","13":"first","14":"instock","15":"taxable","16":"shipping-taxable","17":"purchasable","18":"product-type-simple"},"_links":{"self":[{"href":"https:\/\/ceoparts.com\/tr\/wp-json\/wp\/v2\/product\/16124","targetHints":{"allow":["GET"]}}],"collection":[{"href":"https:\/\/ceoparts.com\/tr\/wp-json\/wp\/v2\/product"}],"about":[{"href":"https:\/\/ceoparts.com\/tr\/wp-json\/wp\/v2\/types\/product"}],"wp:featuredmedia":[{"embeddable":true,"href":"https:\/\/ceoparts.com\/tr\/wp-json\/wp\/v2\/media\/16125"}],"wp:attachment":[{"href":"https:\/\/ceoparts.com\/tr\/wp-json\/wp\/v2\/media?parent=16124"}],"wp:term":[{"taxonomy":"product_brand","embeddable":true,"href":"https:\/\/ceoparts.com\/tr\/wp-json\/wp\/v2\/product_brand?post=16124"},{"taxonomy":"product_cat","embeddable":true,"href":"https:\/\/ceoparts.com\/tr\/wp-json\/wp\/v2\/product_cat?post=16124"},{"taxonomy":"product_tag","embeddable":true,"href":"https:\/\/ceoparts.com\/tr\/wp-json\/wp\/v2\/product_tag?post=16124"}],"curies":[{"name":"wp","href":"https:\/\/api.w.org\/{rel}","templated":true}]}}