{"id":16146,"date":"2025-03-19T17:34:04","date_gmt":"2025-03-19T14:34:04","guid":{"rendered":"https:\/\/ceoparts.com\/?post_type=product&#038;p=16146"},"modified":"2026-05-16T16:18:23","modified_gmt":"2026-05-16T13:18:23","slug":"400x160-80-7b-stellana-yuruyus-tekeri-238970","status":"publish","type":"product","link":"https:\/\/ceoparts.com\/tr\/urun\/400x160-80-7b-stellana-yuruyus-tekeri-238970\/","title":{"rendered":"400&#215;160-80 7B Stellana Y\u00fcr\u00fcy\u00fc\u015f Tekeri &#8211; 238970"},"content":{"rendered":"<p>400&#215;160-80 7B Stellana Y\u00fcr\u00fcy\u00fc\u015f Tekeri &#8211; 238970<\/p>\n<p>BT, Toyota BT 238970\u00a0\u00a0 410&#215;150\/160&#215;80<\/p>\n<p>RRE180 (816)<\/p>\n<p>RRE180 C\/E\u00a0(816)<\/p>\n<p>RRE200 (816)<\/p>\n<p>RRE200 C\/E\u00a0(816)<\/p>\n<p>RRE250 (816)<\/p>\n<p>RRE250 C\/E(816)<\/p>","protected":false},"excerpt":{"rendered":"<p data-start=\"201\" data-end=\"521\"><strong data-start=\"201\" data-end=\"242\">400\u00d7160-80 7B Stellana Y\u00fcr\u00fcy\u00fc\u015f Tekeri<\/strong>, BT ve di\u011fer depo ekipmanlar\u0131nda y\u00fcr\u00fcy\u00fc\u015f sistemi i\u00e7in \u00f6zel olarak \u00fcretilmi\u015f, y\u00fcksek kaliteli poli\u00fcretan kaplamal\u0131 y\u00fcr\u00fcy\u00fc\u015f tekeridir. Stellana \u00fcretimi bu tekerlek, zorlu \u00e7al\u0131\u015fma ko\u015fullar\u0131nda a\u015f\u0131nmaya, darbelere ve a\u011f\u0131r y\u00fck ta\u015f\u0131ma esnas\u0131nda deformasyona kar\u015f\u0131 \u00fcst\u00fcn diren\u00e7 sa\u011flar.<\/p>\n<p data-start=\"523\" data-end=\"540\"><strong data-start=\"523\" data-end=\"538\">\u00d6zellikler:<\/strong><\/p>\n<ul data-start=\"541\" data-end=\"737\">\n<li data-start=\"541\" data-end=\"561\">\n<p data-start=\"543\" data-end=\"561\">\u00d6l\u00e7\u00fc: 400\u00d7160-80<\/p>\n<\/li>\n<li data-start=\"562\" data-end=\"610\">\n<p data-start=\"564\" data-end=\"610\">Uyumlu Marka: BT ve e\u015fde\u011fer depo ekipmanlar\u0131<\/p>\n<\/li>\n<li data-start=\"611\" data-end=\"640\">\n<p data-start=\"613\" data-end=\"640\">Orijinal Stellana \u00fcretimi<\/p>\n<\/li>\n<li data-start=\"641\" data-end=\"674\">\n<p data-start=\"643\" data-end=\"674\">Sessiz, iz b\u0131rakmayan \u00e7al\u0131\u015fma<\/p>\n<\/li>\n<li data-start=\"675\" data-end=\"708\">\n<p data-start=\"677\" data-end=\"708\">A\u015f\u0131nma ve darbelere dayan\u0131kl\u0131<\/p>\n<\/li>\n<li data-start=\"709\" data-end=\"737\">\n<p data-start=\"711\" data-end=\"737\">Y\u00fcksek ta\u015f\u0131ma kapasitesi<\/p>\n<\/li>\n<\/ul>\n","protected":false},"featured_media":16151,"template":"","meta":[],"product_brand":[],"product_cat":[251,254,416,418,521,529,193],"product_tag":[],"class_list":{"0":"post-16146","1":"product","2":"type-product","3":"status-publish","4":"has-post-thumbnail","6":"product_cat-bt","7":"product_cat-yuruyus-tekeri-bt","8":"product_cat-stellana","9":"product_cat-yuruyus-tekeri-stellana","10":"product_cat-toyota","11":"product_cat-yuruyus-tekeri-toyota","12":"product_cat-yuruyus-tekeri","14":"first","15":"instock","16":"taxable","17":"shipping-taxable","18":"purchasable","19":"product-type-simple"},"_links":{"self":[{"href":"https:\/\/ceoparts.com\/tr\/wp-json\/wp\/v2\/product\/16146","targetHints":{"allow":["GET"]}}],"collection":[{"href":"https:\/\/ceoparts.com\/tr\/wp-json\/wp\/v2\/product"}],"about":[{"href":"https:\/\/ceoparts.com\/tr\/wp-json\/wp\/v2\/types\/product"}],"wp:featuredmedia":[{"embeddable":true,"href":"https:\/\/ceoparts.com\/tr\/wp-json\/wp\/v2\/media\/16151"}],"wp:attachment":[{"href":"https:\/\/ceoparts.com\/tr\/wp-json\/wp\/v2\/media?parent=16146"}],"wp:term":[{"taxonomy":"product_brand","embeddable":true,"href":"https:\/\/ceoparts.com\/tr\/wp-json\/wp\/v2\/product_brand?post=16146"},{"taxonomy":"product_cat","embeddable":true,"href":"https:\/\/ceoparts.com\/tr\/wp-json\/wp\/v2\/product_cat?post=16146"},{"taxonomy":"product_tag","embeddable":true,"href":"https:\/\/ceoparts.com\/tr\/wp-json\/wp\/v2\/product_tag?post=16146"}],"curies":[{"name":"wp","href":"https:\/\/api.w.org\/{rel}","templated":true}]}}