{"id":16152,"date":"2025-03-19T17:48:18","date_gmt":"2025-03-19T14:48:18","guid":{"rendered":"https:\/\/ceoparts.com\/?post_type=product&#038;p=16152"},"modified":"2026-05-16T17:29:16","modified_gmt":"2026-05-16T14:29:16","slug":"300x100-stellana-bt-yuk-tekeri-144443","status":"publish","type":"product","link":"https:\/\/ceoparts.com\/tr\/urun\/300x100-stellana-bt-yuk-tekeri-144443\/","title":{"rendered":"300&#215;100 Stellana BT Y\u00fck Tekeri &#8211; 144443"},"content":{"rendered":"<p>300&#215;100 Stellana BT Y\u00fck Tekeri &#8211; 144443<\/p>\n<p>BT 137587 144443 300&#215;100 bez hamulca \/ without brake<\/p>\n<p>BT RR Reflex<\/p>\n<p>BT FR 2.0<\/p>\n<p>BT TRT 1000 E<\/p>\n<p>BT Toyota 137587 144443 Stellana PT-NDI-92\u00ae<\/p>","protected":false},"excerpt":{"rendered":"<p data-start=\"187\" data-end=\"490\"><strong data-start=\"187\" data-end=\"221\">300&#215;100 Stellana BT Y\u00fck Tekeri<\/strong>, BT marka forklift ve depo ekipmanlar\u0131nda y\u00fck ta\u015f\u0131ma i\u015flemleri i\u00e7in \u00f6zel olarak \u00fcretilmi\u015f, y\u00fcksek kaliteli poli\u00fcretan kaplamal\u0131 y\u00fck tekeridir. Stellana kalitesiyle uzun \u00f6m\u00fcrl\u00fc, sessiz ve zemin dostu \u00e7al\u0131\u015fma sa\u011flar. A\u011f\u0131r hizmet ko\u015fullar\u0131nda a\u015f\u0131nmaya kar\u015f\u0131 dayan\u0131kl\u0131d\u0131r.<\/p>\n<p data-start=\"492\" data-end=\"509\"><strong data-start=\"492\" data-end=\"507\">\u00d6zellikler:<\/strong><\/p>\n<ul data-start=\"510\" data-end=\"688\">\n<li data-start=\"510\" data-end=\"527\">\n<p data-start=\"512\" data-end=\"527\">\u00d6l\u00e7\u00fc: 300&#215;100<\/p>\n<\/li>\n<li data-start=\"528\" data-end=\"548\">\n<p data-start=\"530\" data-end=\"548\">Uyumlu Marka: BT<\/p>\n<\/li>\n<li data-start=\"549\" data-end=\"576\">\n<p data-start=\"551\" data-end=\"576\">Orijinal Stellana \u00fcr\u00fcn\u00fc<\/p>\n<\/li>\n<li data-start=\"577\" data-end=\"610\">\n<p data-start=\"579\" data-end=\"610\">A\u015f\u0131nmaya ve darbeye dayan\u0131kl\u0131<\/p>\n<\/li>\n<li data-start=\"611\" data-end=\"647\">\n<p data-start=\"613\" data-end=\"647\">Sessiz ve iz b\u0131rakmayan kullan\u0131m<\/p>\n<\/li>\n<li data-start=\"648\" data-end=\"688\">\n<p data-start=\"650\" data-end=\"688\">Depo i\u00e7i yo\u011fun y\u00fck ta\u015f\u0131ma i\u00e7in ideal<\/p>\n<\/li>\n<\/ul>\n","protected":false},"featured_media":16154,"template":"","meta":[],"product_brand":[],"product_cat":[416,419,521,528,251,255,194],"product_tag":[],"class_list":{"0":"post-16152","1":"product","2":"type-product","3":"status-publish","4":"has-post-thumbnail","6":"product_cat-stellana","7":"product_cat-yuk-tekeri-stellana","8":"product_cat-toyota","9":"product_cat-yuk-tekeri-toyota","10":"product_cat-bt","11":"product_cat-yuk-tekeri-bt","12":"product_cat-yuk-tekeri","14":"first","15":"instock","16":"taxable","17":"shipping-taxable","18":"purchasable","19":"product-type-simple"},"_links":{"self":[{"href":"https:\/\/ceoparts.com\/tr\/wp-json\/wp\/v2\/product\/16152","targetHints":{"allow":["GET"]}}],"collection":[{"href":"https:\/\/ceoparts.com\/tr\/wp-json\/wp\/v2\/product"}],"about":[{"href":"https:\/\/ceoparts.com\/tr\/wp-json\/wp\/v2\/types\/product"}],"wp:featuredmedia":[{"embeddable":true,"href":"https:\/\/ceoparts.com\/tr\/wp-json\/wp\/v2\/media\/16154"}],"wp:attachment":[{"href":"https:\/\/ceoparts.com\/tr\/wp-json\/wp\/v2\/media?parent=16152"}],"wp:term":[{"taxonomy":"product_brand","embeddable":true,"href":"https:\/\/ceoparts.com\/tr\/wp-json\/wp\/v2\/product_brand?post=16152"},{"taxonomy":"product_cat","embeddable":true,"href":"https:\/\/ceoparts.com\/tr\/wp-json\/wp\/v2\/product_cat?post=16152"},{"taxonomy":"product_tag","embeddable":true,"href":"https:\/\/ceoparts.com\/tr\/wp-json\/wp\/v2\/product_tag?post=16152"}],"curies":[{"name":"wp","href":"https:\/\/api.w.org\/{rel}","templated":true}]}}