{"id":16158,"date":"2025-03-20T09:17:14","date_gmt":"2025-03-20T06:17:14","guid":{"rendered":"https:\/\/ceoparts.com\/?post_type=product&#038;p=16158"},"modified":"2026-05-16T18:38:31","modified_gmt":"2026-05-16T15:38:31","slug":"210x83-hancha-yuruyus-tekeri","status":"publish","type":"product","link":"https:\/\/ceoparts.com\/tr\/urun\/210x83-hancha-yuruyus-tekeri\/","title":{"rendered":"210&#215;83 Stellana Hancha Y\u00fcr\u00fcy\u00fc\u015f Tekeri"},"content":{"rendered":"<p>210&#215;83 Stellana Hancha Y\u00fcr\u00fcy\u00fc\u015f Tekeri<\/p>","protected":false},"excerpt":{"rendered":"<p data-start=\"184\" data-end=\"478\"><strong data-start=\"184\" data-end=\"225\">210\u00d783 Stellana Hancha Y\u00fcr\u00fcy\u00fc\u015f Tekeri<\/strong>, Hancha marka forklift ve depo ara\u00e7lar\u0131nda y\u00fcr\u00fcy\u00fc\u015f hareketini sa\u011flamak \u00fczere tasarlanm\u0131\u015f, y\u00fcksek kaliteli ve uzun \u00f6m\u00fcrl\u00fc bir y\u00fcr\u00fcy\u00fc\u015f tekeridir. Stellana\u2019n\u0131n \u00fcst\u00fcn poli\u00fcretan kaplamas\u0131 sayesinde zemin dostu, sessiz ve a\u015f\u0131nmaya dayan\u0131kl\u0131 kullan\u0131m sa\u011flar.<\/p>\n<p data-start=\"480\" data-end=\"497\"><strong data-start=\"480\" data-end=\"495\">\u00d6zellikler:<\/strong><\/p>\n<ul data-start=\"498\" data-end=\"662\">\n<li data-start=\"498\" data-end=\"514\">\n<p data-start=\"500\" data-end=\"514\">\u00d6l\u00e7\u00fc: 210\u00d783<\/p>\n<\/li>\n<li data-start=\"515\" data-end=\"539\">\n<p data-start=\"517\" data-end=\"539\">Uyumlu Marka: Hancha<\/p>\n<\/li>\n<li data-start=\"540\" data-end=\"567\">\n<p data-start=\"542\" data-end=\"567\">Orijinal Stellana \u00fcr\u00fcn\u00fc<\/p>\n<\/li>\n<li data-start=\"568\" data-end=\"593\">\n<p data-start=\"570\" data-end=\"593\">Y\u00fcksek a\u015f\u0131nma direnci<\/p>\n<\/li>\n<li data-start=\"594\" data-end=\"629\">\n<p data-start=\"596\" data-end=\"629\">Sessiz ve iz b\u0131rakmayan \u00e7al\u0131\u015fma<\/p>\n<\/li>\n<li data-start=\"630\" data-end=\"662\">\n<p data-start=\"632\" data-end=\"662\">Depo i\u00e7i kullan\u0131m i\u00e7in ideal<\/p>\n<\/li>\n<\/ul>\n","protected":false},"featured_media":16160,"template":"","meta":[],"product_brand":[],"product_cat":[416,418,193],"product_tag":[],"class_list":{"0":"post-16158","1":"product","2":"type-product","3":"status-publish","4":"has-post-thumbnail","6":"product_cat-stellana","7":"product_cat-yuruyus-tekeri-stellana","8":"product_cat-yuruyus-tekeri","10":"first","11":"instock","12":"taxable","13":"shipping-taxable","14":"purchasable","15":"product-type-simple"},"_links":{"self":[{"href":"https:\/\/ceoparts.com\/tr\/wp-json\/wp\/v2\/product\/16158","targetHints":{"allow":["GET"]}}],"collection":[{"href":"https:\/\/ceoparts.com\/tr\/wp-json\/wp\/v2\/product"}],"about":[{"href":"https:\/\/ceoparts.com\/tr\/wp-json\/wp\/v2\/types\/product"}],"wp:featuredmedia":[{"embeddable":true,"href":"https:\/\/ceoparts.com\/tr\/wp-json\/wp\/v2\/media\/16160"}],"wp:attachment":[{"href":"https:\/\/ceoparts.com\/tr\/wp-json\/wp\/v2\/media?parent=16158"}],"wp:term":[{"taxonomy":"product_brand","embeddable":true,"href":"https:\/\/ceoparts.com\/tr\/wp-json\/wp\/v2\/product_brand?post=16158"},{"taxonomy":"product_cat","embeddable":true,"href":"https:\/\/ceoparts.com\/tr\/wp-json\/wp\/v2\/product_cat?post=16158"},{"taxonomy":"product_tag","embeddable":true,"href":"https:\/\/ceoparts.com\/tr\/wp-json\/wp\/v2\/product_tag?post=16158"}],"curies":[{"name":"wp","href":"https:\/\/api.w.org\/{rel}","templated":true}]}}