{"id":16164,"date":"2025-03-20T09:45:10","date_gmt":"2025-03-20T06:45:10","guid":{"rendered":"https:\/\/ceoparts.com\/?post_type=product&#038;p=16164"},"modified":"2026-05-16T12:54:04","modified_gmt":"2026-05-16T09:54:04","slug":"150x76-81-25-stellana-denge-tekeri-7509579-210545-7542704","status":"publish","type":"product","link":"https:\/\/ceoparts.com\/tr\/urun\/150x76-81-25-stellana-denge-tekeri-7509579-210545-7542704\/","title":{"rendered":"150&#215;76\/81-25 Stellana Denge Tekeri &#8211; 7509579, 210545, 7542704"},"content":{"rendered":"<p>150&#215;76\/81-25 Stellana Denge Tekeri &#8211; 7509579, 210545, 7542704<\/p>\n<p>OL 20<br \/>\nOL 25<\/p>\n<p>OS 1.0<br \/>\nOS 1.8 X OPUS<br \/>\nOS 2.0<br \/>\nOS 2.0 TRINKS<br \/>\nOS 3.0 OPUS<\/p>\n<p>OSE 120<br \/>\nOSE 120 IKEA<br \/>\nOSE 120 P<br \/>\nOSE 180 X<br \/>\nOSE 180 XP<br \/>\nOSE 250<br \/>\nOSE 250 P<\/p>","protected":false},"excerpt":{"rendered":"<p data-start=\"234\" data-end=\"531\"><strong data-start=\"234\" data-end=\"272\">150\u00d776\/81-25 Stellana Denge Tekeri<\/strong>, forklift ve depo i\u00e7i ekipmanlarda y\u00fck ta\u015f\u0131ma dengesi sa\u011flamak ve ara\u00e7 stabilitesini art\u0131rmak amac\u0131yla tasarlanm\u0131\u015f, y\u00fcksek kaliteli ve uzun \u00f6m\u00fcrl\u00fc bir denge tekeridir. Stellana&#8217;n\u0131n \u00fcst\u00fcn poli\u00fcretan kaplamas\u0131, zemin dostu ve a\u015f\u0131nmaya dayan\u0131kl\u0131 kullan\u0131m sunar.<\/p>\n<p data-start=\"533\" data-end=\"550\"><strong data-start=\"533\" data-end=\"548\">\u00d6zellikler:<\/strong><\/p>\n<ul data-start=\"551\" data-end=\"759\">\n<li data-start=\"551\" data-end=\"573\">\n<p data-start=\"553\" data-end=\"573\">\u00d6l\u00e7\u00fc: 150\u00d776\/81-25<\/p>\n<\/li>\n<li data-start=\"574\" data-end=\"620\">\n<p data-start=\"576\" data-end=\"620\">Referans Kodlar\u0131: 7509579, 210545, 7542704<\/p>\n<\/li>\n<li data-start=\"621\" data-end=\"648\">\n<p data-start=\"623\" data-end=\"648\">Orijinal Stellana \u00fcr\u00fcn\u00fc<\/p>\n<\/li>\n<li data-start=\"649\" data-end=\"684\">\n<p data-start=\"651\" data-end=\"684\">A\u011f\u0131r y\u00fcke ve a\u015f\u0131nmaya dayan\u0131kl\u0131<\/p>\n<\/li>\n<li data-start=\"685\" data-end=\"718\">\n<p data-start=\"687\" data-end=\"718\">Sessiz, iz b\u0131rakmayan \u00e7al\u0131\u015fma<\/p>\n<\/li>\n<li data-start=\"719\" data-end=\"759\">\n<p data-start=\"721\" data-end=\"759\">Forklift ve depo ara\u00e7lar\u0131 i\u00e7in ideal<\/p>\n<\/li>\n<\/ul>\n","protected":false},"featured_media":16168,"template":"","meta":[],"product_brand":[],"product_cat":[417,185],"product_tag":[],"class_list":{"0":"post-16164","1":"product","2":"type-product","3":"status-publish","4":"has-post-thumbnail","6":"product_cat-denge-tekeri-stellana","7":"product_cat-denge-tekeri","9":"first","10":"instock","11":"taxable","12":"shipping-taxable","13":"purchasable","14":"product-type-simple"},"_links":{"self":[{"href":"https:\/\/ceoparts.com\/tr\/wp-json\/wp\/v2\/product\/16164","targetHints":{"allow":["GET"]}}],"collection":[{"href":"https:\/\/ceoparts.com\/tr\/wp-json\/wp\/v2\/product"}],"about":[{"href":"https:\/\/ceoparts.com\/tr\/wp-json\/wp\/v2\/types\/product"}],"wp:featuredmedia":[{"embeddable":true,"href":"https:\/\/ceoparts.com\/tr\/wp-json\/wp\/v2\/media\/16168"}],"wp:attachment":[{"href":"https:\/\/ceoparts.com\/tr\/wp-json\/wp\/v2\/media?parent=16164"}],"wp:term":[{"taxonomy":"product_brand","embeddable":true,"href":"https:\/\/ceoparts.com\/tr\/wp-json\/wp\/v2\/product_brand?post=16164"},{"taxonomy":"product_cat","embeddable":true,"href":"https:\/\/ceoparts.com\/tr\/wp-json\/wp\/v2\/product_cat?post=16164"},{"taxonomy":"product_tag","embeddable":true,"href":"https:\/\/ceoparts.com\/tr\/wp-json\/wp\/v2\/product_tag?post=16164"}],"curies":[{"name":"wp","href":"https:\/\/api.w.org\/{rel}","templated":true}]}}