{"id":16169,"date":"2025-03-20T10:04:22","date_gmt":"2025-03-20T07:04:22","guid":{"rendered":"https:\/\/ceoparts.com\/?post_type=product&#038;p=16169"},"modified":"2026-05-16T15:03:45","modified_gmt":"2026-05-16T12:03:45","slug":"343x140-90-stellana-yuruyus-tekeri-50429920-51331334","status":"publish","type":"product","link":"https:\/\/ceoparts.com\/tr\/urun\/343x140-90-stellana-yuruyus-tekeri-50429920-51331334\/","title":{"rendered":"343\u00d7140-90 Stellana Y\u00fcr\u00fcy\u00fc\u015f Tekeri \u2013 50429920 , 51331334"},"content":{"rendered":"<p>343\u00d7140-90 Stellana Y\u00fcr\u00fcy\u00fc\u015f Tekeri \u2013 50429920 , 51331334<\/p>\n<table border=\"0\" frame=\"void\" rules=\"none\" cellspacing=\"0\">\n<colgroup>\n<col width=\"226\" \/>\n<col width=\"86\" \/><\/colgroup>\n<tbody>\n<tr>\n<td align=\"left\" width=\"226\" height=\"17\">ETM\/V 214\/216<\/td>\n<td align=\"left\" width=\"86\">12.03 &#8211;<\/td>\n<\/tr>\n<tr>\n<td align=\"left\" height=\"17\">ETM\/V 320\/325<\/td>\n<td align=\"left\">12.04 &#8211;<\/td>\n<\/tr>\n<tr>\n<td align=\"left\" height=\"17\">ETVQ 20\/25<\/td>\n<td align=\"left\">9.10 &#8211;<\/td>\n<\/tr>\n<tr>\n<td align=\"left\" height=\"17\">ESE 533<\/td>\n<td align=\"left\">3.10 &#8211;<\/td>\n<\/tr>\n<tr>\n<td align=\"left\" height=\"17\">ETM\/V 214\/216 (US)<\/td>\n<td align=\"left\">1.11 &#8211;<\/td>\n<\/tr>\n<tr>\n<td align=\"left\" height=\"17\">ETM\/V 320\/325 (US)<\/td>\n<td align=\"left\">1.11 &#8211;<\/td>\n<\/tr>\n<tr>\n<td align=\"left\" height=\"17\">ETVQ 20\/25 (US)<\/td>\n<td align=\"left\">1.11 &#8211;<\/td>\n<\/tr>\n<\/tbody>\n<\/table>","protected":false},"excerpt":{"rendered":"<p data-start=\"221\" data-end=\"538\"><strong data-start=\"221\" data-end=\"259\">343\u00d7140-90 Stellana Y\u00fcr\u00fcy\u00fc\u015f Tekeri<\/strong>, forklift, istifleme makinesi ve depo i\u00e7i ekipmanlarda a\u011f\u0131r y\u00fck ta\u015f\u0131ma ve manevra kabiliyetini art\u0131rmak amac\u0131yla \u00fcretilmi\u015f, y\u00fcksek dayan\u0131ml\u0131 ve uzun \u00f6m\u00fcrl\u00fc bir y\u00fcr\u00fcy\u00fc\u015f tekerle\u011fidir. \u00d6zel poli\u00fcretan kaplamas\u0131 sayesinde zeminde sessiz, iz b\u0131rakmayan ve darbelere dayan\u0131kl\u0131 \u00e7al\u0131\u015fma sa\u011flar.<\/p>\n<p data-start=\"540\" data-end=\"557\"><strong data-start=\"540\" data-end=\"555\">\u00d6zellikler:<\/strong><\/p>\n<ul data-start=\"558\" data-end=\"791\">\n<li data-start=\"558\" data-end=\"578\">\n<p data-start=\"560\" data-end=\"578\">\u00d6l\u00e7\u00fc: 343\u00d7140-90<\/p>\n<\/li>\n<li data-start=\"579\" data-end=\"619\">\n<p data-start=\"581\" data-end=\"619\">Referans Kodlar\u0131: 50429920, 51331334<\/p>\n<\/li>\n<li data-start=\"620\" data-end=\"652\">\n<p data-start=\"622\" data-end=\"652\">Stellana marka orijinal \u00fcr\u00fcn<\/p>\n<\/li>\n<li data-start=\"653\" data-end=\"699\">\n<p data-start=\"655\" data-end=\"699\">A\u015f\u0131nmaya, darbelere ve a\u011f\u0131r y\u00fcke dayan\u0131kl\u0131<\/p>\n<\/li>\n<li data-start=\"700\" data-end=\"747\">\n<p data-start=\"702\" data-end=\"747\">Zemin dostu, sessiz ve sars\u0131nt\u0131s\u0131z kullan\u0131m<\/p>\n<\/li>\n<li data-start=\"748\" data-end=\"791\">\n<p data-start=\"750\" data-end=\"791\">Forklift ve depo i\u00e7i ara\u00e7lar i\u00e7in uygun<\/p>\n<\/li>\n<\/ul>\n<p>&nbsp;<\/p>\n","protected":false},"featured_media":16171,"template":"","meta":[],"product_brand":[],"product_cat":[416,418,193],"product_tag":[],"class_list":{"0":"post-16169","1":"product","2":"type-product","3":"status-publish","4":"has-post-thumbnail","6":"product_cat-stellana","7":"product_cat-yuruyus-tekeri-stellana","8":"product_cat-yuruyus-tekeri","10":"first","11":"instock","12":"taxable","13":"shipping-taxable","14":"purchasable","15":"product-type-simple"},"_links":{"self":[{"href":"https:\/\/ceoparts.com\/tr\/wp-json\/wp\/v2\/product\/16169","targetHints":{"allow":["GET"]}}],"collection":[{"href":"https:\/\/ceoparts.com\/tr\/wp-json\/wp\/v2\/product"}],"about":[{"href":"https:\/\/ceoparts.com\/tr\/wp-json\/wp\/v2\/types\/product"}],"wp:featuredmedia":[{"embeddable":true,"href":"https:\/\/ceoparts.com\/tr\/wp-json\/wp\/v2\/media\/16171"}],"wp:attachment":[{"href":"https:\/\/ceoparts.com\/tr\/wp-json\/wp\/v2\/media?parent=16169"}],"wp:term":[{"taxonomy":"product_brand","embeddable":true,"href":"https:\/\/ceoparts.com\/tr\/wp-json\/wp\/v2\/product_brand?post=16169"},{"taxonomy":"product_cat","embeddable":true,"href":"https:\/\/ceoparts.com\/tr\/wp-json\/wp\/v2\/product_cat?post=16169"},{"taxonomy":"product_tag","embeddable":true,"href":"https:\/\/ceoparts.com\/tr\/wp-json\/wp\/v2\/product_tag?post=16169"}],"curies":[{"name":"wp","href":"https:\/\/api.w.org\/{rel}","templated":true}]}}