{"id":16245,"date":"2025-03-21T15:43:55","date_gmt":"2025-03-21T12:43:55","guid":{"rendered":"https:\/\/ceoparts.com\/?post_type=product&#038;p=16245"},"modified":"2026-05-16T16:07:58","modified_gmt":"2026-05-16T13:07:58","slug":"jungheinrich-fren-manyetigi-takim-51765293","status":"publish","type":"product","link":"https:\/\/ceoparts.com\/tr\/urun\/jungheinrich-fren-manyetigi-takim-51765293\/","title":{"rendered":"Jungheinrich Fren Manyeti\u011fi Tak\u0131m &#8211; 51765293"},"content":{"rendered":"<p>Jungheinrich Fren Manyeti\u011fi Tak\u0131m &#8211; 51765293<\/p>","protected":false},"excerpt":{"rendered":"<p data-start=\"202\" data-end=\"535\"><strong data-start=\"202\" data-end=\"250\">Jungheinrich Fren Manyeti\u011fi Tak\u0131m \u2013 51765293<\/strong>, Jungheinrich marka forklift ve istifleme ekipmanlar\u0131n\u0131n fren sistemlerinde kullan\u0131lan orijinal yedek par\u00e7ad\u0131r. Y\u00fcksek manyetik \u00e7ekim g\u00fcc\u00fc ve dayan\u0131kl\u0131 yap\u0131s\u0131 sayesinde frenleme performans\u0131n\u0131 art\u0131r\u0131r, g\u00fcvenli ve kontroll\u00fc kullan\u0131m sa\u011flar. T\u00fcm tak\u0131m par\u00e7alar\u0131 eksiksiz \u015fekilde sunulur.<\/p>\n<p data-start=\"537\" data-end=\"554\"><strong data-start=\"537\" data-end=\"552\">\u00d6zellikler:<\/strong><\/p>\n<ul data-start=\"555\" data-end=\"736\">\n<li data-start=\"555\" data-end=\"586\">\n<p data-start=\"557\" data-end=\"586\">Jungheinrich ile tam uyumlu<\/p>\n<\/li>\n<li data-start=\"587\" data-end=\"619\">\n<p data-start=\"589\" data-end=\"619\">Y\u00fcksek performansl\u0131 frenleme<\/p>\n<\/li>\n<li data-start=\"620\" data-end=\"653\">\n<p data-start=\"622\" data-end=\"653\">Dayan\u0131kl\u0131 ve uzun \u00f6m\u00fcrl\u00fc yap\u0131<\/p>\n<\/li>\n<li data-start=\"654\" data-end=\"679\">\n<p data-start=\"656\" data-end=\"679\">Kolay montaj ve bak\u0131m<\/p>\n<\/li>\n<li data-start=\"680\" data-end=\"736\">\n<p data-start=\"682\" data-end=\"736\">T\u00fcm ba\u011flant\u0131 elemanlar\u0131 ve aksesuarlar\u0131 tak\u0131m i\u00e7inde<\/p>\n<\/li>\n<\/ul>\n","protected":false},"featured_media":16247,"template":"","meta":[],"product_brand":[],"product_cat":[236,449,522],"product_tag":[],"class_list":{"0":"post-16245","1":"product","2":"type-product","3":"status-publish","4":"has-post-thumbnail","6":"product_cat-jungheinrich","7":"product_cat-fren-sistem-parcalari","8":"product_cat-yedek-parca-jungheinrich","10":"first","11":"instock","12":"taxable","13":"shipping-taxable","14":"purchasable","15":"product-type-simple"},"_links":{"self":[{"href":"https:\/\/ceoparts.com\/tr\/wp-json\/wp\/v2\/product\/16245","targetHints":{"allow":["GET"]}}],"collection":[{"href":"https:\/\/ceoparts.com\/tr\/wp-json\/wp\/v2\/product"}],"about":[{"href":"https:\/\/ceoparts.com\/tr\/wp-json\/wp\/v2\/types\/product"}],"wp:featuredmedia":[{"embeddable":true,"href":"https:\/\/ceoparts.com\/tr\/wp-json\/wp\/v2\/media\/16247"}],"wp:attachment":[{"href":"https:\/\/ceoparts.com\/tr\/wp-json\/wp\/v2\/media?parent=16245"}],"wp:term":[{"taxonomy":"product_brand","embeddable":true,"href":"https:\/\/ceoparts.com\/tr\/wp-json\/wp\/v2\/product_brand?post=16245"},{"taxonomy":"product_cat","embeddable":true,"href":"https:\/\/ceoparts.com\/tr\/wp-json\/wp\/v2\/product_cat?post=16245"},{"taxonomy":"product_tag","embeddable":true,"href":"https:\/\/ceoparts.com\/tr\/wp-json\/wp\/v2\/product_tag?post=16245"}],"curies":[{"name":"wp","href":"https:\/\/api.w.org\/{rel}","templated":true}]}}