{"id":16250,"date":"2025-03-21T16:18:17","date_gmt":"2025-03-21T13:18:17","guid":{"rendered":"https:\/\/ceoparts.com\/?post_type=product&#038;p=16250"},"modified":"2026-05-16T17:12:36","modified_gmt":"2026-05-16T14:12:36","slug":"linde-l16-direksiyon-kolu-3095405938","status":"publish","type":"product","link":"https:\/\/ceoparts.com\/tr\/urun\/linde-l16-direksiyon-kolu-3095405938\/","title":{"rendered":"Linde L16 Direksiyon Kolu &#8211; 3095405938"},"content":{"rendered":"<p>Linde L16 Direksiyon Kolu &#8211; 3095405938<\/p>","protected":false},"excerpt":{"rendered":"<p data-start=\"191\" data-end=\"499\"><strong data-start=\"191\" data-end=\"233\">Linde L16 Direksiyon Kolu \u2013 3095405938<\/strong>, Linde marka L16 model transpaletlerde kullan\u0131lan orijinal direksiyon kontrol koludur. Ergonomik tasar\u0131m\u0131 ve dayan\u0131kl\u0131 yap\u0131s\u0131 sayesinde operat\u00f6r\u00fcn rahat ve hassas bir \u015fekilde arac\u0131 kontrol etmesini sa\u011flar. Uzun \u00f6m\u00fcrl\u00fc ve y\u00fcksek kaliteli malzemelerden \u00fcretilmi\u015ftir.<\/p>\n<p data-start=\"501\" data-end=\"518\"><strong data-start=\"501\" data-end=\"516\">\u00d6zellikler:<\/strong><\/p>\n<ul data-start=\"519\" data-end=\"626\">\n<li data-start=\"519\" data-end=\"545\">\n<p data-start=\"521\" data-end=\"545\">Linde L16 ile tam uyum<\/p>\n<\/li>\n<li data-start=\"546\" data-end=\"577\">\n<p data-start=\"548\" data-end=\"577\">Ergonomik ve sa\u011flam tasar\u0131m<\/p>\n<\/li>\n<li data-start=\"578\" data-end=\"609\">\n<p data-start=\"580\" data-end=\"609\">Hassas ve konforlu kullan\u0131m<\/p>\n<\/li>\n<li data-start=\"610\" data-end=\"626\">\n<p data-start=\"612\" data-end=\"626\">Kolay montaj<\/p>\n<\/li>\n<\/ul>\n<p>Linde L14-16, Seri 372, Referans 3095405938, 3093810427 i\u00e7in 3093810427<\/p>\n","protected":false},"featured_media":16251,"template":"","meta":[],"product_brand":[],"product_cat":[246,450,523],"product_tag":[],"class_list":{"0":"post-16250","1":"product","2":"type-product","3":"status-publish","4":"has-post-thumbnail","6":"product_cat-linde","7":"product_cat-direksiyon-sistemleri","8":"product_cat-yedek-parca-linde","10":"first","11":"instock","12":"taxable","13":"shipping-taxable","14":"purchasable","15":"product-type-simple"},"_links":{"self":[{"href":"https:\/\/ceoparts.com\/tr\/wp-json\/wp\/v2\/product\/16250","targetHints":{"allow":["GET"]}}],"collection":[{"href":"https:\/\/ceoparts.com\/tr\/wp-json\/wp\/v2\/product"}],"about":[{"href":"https:\/\/ceoparts.com\/tr\/wp-json\/wp\/v2\/types\/product"}],"wp:featuredmedia":[{"embeddable":true,"href":"https:\/\/ceoparts.com\/tr\/wp-json\/wp\/v2\/media\/16251"}],"wp:attachment":[{"href":"https:\/\/ceoparts.com\/tr\/wp-json\/wp\/v2\/media?parent=16250"}],"wp:term":[{"taxonomy":"product_brand","embeddable":true,"href":"https:\/\/ceoparts.com\/tr\/wp-json\/wp\/v2\/product_brand?post=16250"},{"taxonomy":"product_cat","embeddable":true,"href":"https:\/\/ceoparts.com\/tr\/wp-json\/wp\/v2\/product_cat?post=16250"},{"taxonomy":"product_tag","embeddable":true,"href":"https:\/\/ceoparts.com\/tr\/wp-json\/wp\/v2\/product_tag?post=16250"}],"curies":[{"name":"wp","href":"https:\/\/api.w.org\/{rel}","templated":true}]}}