{"id":16256,"date":"2025-03-22T11:00:53","date_gmt":"2025-03-22T08:00:53","guid":{"rendered":"https:\/\/ceoparts.com\/?post_type=product&#038;p=16256"},"modified":"2026-05-16T18:09:39","modified_gmt":"2026-05-16T15:09:39","slug":"stek-cin-fren-manyetigi-103032496","status":"publish","type":"product","link":"https:\/\/ceoparts.com\/tr\/urun\/stek-cin-fren-manyetigi-103032496\/","title":{"rendered":"Stek \u00c7in Fren Manyeti\u011fi &#8211; 103032496"},"content":{"rendered":"<p>Stek \u00c7in Fren Manyeti\u011fi &#8211; 103032496<\/p>","protected":false},"excerpt":{"rendered":"<p data-start=\"183\" data-end=\"504\"><strong data-start=\"183\" data-end=\"222\">Stek \u00c7in Fren Manyeti\u011fi \u2013 103032496<\/strong>, forklift ve istifleme ekipmanlar\u0131nda kullan\u0131lan fren sistemlerinin en \u00f6nemli par\u00e7alar\u0131ndan biridir. G\u00fc\u00e7l\u00fc m\u0131knat\u0131s yap\u0131s\u0131 ve kaliteli malzeme ile \u00fcretilmi\u015f olup, \u00f6zellikle \u00c7in men\u015feli forklift modelleriyle tam uyum sa\u011flar. Frenleme performans\u0131n\u0131 art\u0131r\u0131r ve g\u00fcvenli kullan\u0131m sunar.<\/p>\n<p data-start=\"506\" data-end=\"523\"><strong data-start=\"506\" data-end=\"521\">\u00d6zellikler:<\/strong><\/p>\n<ul data-start=\"524\" data-end=\"655\">\n<li data-start=\"524\" data-end=\"556\">\n<p data-start=\"526\" data-end=\"556\">Y\u00fcksek performansl\u0131 frenleme<\/p>\n<\/li>\n<li data-start=\"557\" data-end=\"595\">\n<p data-start=\"559\" data-end=\"595\">\u00c7in forklift modelleriyle tam uyum<\/p>\n<\/li>\n<li data-start=\"596\" data-end=\"629\">\n<p data-start=\"598\" data-end=\"629\">Dayan\u0131kl\u0131 ve uzun \u00f6m\u00fcrl\u00fc yap\u0131<\/p>\n<\/li>\n<li data-start=\"630\" data-end=\"655\">\n<p data-start=\"632\" data-end=\"655\">Kolay montaj ve bak\u0131m<\/p>\n<\/li>\n<\/ul>\n","protected":false},"featured_media":16260,"template":"","meta":[],"product_brand":[],"product_cat":[449],"product_tag":[],"class_list":{"0":"post-16256","1":"product","2":"type-product","3":"status-publish","4":"has-post-thumbnail","6":"product_cat-fren-sistem-parcalari","8":"first","9":"instock","10":"taxable","11":"shipping-taxable","12":"purchasable","13":"product-type-simple"},"_links":{"self":[{"href":"https:\/\/ceoparts.com\/tr\/wp-json\/wp\/v2\/product\/16256","targetHints":{"allow":["GET"]}}],"collection":[{"href":"https:\/\/ceoparts.com\/tr\/wp-json\/wp\/v2\/product"}],"about":[{"href":"https:\/\/ceoparts.com\/tr\/wp-json\/wp\/v2\/types\/product"}],"wp:featuredmedia":[{"embeddable":true,"href":"https:\/\/ceoparts.com\/tr\/wp-json\/wp\/v2\/media\/16260"}],"wp:attachment":[{"href":"https:\/\/ceoparts.com\/tr\/wp-json\/wp\/v2\/media?parent=16256"}],"wp:term":[{"taxonomy":"product_brand","embeddable":true,"href":"https:\/\/ceoparts.com\/tr\/wp-json\/wp\/v2\/product_brand?post=16256"},{"taxonomy":"product_cat","embeddable":true,"href":"https:\/\/ceoparts.com\/tr\/wp-json\/wp\/v2\/product_cat?post=16256"},{"taxonomy":"product_tag","embeddable":true,"href":"https:\/\/ceoparts.com\/tr\/wp-json\/wp\/v2\/product_tag?post=16256"}],"curies":[{"name":"wp","href":"https:\/\/api.w.org\/{rel}","templated":true}]}}