{"id":16261,"date":"2025-03-22T11:34:56","date_gmt":"2025-03-22T08:34:56","guid":{"rendered":"https:\/\/ceoparts.com\/?post_type=product&#038;p=16261"},"modified":"2026-05-16T22:37:48","modified_gmt":"2026-05-16T19:37:48","slug":"albright-linde-acil-stop-kontaktoru-7915491610-7915491622","status":"publish","type":"product","link":"https:\/\/ceoparts.com\/tr\/urun\/albright-linde-acil-stop-kontaktoru-7915491610-7915491622\/","title":{"rendered":"Albright Linde Acil Stop Kontakt\u00f6r\u00fc &#8211; 7915491610 , 7915491622"},"content":{"rendered":"<p>Albright Linde Acil Stop Kontakt\u00f6r\u00fc &#8211; 7915491610 , 7915491622<\/p>\n<table border=\"0\" width=\"339\" cellspacing=\"0\" cellpadding=\"0\">\n<colgroup>\n<col width=\"84\" \/>\n<col width=\"255\" \/><\/colgroup>\n<tbody>\n<tr>\n<td class=\"xl65\" width=\"84\" height=\"20\"><span style=\"font-family: Calibri;\">1158<\/span><\/td>\n<td class=\"xl65\" width=\"255\"><span style=\"font-family: Calibri;\">T30\/T30AP<\/span><\/td>\n<\/tr>\n<tr>\n<td class=\"xl65\" height=\"20\"><span style=\"font-family: Calibri;\">1158<\/span><\/td>\n<td class=\"xl65\"><span style=\"font-family: Calibri;\">T20AP-04\/T20SP<\/span><\/td>\n<\/tr>\n<tr>\n<td class=\"xl65\" height=\"20\"><span style=\"font-family: Calibri;\">1170<\/span><\/td>\n<td class=\"xl65\"><span style=\"font-family: Calibri;\">L06\/10\/12\/16AC<\/span><\/td>\n<\/tr>\n<tr>\n<td class=\"xl65\" height=\"20\"><span style=\"font-family: Calibri;\">131<\/span><\/td>\n<td class=\"xl65\"><span style=\"font-family: Calibri;\">T20AP\/T20SP<\/span><\/td>\n<\/tr>\n<tr>\n<td class=\"xl65\" height=\"20\"><span style=\"font-family: Calibri;\">131<\/span><\/td>\n<td class=\"xl65\"><span style=\"font-family: Calibri;\">T30<\/span><\/td>\n<\/tr>\n<tr>\n<td class=\"xl65\" height=\"20\"><span style=\"font-family: Calibri;\">131<\/span><\/td>\n<td class=\"xl65\"><span style=\"font-family: Calibri;\">L14\/16AS<\/span><\/td>\n<\/tr>\n<tr>\n<td class=\"xl65\" height=\"20\"><span style=\"font-family: Calibri;\">131<\/span><\/td>\n<td class=\"xl65\"><span style=\"font-family: Calibri;\">P50<\/span><\/td>\n<\/tr>\n<tr>\n<td class=\"xl65\" height=\"20\"><span style=\"font-family: Calibri;\">133<\/span><\/td>\n<td class=\"xl65\"><span style=\"font-family: Calibri;\">L12\/L14-L12L\/L14L-L12LHP<\/span><\/td>\n<\/tr>\n<tr>\n<td class=\"xl65\" height=\"20\"><span style=\"font-family: Calibri;\">372<\/span><\/td>\n<td class=\"xl65\"><span style=\"font-family: Calibri;\">L14\/16\/L14AP\/16AP<\/span><\/td>\n<\/tr>\n<\/tbody>\n<\/table>","protected":false},"excerpt":{"rendered":"<p data-start=\"236\" data-end=\"584\"><strong data-start=\"236\" data-end=\"301\">Albright Linde Acil Stop Kontakt\u00f6r\u00fc \u2013 7915491610 , 7915491622<\/strong>, forklift ve istif makinalar\u0131nda acil durumlarda devreyi keserek sistemin ve kullan\u0131c\u0131 g\u00fcvenli\u011fini sa\u011flayan hayati bir par\u00e7ad\u0131r. \u00d6zellikle Linde marka forkliftlerle tam uyumlu \u00e7al\u0131\u015f\u0131r. Dayan\u0131kl\u0131 yap\u0131s\u0131, h\u0131zl\u0131 tepki s\u00fcresi ve uzun \u00f6m\u00fcrl\u00fc performans\u0131 ile g\u00fcvenilir bir kullan\u0131m sunar.<\/p>\n<p data-start=\"586\" data-end=\"603\"><strong data-start=\"586\" data-end=\"601\">\u00d6zellikler:<\/strong><\/p>\n<ul data-start=\"604\" data-end=\"749\">\n<li data-start=\"604\" data-end=\"646\">\n<p data-start=\"606\" data-end=\"646\">Linde forklift modelleriyle tam uyumlu<\/p>\n<\/li>\n<li data-start=\"647\" data-end=\"689\">\n<p data-start=\"649\" data-end=\"689\">Y\u00fcksek g\u00fcvenlikli devre kesme \u00f6zelli\u011fi<\/p>\n<\/li>\n<li data-start=\"690\" data-end=\"720\">\n<p data-start=\"692\" data-end=\"720\">Dayan\u0131kl\u0131 ve kaliteli yap\u0131<\/p>\n<\/li>\n<li data-start=\"721\" data-end=\"749\">\n<p data-start=\"723\" data-end=\"749\">Kolay montaj ve ba\u011flant\u0131<\/p>\n<\/li>\n<\/ul>\n","protected":false},"featured_media":16262,"template":"","meta":[],"product_brand":[],"product_cat":[246,462,523],"product_tag":[],"class_list":{"0":"post-16261","1":"product","2":"type-product","3":"status-publish","4":"has-post-thumbnail","6":"product_cat-linde","7":"product_cat-kontaktorler","8":"product_cat-yedek-parca-linde","10":"first","11":"instock","12":"taxable","13":"shipping-taxable","14":"purchasable","15":"product-type-simple"},"_links":{"self":[{"href":"https:\/\/ceoparts.com\/tr\/wp-json\/wp\/v2\/product\/16261","targetHints":{"allow":["GET"]}}],"collection":[{"href":"https:\/\/ceoparts.com\/tr\/wp-json\/wp\/v2\/product"}],"about":[{"href":"https:\/\/ceoparts.com\/tr\/wp-json\/wp\/v2\/types\/product"}],"wp:featuredmedia":[{"embeddable":true,"href":"https:\/\/ceoparts.com\/tr\/wp-json\/wp\/v2\/media\/16262"}],"wp:attachment":[{"href":"https:\/\/ceoparts.com\/tr\/wp-json\/wp\/v2\/media?parent=16261"}],"wp:term":[{"taxonomy":"product_brand","embeddable":true,"href":"https:\/\/ceoparts.com\/tr\/wp-json\/wp\/v2\/product_brand?post=16261"},{"taxonomy":"product_cat","embeddable":true,"href":"https:\/\/ceoparts.com\/tr\/wp-json\/wp\/v2\/product_cat?post=16261"},{"taxonomy":"product_tag","embeddable":true,"href":"https:\/\/ceoparts.com\/tr\/wp-json\/wp\/v2\/product_tag?post=16261"}],"curies":[{"name":"wp","href":"https:\/\/api.w.org\/{rel}","templated":true}]}}