{"id":16272,"date":"2025-03-24T11:52:02","date_gmt":"2025-03-24T08:52:02","guid":{"rendered":"https:\/\/ceoparts.com\/?post_type=product&#038;p=16272"},"modified":"2026-05-16T15:24:32","modified_gmt":"2026-05-16T12:24:32","slug":"jungheinrich-tutamak-51192969","status":"publish","type":"product","link":"https:\/\/ceoparts.com\/tr\/urun\/jungheinrich-tutamak-51192969\/","title":{"rendered":"Jungheinrich Tutamak &#8211; 51192969"},"content":{"rendered":"<p>Jungheinrich Tutamak &#8211; 51192969<\/p>","protected":false},"excerpt":{"rendered":"<p data-start=\"206\" data-end=\"595\"><strong data-start=\"206\" data-end=\"241\">Jungheinrich Tutamak \u2013 51192969<\/strong>, forklift ve istif makinalar\u0131nda operat\u00f6r\u00fcn g\u00fcvenli\u011fini ve konforunu art\u0131rmak amac\u0131yla kullan\u0131lan kaliteli bir yedek par\u00e7ad\u0131r. Dayan\u0131kl\u0131 yap\u0131s\u0131 sayesinde uzun s\u00fcreli kullan\u0131m sa\u011flar ve ergonomik tasar\u0131m\u0131yla kullan\u0131c\u0131ya rahat bir tutu\u015f imkan\u0131 sunar. Jungheinrich marka forkliftlerle tam uyumlu bu tutamak, kolay montaj avantaj\u0131yla pratik bir \u00e7\u00f6z\u00fcm sunar.<\/p>\n<p data-start=\"597\" data-end=\"614\"><strong data-start=\"597\" data-end=\"612\">\u00d6zellikler:<\/strong><\/p>\n<ul data-start=\"615\" data-end=\"762\">\n<li data-start=\"615\" data-end=\"664\">\n<p data-start=\"617\" data-end=\"664\">Jungheinrich forklift modelleriyle tam uyumlu<\/p>\n<\/li>\n<li data-start=\"665\" data-end=\"699\">\n<p data-start=\"667\" data-end=\"699\">Dayan\u0131kl\u0131 ve ergonomik tasar\u0131m<\/p>\n<\/li>\n<li data-start=\"700\" data-end=\"716\">\n<p data-start=\"702\" data-end=\"716\">Kolay montaj<\/p>\n<\/li>\n<li data-start=\"717\" data-end=\"762\">\n<p data-start=\"719\" data-end=\"762\">Operat\u00f6r konforunu ve g\u00fcvenli\u011fini art\u0131r\u0131r<\/p>\n<\/li>\n<\/ul>\n","protected":false},"featured_media":16273,"template":"","meta":[],"product_brand":[],"product_cat":[236,470,522],"product_tag":[],"class_list":{"0":"post-16272","1":"product","2":"type-product","3":"status-publish","4":"has-post-thumbnail","6":"product_cat-jungheinrich","7":"product_cat-diger-yedek-parcalar","8":"product_cat-yedek-parca-jungheinrich","10":"first","11":"instock","12":"taxable","13":"shipping-taxable","14":"purchasable","15":"product-type-simple"},"_links":{"self":[{"href":"https:\/\/ceoparts.com\/tr\/wp-json\/wp\/v2\/product\/16272","targetHints":{"allow":["GET"]}}],"collection":[{"href":"https:\/\/ceoparts.com\/tr\/wp-json\/wp\/v2\/product"}],"about":[{"href":"https:\/\/ceoparts.com\/tr\/wp-json\/wp\/v2\/types\/product"}],"wp:featuredmedia":[{"embeddable":true,"href":"https:\/\/ceoparts.com\/tr\/wp-json\/wp\/v2\/media\/16273"}],"wp:attachment":[{"href":"https:\/\/ceoparts.com\/tr\/wp-json\/wp\/v2\/media?parent=16272"}],"wp:term":[{"taxonomy":"product_brand","embeddable":true,"href":"https:\/\/ceoparts.com\/tr\/wp-json\/wp\/v2\/product_brand?post=16272"},{"taxonomy":"product_cat","embeddable":true,"href":"https:\/\/ceoparts.com\/tr\/wp-json\/wp\/v2\/product_cat?post=16272"},{"taxonomy":"product_tag","embeddable":true,"href":"https:\/\/ceoparts.com\/tr\/wp-json\/wp\/v2\/product_tag?post=16272"}],"curies":[{"name":"wp","href":"https:\/\/api.w.org\/{rel}","templated":true}]}}