{"id":16284,"date":"2025-03-24T13:40:55","date_gmt":"2025-03-24T10:40:55","guid":{"rendered":"https:\/\/ceoparts.com\/?post_type=product&#038;p=16284"},"modified":"2026-05-16T15:29:41","modified_gmt":"2026-05-16T12:29:41","slug":"bt-lpe-spe-basinc-sensoru-224980","status":"publish","type":"product","link":"https:\/\/ceoparts.com\/tr\/urun\/bt-lpe-spe-basinc-sensoru-224980\/","title":{"rendered":"BT LPE\/SPE Bas\u0131n\u00e7 Sens\u00f6r\u00fc &#8211; 224980"},"content":{"rendered":"<p>BT LPE\/SPE Bas\u0131n\u00e7 Sens\u00f6r\u00fc &#8211; 224980<\/p>","protected":false},"excerpt":{"rendered":"<p data-start=\"171\" data-end=\"483\"><strong data-start=\"171\" data-end=\"209\">BT LPE\/SPE Bas\u0131n\u00e7 Sens\u00f6r\u00fc \u2013 224980<\/strong>, forklift ve istif makinelerinde hidrolik sistem bas\u0131nc\u0131n\u0131 hassas \u015fekilde \u00f6l\u00e7mek ve kontrol etmek i\u00e7in tasarlanm\u0131\u015ft\u0131r. Y\u00fcksek dayan\u0131kl\u0131l\u0131k ve g\u00fcvenilir performans\u0131 sayesinde uzun \u00f6m\u00fcrl\u00fc kullan\u0131m sunar. Makinenizin verimli ve g\u00fcvenli \u00e7al\u0131\u015fmas\u0131 i\u00e7in ideal bir yedek par\u00e7ad\u0131r.<\/p>\n<p data-start=\"485\" data-end=\"502\"><strong data-start=\"485\" data-end=\"500\">\u00d6zellikler:<\/strong><\/p>\n<ul data-start=\"503\" data-end=\"619\">\n<li data-start=\"503\" data-end=\"540\">\n<p data-start=\"505\" data-end=\"540\">Y\u00fcksek hassasiyetli bas\u0131n\u00e7 \u00f6l\u00e7\u00fcm\u00fc<\/p>\n<\/li>\n<li data-start=\"541\" data-end=\"570\">\n<p data-start=\"543\" data-end=\"570\">Dayan\u0131kl\u0131 ve sa\u011flam g\u00f6vde<\/p>\n<\/li>\n<li data-start=\"571\" data-end=\"602\">\n<p data-start=\"573\" data-end=\"602\">BT LPE ve SPE serisi uyumlu<\/p>\n<\/li>\n<li data-start=\"603\" data-end=\"619\">\n<p data-start=\"605\" data-end=\"619\">Kolay montaj<\/p>\n<\/li>\n<\/ul>\n","protected":false},"featured_media":16289,"template":"","meta":[],"product_brand":[],"product_cat":[251,461,518],"product_tag":[],"class_list":{"0":"post-16284","1":"product","2":"type-product","3":"status-publish","4":"has-post-thumbnail","6":"product_cat-bt","7":"product_cat-hidrolik-sistemi","8":"product_cat-yedek-parca-bt","10":"first","11":"instock","12":"taxable","13":"shipping-taxable","14":"purchasable","15":"product-type-simple"},"_links":{"self":[{"href":"https:\/\/ceoparts.com\/tr\/wp-json\/wp\/v2\/product\/16284","targetHints":{"allow":["GET"]}}],"collection":[{"href":"https:\/\/ceoparts.com\/tr\/wp-json\/wp\/v2\/product"}],"about":[{"href":"https:\/\/ceoparts.com\/tr\/wp-json\/wp\/v2\/types\/product"}],"wp:featuredmedia":[{"embeddable":true,"href":"https:\/\/ceoparts.com\/tr\/wp-json\/wp\/v2\/media\/16289"}],"wp:attachment":[{"href":"https:\/\/ceoparts.com\/tr\/wp-json\/wp\/v2\/media?parent=16284"}],"wp:term":[{"taxonomy":"product_brand","embeddable":true,"href":"https:\/\/ceoparts.com\/tr\/wp-json\/wp\/v2\/product_brand?post=16284"},{"taxonomy":"product_cat","embeddable":true,"href":"https:\/\/ceoparts.com\/tr\/wp-json\/wp\/v2\/product_cat?post=16284"},{"taxonomy":"product_tag","embeddable":true,"href":"https:\/\/ceoparts.com\/tr\/wp-json\/wp\/v2\/product_tag?post=16284"}],"curies":[{"name":"wp","href":"https:\/\/api.w.org\/{rel}","templated":true}]}}