{"id":16290,"date":"2025-03-24T14:09:23","date_gmt":"2025-03-24T11:09:23","guid":{"rendered":"https:\/\/ceoparts.com\/?post_type=product&#038;p=16290"},"modified":"2026-05-03T17:02:53","modified_gmt":"2026-05-03T14:02:53","slug":"linde-kontaktor-0009763594","status":"publish","type":"product","link":"https:\/\/ceoparts.com\/tr\/urun\/linde-kontaktor-0009763594\/","title":{"rendered":"Linde Kontakt\u00f6r &#8211; 0009763594"},"content":{"rendered":"<p>Linde Kontakt\u00f6r &#8211; 0009763594<\/p>","protected":false},"excerpt":{"rendered":"<p data-start=\"104\" data-end=\"428\"><strong data-start=\"104\" data-end=\"136\">Linde Kontakt\u00f6r \u2013 0009763594<\/strong>, forklift ve end\u00fcstriyel ara\u00e7larda elektrik devrelerinin g\u00fcvenli ve verimli \u015fekilde kontrol edilmesini sa\u011flar. Y\u00fcksek kalite standartlar\u0131 ile uzun \u00f6m\u00fcrl\u00fc ve dayan\u0131kl\u0131 yap\u0131s\u0131 sayesinde zorlu \u00e7al\u0131\u015fma ko\u015fullar\u0131na uygundur. Elektrik sistemlerinizde g\u00fcvenilir performans i\u00e7in ideal bir par\u00e7ad\u0131r.<\/p>\n<p data-start=\"430\" data-end=\"447\"><strong data-start=\"430\" data-end=\"445\">\u00d6zellikler:<\/strong><\/p>\n<ul data-start=\"448\" data-end=\"608\">\n<li data-start=\"448\" data-end=\"476\">\n<p data-start=\"450\" data-end=\"476\">Dayan\u0131kl\u0131 ve uzun \u00f6m\u00fcrl\u00fc<\/p>\n<\/li>\n<li data-start=\"477\" data-end=\"525\">\n<p data-start=\"479\" data-end=\"525\">End\u00fcstriyel ve forklift uygulamalar\u0131na uygun<\/p>\n<\/li>\n<li data-start=\"526\" data-end=\"576\">\n<p data-start=\"528\" data-end=\"576\">Elektrik devresi kontrol\u00fcnde y\u00fcksek performans<\/p>\n<\/li>\n<li data-start=\"577\" data-end=\"608\">\n<p data-start=\"579\" data-end=\"608\">Kaliteli malzeme ve i\u015f\u00e7ilik<\/p>\n<\/li>\n<\/ul>\n","protected":false},"featured_media":16295,"template":"","meta":[],"product_brand":[],"product_cat":[246,462,523],"product_tag":[],"class_list":{"0":"post-16290","1":"product","2":"type-product","3":"status-publish","4":"has-post-thumbnail","6":"product_cat-linde","7":"product_cat-kontaktorler","8":"product_cat-yedek-parca-linde","10":"first","11":"instock","12":"taxable","13":"shipping-taxable","14":"purchasable","15":"product-type-simple"},"_links":{"self":[{"href":"https:\/\/ceoparts.com\/tr\/wp-json\/wp\/v2\/product\/16290","targetHints":{"allow":["GET"]}}],"collection":[{"href":"https:\/\/ceoparts.com\/tr\/wp-json\/wp\/v2\/product"}],"about":[{"href":"https:\/\/ceoparts.com\/tr\/wp-json\/wp\/v2\/types\/product"}],"wp:featuredmedia":[{"embeddable":true,"href":"https:\/\/ceoparts.com\/tr\/wp-json\/wp\/v2\/media\/16295"}],"wp:attachment":[{"href":"https:\/\/ceoparts.com\/tr\/wp-json\/wp\/v2\/media?parent=16290"}],"wp:term":[{"taxonomy":"product_brand","embeddable":true,"href":"https:\/\/ceoparts.com\/tr\/wp-json\/wp\/v2\/product_brand?post=16290"},{"taxonomy":"product_cat","embeddable":true,"href":"https:\/\/ceoparts.com\/tr\/wp-json\/wp\/v2\/product_cat?post=16290"},{"taxonomy":"product_tag","embeddable":true,"href":"https:\/\/ceoparts.com\/tr\/wp-json\/wp\/v2\/product_tag?post=16290"}],"curies":[{"name":"wp","href":"https:\/\/api.w.org\/{rel}","templated":true}]}}