{"id":16302,"date":"2025-03-24T15:35:45","date_gmt":"2025-03-24T12:35:45","guid":{"rendered":"https:\/\/ceoparts.com\/?post_type=product&#038;p=16302"},"modified":"2026-05-16T15:04:12","modified_gmt":"2026-05-16T12:04:12","slug":"albright-kontaktor-sw201-80v","status":"publish","type":"product","link":"https:\/\/ceoparts.com\/tr\/urun\/albright-kontaktor-sw201-80v\/","title":{"rendered":"Albright Kontakt\u00f6r SW201 80V"},"content":{"rendered":"<p>Albright Kontakt\u00f6r SW201 80V<\/p>","protected":false},"excerpt":{"rendered":"<p data-start=\"110\" data-end=\"398\"><strong data-start=\"110\" data-end=\"142\">Albright Kontakt\u00f6r SW201 80V<\/strong>, forklift ve end\u00fcstriyel ara\u00e7larda y\u00fcksek performansl\u0131 elektrik ak\u0131m\u0131 kontrol\u00fc sa\u011flar. Dayan\u0131kl\u0131 yap\u0131s\u0131 ve g\u00fcvenilir \u00e7al\u0131\u015fma prensibi ile sisteminizin elektrik devresini etkili \u015fekilde y\u00f6netir. 80V \u00e7al\u0131\u015fma gerilimine uygun olup uzun \u00f6m\u00fcrl\u00fc kullan\u0131m sunar.<\/p>\n<p data-start=\"400\" data-end=\"417\"><strong data-start=\"400\" data-end=\"415\">\u00d6zellikler:<\/strong><\/p>\n<ul data-start=\"418\" data-end=\"543\">\n<li data-start=\"418\" data-end=\"444\">\n<p data-start=\"420\" data-end=\"444\">Y\u00fcksek ak\u0131m kapasitesi<\/p>\n<\/li>\n<li data-start=\"445\" data-end=\"469\">\n<p data-start=\"447\" data-end=\"469\">80V \u00e7al\u0131\u015fma gerilimi<\/p>\n<\/li>\n<li data-start=\"470\" data-end=\"496\">\n<p data-start=\"472\" data-end=\"496\">Dayan\u0131kl\u0131 ve g\u00fcvenilir<\/p>\n<\/li>\n<li data-start=\"497\" data-end=\"543\">\n<p data-start=\"499\" data-end=\"543\">Forklift ve end\u00fcstriyel ara\u00e7lar i\u00e7in ideal<\/p>\n<\/li>\n<\/ul>\n","protected":false},"featured_media":16306,"template":"","meta":[],"product_brand":[],"product_cat":[462],"product_tag":[],"class_list":{"0":"post-16302","1":"product","2":"type-product","3":"status-publish","4":"has-post-thumbnail","6":"product_cat-kontaktorler","8":"first","9":"instock","10":"taxable","11":"shipping-taxable","12":"purchasable","13":"product-type-simple"},"_links":{"self":[{"href":"https:\/\/ceoparts.com\/tr\/wp-json\/wp\/v2\/product\/16302","targetHints":{"allow":["GET"]}}],"collection":[{"href":"https:\/\/ceoparts.com\/tr\/wp-json\/wp\/v2\/product"}],"about":[{"href":"https:\/\/ceoparts.com\/tr\/wp-json\/wp\/v2\/types\/product"}],"wp:featuredmedia":[{"embeddable":true,"href":"https:\/\/ceoparts.com\/tr\/wp-json\/wp\/v2\/media\/16306"}],"wp:attachment":[{"href":"https:\/\/ceoparts.com\/tr\/wp-json\/wp\/v2\/media?parent=16302"}],"wp:term":[{"taxonomy":"product_brand","embeddable":true,"href":"https:\/\/ceoparts.com\/tr\/wp-json\/wp\/v2\/product_brand?post=16302"},{"taxonomy":"product_cat","embeddable":true,"href":"https:\/\/ceoparts.com\/tr\/wp-json\/wp\/v2\/product_cat?post=16302"},{"taxonomy":"product_tag","embeddable":true,"href":"https:\/\/ceoparts.com\/tr\/wp-json\/wp\/v2\/product_tag?post=16302"}],"curies":[{"name":"wp","href":"https:\/\/api.w.org\/{rel}","templated":true}]}}