{"id":16311,"date":"2025-03-25T08:57:39","date_gmt":"2025-03-25T05:57:39","guid":{"rendered":"https:\/\/ceoparts.com\/?post_type=product&#038;p=16311"},"modified":"2026-05-16T18:10:39","modified_gmt":"2026-05-16T15:10:39","slug":"forkliftfilt-ay3462-yag-filtresi-ay3462","status":"publish","type":"product","link":"https:\/\/ceoparts.com\/tr\/urun\/forkliftfilt-ay3462-yag-filtresi-ay3462\/","title":{"rendered":"Forklift filt AY3462 Ya\u011f Filtresi &#8211; AY3462"},"content":{"rendered":"<p>Forklift filt AY3462 Ya\u011f Filtresi &#8211; AY3462<\/p>","protected":false},"excerpt":{"rendered":"<p data-start=\"118\" data-end=\"420\"><strong data-start=\"118\" data-end=\"155\">Forklift Filt AY3462 Ya\u011f Filtresi<\/strong>, forklift motorunuzun ya\u011f\u0131n\u0131 temizleyerek motorun daha uzun \u00f6m\u00fcrl\u00fc ve verimli \u00e7al\u0131\u015fmas\u0131n\u0131 sa\u011flar. Y\u00fcksek kaliteli malzemelerle \u00fcretilmi\u015f olup, partik\u00fclleri ve kirleri etkili \u015fekilde s\u00fczer. Motor performans\u0131n\u0131 optimize etmek ve a\u015f\u0131nmay\u0131 \u00f6nlemek i\u00e7in ideal par\u00e7ad\u0131r.<\/p>\n<p data-start=\"422\" data-end=\"439\"><strong data-start=\"422\" data-end=\"437\">\u00d6zellikler:<\/strong><\/p>\n<ul data-start=\"440\" data-end=\"559\">\n<li data-start=\"440\" data-end=\"472\">\n<p data-start=\"442\" data-end=\"472\">Y\u00fcksek filtrasyon kapasitesi<\/p>\n<\/li>\n<li data-start=\"473\" data-end=\"498\">\n<p data-start=\"475\" data-end=\"498\">Motor korumas\u0131 sa\u011flar<\/p>\n<\/li>\n<li data-start=\"499\" data-end=\"527\">\n<p data-start=\"501\" data-end=\"527\">Dayan\u0131kl\u0131 ve uzun \u00f6m\u00fcrl\u00fc<\/p>\n<\/li>\n<li data-start=\"528\" data-end=\"559\">\n<p data-start=\"530\" data-end=\"559\">Forklift motorlar\u0131na uyumlu<\/p>\n<\/li>\n<\/ul>\n","protected":false},"featured_media":16315,"template":"","meta":[],"product_brand":[],"product_cat":[498],"product_tag":[],"class_list":{"0":"post-16311","1":"product","2":"type-product","3":"status-publish","4":"has-post-thumbnail","6":"product_cat-filtre-cesitleri","8":"first","9":"instock","10":"taxable","11":"shipping-taxable","12":"purchasable","13":"product-type-simple"},"_links":{"self":[{"href":"https:\/\/ceoparts.com\/tr\/wp-json\/wp\/v2\/product\/16311","targetHints":{"allow":["GET"]}}],"collection":[{"href":"https:\/\/ceoparts.com\/tr\/wp-json\/wp\/v2\/product"}],"about":[{"href":"https:\/\/ceoparts.com\/tr\/wp-json\/wp\/v2\/types\/product"}],"wp:featuredmedia":[{"embeddable":true,"href":"https:\/\/ceoparts.com\/tr\/wp-json\/wp\/v2\/media\/16315"}],"wp:attachment":[{"href":"https:\/\/ceoparts.com\/tr\/wp-json\/wp\/v2\/media?parent=16311"}],"wp:term":[{"taxonomy":"product_brand","embeddable":true,"href":"https:\/\/ceoparts.com\/tr\/wp-json\/wp\/v2\/product_brand?post=16311"},{"taxonomy":"product_cat","embeddable":true,"href":"https:\/\/ceoparts.com\/tr\/wp-json\/wp\/v2\/product_cat?post=16311"},{"taxonomy":"product_tag","embeddable":true,"href":"https:\/\/ceoparts.com\/tr\/wp-json\/wp\/v2\/product_tag?post=16311"}],"curies":[{"name":"wp","href":"https:\/\/api.w.org\/{rel}","templated":true}]}}