{"id":16316,"date":"2025-03-25T09:01:24","date_gmt":"2025-03-25T06:01:24","guid":{"rendered":"https:\/\/ceoparts.com\/?post_type=product&#038;p=16316"},"modified":"2026-05-16T15:08:23","modified_gmt":"2026-05-16T12:08:23","slug":"bt-kablo-baglantisi","status":"publish","type":"product","link":"https:\/\/ceoparts.com\/tr\/urun\/bt-kablo-baglantisi\/","title":{"rendered":"BT Kablo Ba\u011flant\u0131s\u0131"},"content":{"rendered":"<p>BT Kablo Ba\u011flant\u0131s\u0131<\/p>","protected":false},"excerpt":{"rendered":"<p data-start=\"95\" data-end=\"365\"><strong data-start=\"95\" data-end=\"118\">BT Kablo Ba\u011flant\u0131s\u0131<\/strong>, forklift ve end\u00fcstriyel ara\u00e7lar\u0131n\u0131zda g\u00fcvenli ve sa\u011flam elektrik ba\u011flant\u0131s\u0131 sa\u011flar. Y\u00fcksek kaliteli malzemeden \u00fcretilmi\u015f olup, elektrik ak\u0131m\u0131n\u0131 sorunsuz ileterek cihaz performans\u0131n\u0131 art\u0131r\u0131r. Dayan\u0131kl\u0131 yap\u0131s\u0131 sayesinde uzun \u00f6m\u00fcrl\u00fc kullan\u0131m sunar.<\/p>\n<p data-start=\"367\" data-end=\"384\"><strong data-start=\"367\" data-end=\"382\">\u00d6zellikler:<\/strong><\/p>\n<ul data-start=\"385\" data-end=\"513\">\n<li data-start=\"385\" data-end=\"415\">\n<p data-start=\"387\" data-end=\"415\">G\u00fcvenli ve sa\u011flam ba\u011flant\u0131<\/p>\n<\/li>\n<li data-start=\"416\" data-end=\"437\">\n<p data-start=\"418\" data-end=\"437\">Y\u00fcksek iletkenlik<\/p>\n<\/li>\n<li data-start=\"438\" data-end=\"466\">\n<p data-start=\"440\" data-end=\"466\">Dayan\u0131kl\u0131 ve uzun \u00f6m\u00fcrl\u00fc<\/p>\n<\/li>\n<li data-start=\"467\" data-end=\"513\">\n<p data-start=\"469\" data-end=\"513\">Forklift ve end\u00fcstriyel ara\u00e7lar i\u00e7in uygun<\/p>\n<\/li>\n<\/ul>\n","protected":false},"featured_media":16319,"template":"","meta":[],"product_brand":[],"product_cat":[251,469,518],"product_tag":[],"class_list":{"0":"post-16316","1":"product","2":"type-product","3":"status-publish","4":"has-post-thumbnail","6":"product_cat-bt","7":"product_cat-elektrik-ve-sistem-parcalari","8":"product_cat-yedek-parca-bt","10":"first","11":"instock","12":"taxable","13":"shipping-taxable","14":"purchasable","15":"product-type-simple"},"_links":{"self":[{"href":"https:\/\/ceoparts.com\/tr\/wp-json\/wp\/v2\/product\/16316","targetHints":{"allow":["GET"]}}],"collection":[{"href":"https:\/\/ceoparts.com\/tr\/wp-json\/wp\/v2\/product"}],"about":[{"href":"https:\/\/ceoparts.com\/tr\/wp-json\/wp\/v2\/types\/product"}],"wp:featuredmedia":[{"embeddable":true,"href":"https:\/\/ceoparts.com\/tr\/wp-json\/wp\/v2\/media\/16319"}],"wp:attachment":[{"href":"https:\/\/ceoparts.com\/tr\/wp-json\/wp\/v2\/media?parent=16316"}],"wp:term":[{"taxonomy":"product_brand","embeddable":true,"href":"https:\/\/ceoparts.com\/tr\/wp-json\/wp\/v2\/product_brand?post=16316"},{"taxonomy":"product_cat","embeddable":true,"href":"https:\/\/ceoparts.com\/tr\/wp-json\/wp\/v2\/product_cat?post=16316"},{"taxonomy":"product_tag","embeddable":true,"href":"https:\/\/ceoparts.com\/tr\/wp-json\/wp\/v2\/product_tag?post=16316"}],"curies":[{"name":"wp","href":"https:\/\/api.w.org\/{rel}","templated":true}]}}