{"id":16324,"date":"2025-03-25T09:37:04","date_gmt":"2025-03-25T06:37:04","guid":{"rendered":"https:\/\/ceoparts.com\/?post_type=product&#038;p=16324"},"modified":"2026-05-16T17:29:25","modified_gmt":"2026-05-16T14:29:25","slug":"cat-forklift-pad-pedal-9135124800","status":"publish","type":"product","link":"https:\/\/ceoparts.com\/tr\/urun\/cat-forklift-pad-pedal-9135124800\/","title":{"rendered":"Cat Forklift Pad Pedal &#8211; 9135124800"},"content":{"rendered":"<p>Cat Forklift Pad Pedal &#8211; 9135124800<\/p>\n<table id=\"pf-fitment-compatibility-table\">\n<tbody>\n<tr>\n<td>Forklift<\/td>\n<td>MITSUBISHI<\/td>\n<td>FD30<\/td>\n<td>S4S<\/td>\n<\/tr>\n<tr>\n<td>Forklift<\/td>\n<td>MITSUBISHI<\/td>\n<td>FG30<\/td>\n<td>4G64<\/td>\n<\/tr>\n<tr>\n<td>Forklift<\/td>\n<td>MITSUBISHI<\/td>\n<td>FD35<\/td>\n<td>S6S<\/td>\n<\/tr>\n<tr>\n<td>Forklift<\/td>\n<td>MITSUBISHI<\/td>\n<td>FD35<\/td>\n<td>S6S<\/td>\n<\/tr>\n<tr>\n<td>Forklift<\/td>\n<td>MITSUBISHI<\/td>\n<td>FD40<\/td>\n<td>S6S<\/td>\n<\/tr>\n<tr>\n<td>Forklift<\/td>\n<td>MITSUBISHI<\/td>\n<td>FD40<\/td>\n<td>S6S<\/td>\n<\/tr>\n<tr>\n<td>Forklift<\/td>\n<td>MITSUBISHI<\/td>\n<td>FD45<\/td>\n<td>S6S<\/td>\n<\/tr>\n<tr>\n<td>Forklift<\/td>\n<td>MITSUBISHI<\/td>\n<td>FD45<\/td>\n<td>S6S<\/td>\n<\/tr>\n<tr>\n<td>Forklift<\/td>\n<td>MITSUBISHI<\/td>\n<td>FD45<\/td>\n<td>S6S<\/td>\n<\/tr>\n<tr>\n<td>Forklift<\/td>\n<td>MITSUBISHI<\/td>\n<td>FD50<\/td>\n<td>S6S<\/td>\n<\/tr>\n<tr>\n<td>Forklift<\/td>\n<td>MITSUBISHI<\/td>\n<td>FD50C<\/td>\n<td>S6S<\/td>\n<\/tr>\n<tr>\n<td>Forklift<\/td>\n<td>MITSUBISHI<\/td>\n<td>FD50C<\/td>\n<td>S6S<\/td>\n<\/tr>\n<\/tbody>\n<\/table>","protected":false},"excerpt":{"rendered":"<p data-start=\"112\" data-end=\"391\"><strong data-start=\"112\" data-end=\"151\">Cat Forklift Pad Pedal \u2013 9135124800<\/strong>, forklift kullan\u0131m\u0131nda g\u00fcvenlik ve kontrol\u00fc art\u0131rmak i\u00e7in tasarlanm\u0131\u015f dayan\u0131kl\u0131 bir pedal par\u00e7as\u0131d\u0131r. Y\u00fcksek kaliteli malzemeden \u00fcretilmi\u015f olup, uzun \u00f6m\u00fcrl\u00fc performans sa\u011flar. Cat forklift modelleriyle uyumludur ve orijinal yedek par\u00e7ad\u0131r.<\/p>\n<p data-start=\"393\" data-end=\"410\"><strong data-start=\"393\" data-end=\"408\">\u00d6zellikler:<\/strong><\/p>\n<ul data-start=\"411\" data-end=\"530\">\n<li data-start=\"411\" data-end=\"439\">\n<p data-start=\"413\" data-end=\"439\">Dayan\u0131kl\u0131 ve sa\u011flam yap\u0131<\/p>\n<\/li>\n<li data-start=\"440\" data-end=\"464\">\n<p data-start=\"442\" data-end=\"464\">Orijinal Cat par\u00e7as\u0131<\/p>\n<\/li>\n<li data-start=\"465\" data-end=\"505\">\n<p data-start=\"467\" data-end=\"505\">Forklift kontrol\u00fcnde g\u00fcvenlik sa\u011flar<\/p>\n<\/li>\n<li data-start=\"506\" data-end=\"530\">\n<p data-start=\"508\" data-end=\"530\">Uzun \u00f6m\u00fcrl\u00fc kullan\u0131m<\/p>\n<\/li>\n<\/ul>\n","protected":false},"featured_media":16329,"template":"","meta":[],"product_brand":[],"product_cat":[471],"product_tag":[],"class_list":{"0":"post-16324","1":"product","2":"type-product","3":"status-publish","4":"has-post-thumbnail","6":"product_cat-joystick-pedal-yedek-parca","8":"first","9":"instock","10":"taxable","11":"shipping-taxable","12":"purchasable","13":"product-type-simple"},"_links":{"self":[{"href":"https:\/\/ceoparts.com\/tr\/wp-json\/wp\/v2\/product\/16324","targetHints":{"allow":["GET"]}}],"collection":[{"href":"https:\/\/ceoparts.com\/tr\/wp-json\/wp\/v2\/product"}],"about":[{"href":"https:\/\/ceoparts.com\/tr\/wp-json\/wp\/v2\/types\/product"}],"wp:featuredmedia":[{"embeddable":true,"href":"https:\/\/ceoparts.com\/tr\/wp-json\/wp\/v2\/media\/16329"}],"wp:attachment":[{"href":"https:\/\/ceoparts.com\/tr\/wp-json\/wp\/v2\/media?parent=16324"}],"wp:term":[{"taxonomy":"product_brand","embeddable":true,"href":"https:\/\/ceoparts.com\/tr\/wp-json\/wp\/v2\/product_brand?post=16324"},{"taxonomy":"product_cat","embeddable":true,"href":"https:\/\/ceoparts.com\/tr\/wp-json\/wp\/v2\/product_cat?post=16324"},{"taxonomy":"product_tag","embeddable":true,"href":"https:\/\/ceoparts.com\/tr\/wp-json\/wp\/v2\/product_tag?post=16324"}],"curies":[{"name":"wp","href":"https:\/\/api.w.org\/{rel}","templated":true}]}}