{"id":16330,"date":"2025-03-25T09:44:51","date_gmt":"2025-03-25T06:44:51","guid":{"rendered":"https:\/\/ceoparts.com\/?post_type=product&#038;p=16330"},"modified":"2026-05-16T15:28:47","modified_gmt":"2026-05-16T12:28:47","slug":"still-selenoid-12193502900","status":"publish","type":"product","link":"https:\/\/ceoparts.com\/tr\/urun\/still-selenoid-12193502900\/","title":{"rendered":"STILL Selenoid &#8211; 12193502900"},"content":{"rendered":"<p>STILL Selenoid &#8211; 12193502900<\/p>\n","protected":false},"excerpt":{"rendered":"<p data-start=\"112\" data-end=\"429\"><strong data-start=\"112\" data-end=\"144\">STILL Selenoid \u2013 12193502900<\/strong>, forklift ve end\u00fcstriyel ara\u00e7larda kullan\u0131lan y\u00fcksek kaliteli ve dayan\u0131kl\u0131 bir elektromanyetik selenoid valftir. Ara\u00e7lar\u0131n hidrolik sistemlerini kontrol etmek i\u00e7in tasarlanm\u0131\u015ft\u0131r ve uzun \u00f6m\u00fcrl\u00fc performans sunar. Orijinal STILL par\u00e7as\u0131 olup, uyumlu modellerde g\u00fcvenilir \u00e7al\u0131\u015fma sa\u011flar.<\/p>\n<p data-start=\"431\" data-end=\"448\"><strong data-start=\"431\" data-end=\"446\">\u00d6zellikler:<\/strong><\/p>\n<ul data-start=\"449\" data-end=\"587\">\n<li data-start=\"449\" data-end=\"493\">\n<p data-start=\"451\" data-end=\"493\">Y\u00fcksek kaliteli elektromanyetik selenoid<\/p>\n<\/li>\n<li data-start=\"494\" data-end=\"522\">\n<p data-start=\"496\" data-end=\"522\">Dayan\u0131kl\u0131 ve uzun \u00f6m\u00fcrl\u00fc<\/p>\n<\/li>\n<li data-start=\"523\" data-end=\"547\">\n<p data-start=\"525\" data-end=\"547\">STILL orijinal par\u00e7a<\/p>\n<\/li>\n<li data-start=\"548\" data-end=\"587\">\n<p data-start=\"550\" data-end=\"587\">Hidrolik sistem kontrol\u00fc i\u00e7in idealv<\/p>\n<\/li>\n<\/ul>\n","protected":false},"featured_media":16331,"template":"","meta":[],"product_brand":[],"product_cat":[241,470,524],"product_tag":[],"class_list":{"0":"post-16330","1":"product","2":"type-product","3":"status-publish","4":"has-post-thumbnail","6":"product_cat-still","7":"product_cat-diger-yedek-parcalar","8":"product_cat-yedek-parca-still","10":"first","11":"instock","12":"taxable","13":"shipping-taxable","14":"purchasable","15":"product-type-simple"},"_links":{"self":[{"href":"https:\/\/ceoparts.com\/tr\/wp-json\/wp\/v2\/product\/16330","targetHints":{"allow":["GET"]}}],"collection":[{"href":"https:\/\/ceoparts.com\/tr\/wp-json\/wp\/v2\/product"}],"about":[{"href":"https:\/\/ceoparts.com\/tr\/wp-json\/wp\/v2\/types\/product"}],"wp:featuredmedia":[{"embeddable":true,"href":"https:\/\/ceoparts.com\/tr\/wp-json\/wp\/v2\/media\/16331"}],"wp:attachment":[{"href":"https:\/\/ceoparts.com\/tr\/wp-json\/wp\/v2\/media?parent=16330"}],"wp:term":[{"taxonomy":"product_brand","embeddable":true,"href":"https:\/\/ceoparts.com\/tr\/wp-json\/wp\/v2\/product_brand?post=16330"},{"taxonomy":"product_cat","embeddable":true,"href":"https:\/\/ceoparts.com\/tr\/wp-json\/wp\/v2\/product_cat?post=16330"},{"taxonomy":"product_tag","embeddable":true,"href":"https:\/\/ceoparts.com\/tr\/wp-json\/wp\/v2\/product_tag?post=16330"}],"curies":[{"name":"wp","href":"https:\/\/api.w.org\/{rel}","templated":true}]}}