{"id":16352,"date":"2025-03-25T10:55:50","date_gmt":"2025-03-25T07:55:50","guid":{"rendered":"https:\/\/ceoparts.com\/?post_type=product&#038;p=16352"},"modified":"2026-05-16T17:22:30","modified_gmt":"2026-05-16T14:22:30","slug":"cat-forklift-kol-dayama-91a7322020","status":"publish","type":"product","link":"https:\/\/ceoparts.com\/tr\/urun\/cat-forklift-kol-dayama-91a7322020\/","title":{"rendered":"Cat Forklift Kol Dayama &#8211; 91A7322020"},"content":{"rendered":"<p>Cat Forklift Kol Dayama &#8211; 91A7322020<\/p>","protected":false},"excerpt":{"rendered":"<p data-start=\"188\" data-end=\"493\"><strong data-start=\"188\" data-end=\"228\">Cat Forklift Kol Dayama \u2013 91A7322020<\/strong>, forklift operat\u00f6rlerinin konforunu art\u0131rmak i\u00e7in tasarlanm\u0131\u015f dayan\u0131kl\u0131 ve ergonomik bir kol dayama aparat\u0131d\u0131r. Uzun \u00e7al\u0131\u015fma saatlerinde yorgunlu\u011fu azalt\u0131r, operat\u00f6r\u00fcn kontrol\u00fc ve verimlili\u011fi y\u00fckseltir. Orijinal Cat yedek par\u00e7as\u0131d\u0131r ve kolay montaj avantaj\u0131 sunar.<\/p>\n<p data-start=\"495\" data-end=\"512\"><strong data-start=\"495\" data-end=\"510\">\u00d6zellikler:<\/strong><\/p>\n<ul data-start=\"513\" data-end=\"617\">\n<li data-start=\"513\" data-end=\"537\">\n<p data-start=\"515\" data-end=\"537\">Orijinal Cat par\u00e7as\u0131<\/p>\n<\/li>\n<li data-start=\"538\" data-end=\"569\">\n<p data-start=\"540\" data-end=\"569\">Ergonomik ve dayan\u0131kl\u0131 yap\u0131<\/p>\n<\/li>\n<li data-start=\"570\" data-end=\"600\">\n<p data-start=\"572\" data-end=\"600\">Operat\u00f6r konforunu art\u0131r\u0131r<\/p>\n<\/li>\n<li data-start=\"601\" data-end=\"617\">\n<p data-start=\"603\" data-end=\"617\">Kolay montaj<\/p>\n<\/li>\n<\/ul>\n","protected":false},"featured_media":16354,"template":"","meta":[],"product_brand":[],"product_cat":[472],"product_tag":[],"class_list":{"0":"post-16352","1":"product","2":"type-product","3":"status-publish","4":"has-post-thumbnail","6":"product_cat-kaporta-aksami","8":"first","9":"instock","10":"taxable","11":"shipping-taxable","12":"purchasable","13":"product-type-simple"},"_links":{"self":[{"href":"https:\/\/ceoparts.com\/tr\/wp-json\/wp\/v2\/product\/16352","targetHints":{"allow":["GET"]}}],"collection":[{"href":"https:\/\/ceoparts.com\/tr\/wp-json\/wp\/v2\/product"}],"about":[{"href":"https:\/\/ceoparts.com\/tr\/wp-json\/wp\/v2\/types\/product"}],"wp:featuredmedia":[{"embeddable":true,"href":"https:\/\/ceoparts.com\/tr\/wp-json\/wp\/v2\/media\/16354"}],"wp:attachment":[{"href":"https:\/\/ceoparts.com\/tr\/wp-json\/wp\/v2\/media?parent=16352"}],"wp:term":[{"taxonomy":"product_brand","embeddable":true,"href":"https:\/\/ceoparts.com\/tr\/wp-json\/wp\/v2\/product_brand?post=16352"},{"taxonomy":"product_cat","embeddable":true,"href":"https:\/\/ceoparts.com\/tr\/wp-json\/wp\/v2\/product_cat?post=16352"},{"taxonomy":"product_tag","embeddable":true,"href":"https:\/\/ceoparts.com\/tr\/wp-json\/wp\/v2\/product_tag?post=16352"}],"curies":[{"name":"wp","href":"https:\/\/api.w.org\/{rel}","templated":true}]}}