{"id":16357,"date":"2025-03-25T11:07:11","date_gmt":"2025-03-25T08:07:11","guid":{"rendered":"https:\/\/ceoparts.com\/?post_type=product&#038;p=16357"},"modified":"2026-05-16T21:02:44","modified_gmt":"2026-05-16T18:02:44","slug":"cat-forklift-yan-kapak-9701312800","status":"publish","type":"product","link":"https:\/\/ceoparts.com\/tr\/urun\/cat-forklift-yan-kapak-9701312800\/","title":{"rendered":"Cat Forklift Yan Kapak &#8211; 9701312800"},"content":{"rendered":"<p>Cat Forklift Yan Kapak &#8211; 9701312800<\/p>","protected":false},"excerpt":{"rendered":"<p data-start=\"194\" data-end=\"511\"><strong data-start=\"194\" data-end=\"233\">Cat Forklift Yan Kapak \u2013 9701312800<\/strong>, Cat forklift modelleri i\u00e7in \u00fcretilmi\u015f orijinal yan koruma kapa\u011f\u0131d\u0131r. Forkliftinizin motor ve i\u00e7 aksam\u0131n\u0131 d\u0131\u015f etkenlere kar\u015f\u0131 korur, i\u015f g\u00fcvenli\u011fini art\u0131r\u0131r ve ekipman\u0131n uzun \u00f6m\u00fcrl\u00fc \u00e7al\u0131\u015fmas\u0131na katk\u0131 sa\u011flar. Dayan\u0131kl\u0131 malzemeden \u00fcretilmi\u015f olup, kolay montaj \u00f6zelli\u011fine sahiptir.<\/p>\n<p data-start=\"513\" data-end=\"530\"><strong data-start=\"513\" data-end=\"528\">\u00d6zellikler:<\/strong><\/p>\n<ul data-start=\"531\" data-end=\"645\">\n<li data-start=\"531\" data-end=\"565\">\n<p data-start=\"533\" data-end=\"565\">Uyumlu: Cat forklift modelleri<\/p>\n<\/li>\n<li data-start=\"566\" data-end=\"596\">\n<p data-start=\"568\" data-end=\"596\">Motor ve i\u00e7 aksam korumas\u0131<\/p>\n<\/li>\n<li data-start=\"597\" data-end=\"628\">\n<p data-start=\"599\" data-end=\"628\">Dayan\u0131kl\u0131 ve sa\u011flam malzeme<\/p>\n<\/li>\n<li data-start=\"629\" data-end=\"645\">\n<p data-start=\"631\" data-end=\"645\">Kolay montaj<\/p>\n<\/li>\n<\/ul>\n","protected":false},"featured_media":16358,"template":"","meta":[],"product_brand":[],"product_cat":[472],"product_tag":[],"class_list":{"0":"post-16357","1":"product","2":"type-product","3":"status-publish","4":"has-post-thumbnail","6":"product_cat-kaporta-aksami","8":"first","9":"instock","10":"taxable","11":"shipping-taxable","12":"purchasable","13":"product-type-simple"},"_links":{"self":[{"href":"https:\/\/ceoparts.com\/tr\/wp-json\/wp\/v2\/product\/16357","targetHints":{"allow":["GET"]}}],"collection":[{"href":"https:\/\/ceoparts.com\/tr\/wp-json\/wp\/v2\/product"}],"about":[{"href":"https:\/\/ceoparts.com\/tr\/wp-json\/wp\/v2\/types\/product"}],"wp:featuredmedia":[{"embeddable":true,"href":"https:\/\/ceoparts.com\/tr\/wp-json\/wp\/v2\/media\/16358"}],"wp:attachment":[{"href":"https:\/\/ceoparts.com\/tr\/wp-json\/wp\/v2\/media?parent=16357"}],"wp:term":[{"taxonomy":"product_brand","embeddable":true,"href":"https:\/\/ceoparts.com\/tr\/wp-json\/wp\/v2\/product_brand?post=16357"},{"taxonomy":"product_cat","embeddable":true,"href":"https:\/\/ceoparts.com\/tr\/wp-json\/wp\/v2\/product_cat?post=16357"},{"taxonomy":"product_tag","embeddable":true,"href":"https:\/\/ceoparts.com\/tr\/wp-json\/wp\/v2\/product_tag?post=16357"}],"curies":[{"name":"wp","href":"https:\/\/api.w.org\/{rel}","templated":true}]}}