{"id":16368,"date":"2025-03-25T11:24:51","date_gmt":"2025-03-25T08:24:51","guid":{"rendered":"https:\/\/ceoparts.com\/?post_type=product&#038;p=16368"},"modified":"2026-05-16T15:28:48","modified_gmt":"2026-05-16T12:28:48","slug":"jungheinrich-erc-sensorlu-platform-matt-51470524","status":"publish","type":"product","link":"https:\/\/ceoparts.com\/tr\/urun\/jungheinrich-erc-sensorlu-platform-matt-51470524\/","title":{"rendered":"Jungheinrich ERC Sens\u00f6rl\u00fc Paspas &#8211; 51470524"},"content":{"rendered":"<p>Jungheinrich ERC Sens\u00f6rl\u00fc Paspas &#8211; 51470524<\/p>\n<p>Jungheinrich 51470524 51091814<\/p>\n<table border=\"0\" width=\"353\" cellspacing=\"0\" cellpadding=\"0\">\n<colgroup>\n<col width=\"233\" \/>\n<col width=\"120\" \/><\/colgroup>\n<tbody>\n<tr>\n<td width=\"233\" height=\"21\">ERE 225 KP<\/td>\n<td width=\"120\">7.08 &#8211;<\/td>\n<\/tr>\n<tr>\n<td height=\"21\">ERC 212 \/ 214 \/ 216<\/td>\n<td>4.09 &#8211;<\/td>\n<\/tr>\n<tr>\n<td height=\"21\">ERD 220<\/td>\n<td>6.10 &#8211;<\/td>\n<\/tr>\n<tr>\n<td height=\"21\">ERC 212z \/ 214z \/ 216z<\/td>\n<td>2.11 &#8211;<\/td>\n<\/tr>\n<tr>\n<td height=\"21\">ERV 308<\/td>\n<td>7.13 &#8211;<\/td>\n<\/tr>\n<tr>\n<td height=\"21\">ERC 214 \/ 216 (US)<\/td>\n<td>8.14 &#8211;<\/td>\n<\/tr>\n<tr>\n<td height=\"21\">ERC 220<\/td>\n<td>1.16 &#8211;<\/td>\n<\/tr>\n<\/tbody>\n<\/table>","protected":false},"excerpt":{"rendered":"<p data-start=\"223\" data-end=\"607\"><strong data-start=\"223\" data-end=\"277\">Jungheinrich ERC Sens\u00f6rl\u00fc Platform Matt \u2013 51470524<\/strong>, Jungheinrich ERC modelleri i\u00e7in \u00f6zel olarak tasarlanm\u0131\u015f, operat\u00f6r g\u00fcvenli\u011fini ve konforunu art\u0131ran sens\u00f6rl\u00fc platform minderi modelidir. \u00dczerindeki sens\u00f6r sayesinde s\u00fcr\u00fcc\u00fc platforma \u00e7\u0131kt\u0131\u011f\u0131nda sistemi aktif eder ve g\u00fcvenli s\u00fcr\u00fc\u015f sa\u011flar. Kaymaz ve dayan\u0131kl\u0131 yap\u0131s\u0131 ile forklift kullan\u0131m\u0131n\u0131 daha emniyetli ve konforlu hale getirir.<\/p>\n<p data-start=\"609\" data-end=\"626\"><strong data-start=\"609\" data-end=\"624\">\u00d6zellikler:<\/strong><\/p>\n<ul data-start=\"627\" data-end=\"739\">\n<li data-start=\"627\" data-end=\"665\">\n<p data-start=\"629\" data-end=\"665\">Uyumlu: Jungheinrich ERC modelleri<\/p>\n<\/li>\n<li data-start=\"666\" data-end=\"695\">\n<p data-start=\"668\" data-end=\"695\">Sens\u00f6rl\u00fc g\u00fcvenlik sistemi<\/p>\n<\/li>\n<li data-start=\"696\" data-end=\"722\">\n<p data-start=\"698\" data-end=\"722\">Kaymaz ve sa\u011flam y\u00fczey<\/p>\n<\/li>\n<li data-start=\"723\" data-end=\"739\">\n<p data-start=\"725\" data-end=\"739\">Kolay montaj<\/p>\n<\/li>\n<\/ul>\n","protected":false},"featured_media":16369,"template":"","meta":[],"product_brand":[],"product_cat":[236,469,522],"product_tag":[],"class_list":{"0":"post-16368","1":"product","2":"type-product","3":"status-publish","4":"has-post-thumbnail","6":"product_cat-jungheinrich","7":"product_cat-elektrik-ve-sistem-parcalari","8":"product_cat-yedek-parca-jungheinrich","10":"first","11":"instock","12":"taxable","13":"shipping-taxable","14":"purchasable","15":"product-type-simple"},"_links":{"self":[{"href":"https:\/\/ceoparts.com\/tr\/wp-json\/wp\/v2\/product\/16368","targetHints":{"allow":["GET"]}}],"collection":[{"href":"https:\/\/ceoparts.com\/tr\/wp-json\/wp\/v2\/product"}],"about":[{"href":"https:\/\/ceoparts.com\/tr\/wp-json\/wp\/v2\/types\/product"}],"wp:featuredmedia":[{"embeddable":true,"href":"https:\/\/ceoparts.com\/tr\/wp-json\/wp\/v2\/media\/16369"}],"wp:attachment":[{"href":"https:\/\/ceoparts.com\/tr\/wp-json\/wp\/v2\/media?parent=16368"}],"wp:term":[{"taxonomy":"product_brand","embeddable":true,"href":"https:\/\/ceoparts.com\/tr\/wp-json\/wp\/v2\/product_brand?post=16368"},{"taxonomy":"product_cat","embeddable":true,"href":"https:\/\/ceoparts.com\/tr\/wp-json\/wp\/v2\/product_cat?post=16368"},{"taxonomy":"product_tag","embeddable":true,"href":"https:\/\/ceoparts.com\/tr\/wp-json\/wp\/v2\/product_tag?post=16368"}],"curies":[{"name":"wp","href":"https:\/\/api.w.org\/{rel}","templated":true}]}}