{"id":16389,"date":"2025-03-25T12:53:27","date_gmt":"2025-03-25T09:53:27","guid":{"rendered":"https:\/\/ceoparts.com\/?post_type=product&#038;p=16389"},"modified":"2026-05-16T18:41:14","modified_gmt":"2026-05-16T15:41:14","slug":"cat-forklift-kol-dayama-alt-plastik-91a7302031","status":"publish","type":"product","link":"https:\/\/ceoparts.com\/tr\/urun\/cat-forklift-kol-dayama-alt-plastik-91a7302031\/","title":{"rendered":"Cat Forklift Kol Dayama Alt Plastik &#8211; 91A7302031"},"content":{"rendered":"<p>Cat Forklift Kol Dayama Alt Plastik &#8211; 91A7302031<\/p>","protected":false},"excerpt":{"rendered":"<p data-start=\"232\" data-end=\"485\"><strong data-start=\"232\" data-end=\"284\">Cat Forklift Kol Dayama Alt Plastik \u2013 91A7302031<\/strong>, forklift operat\u00f6rlerinin konforunu art\u0131rmak ve kol dayama \u00fcnitesinin alt k\u0131sm\u0131n\u0131 sa\u011flam bir \u015fekilde tutmak amac\u0131yla \u00fcretilmi\u015ftir. Darbelere ve a\u015f\u0131nmaya dayan\u0131kl\u0131 yap\u0131s\u0131yla uzun s\u00fcreli kullan\u0131m sunar.<\/p>\n<p data-start=\"487\" data-end=\"504\"><strong data-start=\"487\" data-end=\"502\">\u00d6zellikler:<\/strong><\/p>\n<ul data-start=\"505\" data-end=\"631\">\n<li data-start=\"505\" data-end=\"539\">\n<p data-start=\"507\" data-end=\"539\">Uyumlu: Cat forklift modelleri<\/p>\n<\/li>\n<li data-start=\"540\" data-end=\"575\">\n<p data-start=\"542\" data-end=\"575\">Y\u00fcksek kaliteli plastik malzeme<\/p>\n<\/li>\n<li data-start=\"576\" data-end=\"592\">\n<p data-start=\"578\" data-end=\"592\">Kolay montaj<\/p>\n<\/li>\n<li data-start=\"593\" data-end=\"631\">\n<p data-start=\"595\" data-end=\"631\">Konfor ve g\u00fcvenli kullan\u0131m deste\u011fi<\/p>\n<\/li>\n<\/ul>\n","protected":false},"featured_media":16394,"template":"","meta":[],"product_brand":[],"product_cat":[472],"product_tag":[],"class_list":{"0":"post-16389","1":"product","2":"type-product","3":"status-publish","4":"has-post-thumbnail","6":"product_cat-kaporta-aksami","8":"first","9":"instock","10":"taxable","11":"shipping-taxable","12":"purchasable","13":"product-type-simple"},"_links":{"self":[{"href":"https:\/\/ceoparts.com\/tr\/wp-json\/wp\/v2\/product\/16389","targetHints":{"allow":["GET"]}}],"collection":[{"href":"https:\/\/ceoparts.com\/tr\/wp-json\/wp\/v2\/product"}],"about":[{"href":"https:\/\/ceoparts.com\/tr\/wp-json\/wp\/v2\/types\/product"}],"wp:featuredmedia":[{"embeddable":true,"href":"https:\/\/ceoparts.com\/tr\/wp-json\/wp\/v2\/media\/16394"}],"wp:attachment":[{"href":"https:\/\/ceoparts.com\/tr\/wp-json\/wp\/v2\/media?parent=16389"}],"wp:term":[{"taxonomy":"product_brand","embeddable":true,"href":"https:\/\/ceoparts.com\/tr\/wp-json\/wp\/v2\/product_brand?post=16389"},{"taxonomy":"product_cat","embeddable":true,"href":"https:\/\/ceoparts.com\/tr\/wp-json\/wp\/v2\/product_cat?post=16389"},{"taxonomy":"product_tag","embeddable":true,"href":"https:\/\/ceoparts.com\/tr\/wp-json\/wp\/v2\/product_tag?post=16389"}],"curies":[{"name":"wp","href":"https:\/\/api.w.org\/{rel}","templated":true}]}}