{"id":16407,"date":"2025-03-25T13:54:32","date_gmt":"2025-03-25T10:54:32","guid":{"rendered":"https:\/\/ceoparts.com\/?post_type=product&#038;p=16407"},"modified":"2026-05-16T16:01:09","modified_gmt":"2026-05-16T13:01:09","slug":"cin-transpalet-kumanda-kolu-kelebegi-takim-turuncu","status":"publish","type":"product","link":"https:\/\/ceoparts.com\/tr\/urun\/cin-transpalet-kumanda-kolu-kelebegi-takim-turuncu\/","title":{"rendered":"\u00c7in Transpalet Kumanda Kolu Kelebe\u011fi Tak\u0131m Turuncu"},"content":{"rendered":"<p>\u00c7in Transpalet Kumanda Kolu Kelebe\u011fi Tak\u0131m Turuncu<\/p>","protected":false},"excerpt":{"rendered":"<p data-start=\"235\" data-end=\"575\"><strong data-start=\"235\" data-end=\"289\">\u00c7in Transpalet Kumanda Kolu Kelebe\u011fi Tak\u0131m Turuncu<\/strong>, manuel ve elektrikli transpaletlerde y\u00f6n ve h\u0131z kontrol\u00fcn\u00fc sa\u011flamak i\u00e7in kullan\u0131lan kaliteli ve ergonomik bir kontrol kelebek setidir. Dayan\u0131kl\u0131 plastik g\u00f6vdesi ve kolay montaj \u00f6zelli\u011fiyle, kullan\u0131m verimlili\u011fini art\u0131r\u0131r. Turuncu renkli tasar\u0131m\u0131 ile g\u00f6rsel ay\u0131rt edilebilirlik sa\u011flar.<\/p>\n<p data-start=\"577\" data-end=\"594\"><strong data-start=\"577\" data-end=\"592\">\u00d6zellikler:<\/strong><\/p>\n<ul data-start=\"595\" data-end=\"727\">\n<li data-start=\"595\" data-end=\"639\">\n<p data-start=\"597\" data-end=\"639\">Uyumlu: \u00c7in men\u015feli transpalet modelleri<\/p>\n<\/li>\n<li data-start=\"640\" data-end=\"670\">\n<p data-start=\"642\" data-end=\"670\">Malzeme: Dayan\u0131kl\u0131 plastik<\/p>\n<\/li>\n<li data-start=\"671\" data-end=\"688\">\n<p data-start=\"673\" data-end=\"688\">Renk: Turuncu<\/p>\n<\/li>\n<li data-start=\"689\" data-end=\"705\">\n<p data-start=\"691\" data-end=\"705\">Kolay montaj<\/p>\n<\/li>\n<li data-start=\"706\" data-end=\"727\">\n<p data-start=\"708\" data-end=\"727\">Ergonomik tasar\u0131m<\/p>\n<\/li>\n<\/ul>\n","protected":false},"featured_media":16410,"template":"","meta":[],"product_brand":[],"product_cat":[454],"product_tag":[],"class_list":{"0":"post-16407","1":"product","2":"type-product","3":"status-publish","4":"has-post-thumbnail","6":"product_cat-switch-ve-buton","8":"first","9":"instock","10":"taxable","11":"shipping-taxable","12":"purchasable","13":"product-type-simple"},"_links":{"self":[{"href":"https:\/\/ceoparts.com\/tr\/wp-json\/wp\/v2\/product\/16407","targetHints":{"allow":["GET"]}}],"collection":[{"href":"https:\/\/ceoparts.com\/tr\/wp-json\/wp\/v2\/product"}],"about":[{"href":"https:\/\/ceoparts.com\/tr\/wp-json\/wp\/v2\/types\/product"}],"wp:featuredmedia":[{"embeddable":true,"href":"https:\/\/ceoparts.com\/tr\/wp-json\/wp\/v2\/media\/16410"}],"wp:attachment":[{"href":"https:\/\/ceoparts.com\/tr\/wp-json\/wp\/v2\/media?parent=16407"}],"wp:term":[{"taxonomy":"product_brand","embeddable":true,"href":"https:\/\/ceoparts.com\/tr\/wp-json\/wp\/v2\/product_brand?post=16407"},{"taxonomy":"product_cat","embeddable":true,"href":"https:\/\/ceoparts.com\/tr\/wp-json\/wp\/v2\/product_cat?post=16407"},{"taxonomy":"product_tag","embeddable":true,"href":"https:\/\/ceoparts.com\/tr\/wp-json\/wp\/v2\/product_tag?post=16407"}],"curies":[{"name":"wp","href":"https:\/\/api.w.org\/{rel}","templated":true}]}}