{"id":16443,"date":"2025-03-26T13:03:02","date_gmt":"2025-03-26T10:03:02","guid":{"rendered":"https:\/\/ceoparts.com\/?post_type=product&#038;p=16443"},"modified":"2026-05-16T17:33:32","modified_gmt":"2026-05-16T14:33:32","slug":"150x48-65-12-wicke-vullkolan-denge-tekeri-0039903515","status":"publish","type":"product","link":"https:\/\/ceoparts.com\/tr\/urun\/150x48-65-12-wicke-vullkolan-denge-tekeri-0039903515\/","title":{"rendered":"150&#215;48\/65-12 Wicke Vullkolan Denge Tekeri &#8211; 0039903515"},"content":{"rendered":"<p>150&#215;48\/65-12 Wicke Vullkolan Denge Tekeri &#8211; 0039903515<\/p>","protected":false},"excerpt":{"rendered":"<p data-start=\"236\" data-end=\"617\"><strong data-start=\"236\" data-end=\"294\">150\u00d748\/65-12 Wicke Vulkollan Denge Tekeri \u2013 0039903515<\/strong>, forklift ve istif makinelerinde dengeyi sa\u011flamak ve y\u00fck ta\u015f\u0131ma g\u00fcvenli\u011fini art\u0131rmak i\u00e7in \u00f6zel olarak \u00fcretilmi\u015ftir. Y\u00fcksek kaliteli Vulkollan kaplamas\u0131 sayesinde a\u011f\u0131r y\u00fckler alt\u0131nda dayan\u0131kl\u0131d\u0131r ve zemin dostu yap\u0131s\u0131yla uzun \u00f6m\u00fcrl\u00fc kullan\u0131m sa\u011flar. Forklift \u00e7atal ve y\u00fcr\u00fcy\u00fc\u015f sistemlerinde ideal bir denge tekeri \u00e7\u00f6z\u00fcm\u00fcd\u00fcr.<\/p>\n<p data-start=\"619\" data-end=\"636\"><strong data-start=\"619\" data-end=\"634\">\u00d6zellikler:<\/strong><\/p>\n<ul data-start=\"637\" data-end=\"770\">\n<li data-start=\"637\" data-end=\"662\">\n<p data-start=\"639\" data-end=\"662\">\u00d6l\u00e7\u00fc: 150\u00d748\/65-12 mm<\/p>\n<\/li>\n<li data-start=\"663\" data-end=\"685\">\n<p data-start=\"665\" data-end=\"685\">Malzeme: Vulkollan<\/p>\n<\/li>\n<li data-start=\"686\" data-end=\"702\">\n<p data-start=\"688\" data-end=\"702\">Marka: Wicke<\/p>\n<\/li>\n<li data-start=\"703\" data-end=\"736\">\n<p data-start=\"705\" data-end=\"736\">A\u015f\u0131nmaya ve darbeye dayan\u0131kl\u0131<\/p>\n<\/li>\n<li data-start=\"737\" data-end=\"770\">\n<p data-start=\"739\" data-end=\"770\">Zemin dostu ve sessiz \u00e7al\u0131\u015fma<\/p>\n<\/li>\n<\/ul>\n<p>0039903515, 0039903514, 0039903577<\/p>\n<p>50\u00d748\/60\/65-12\u00a0 Linde 0039903515<\/p>\n<p>372\u00a0L14\/16<br \/>\n372\u00a0L14\/16\/L14AP\/16AP<br \/>\n379\u00a0L10\/12-L10\/12AS<\/p>\n","protected":false},"featured_media":16444,"template":"","meta":[],"product_brand":[],"product_cat":[246,247,403,185],"product_tag":[],"class_list":{"0":"post-16443","1":"product","2":"type-product","3":"status-publish","4":"has-post-thumbnail","6":"product_cat-linde","7":"product_cat-denge-tekeri-linde","8":"product_cat-denge-tekeri-wicke","9":"product_cat-denge-tekeri","11":"first","12":"instock","13":"taxable","14":"shipping-taxable","15":"purchasable","16":"product-type-simple"},"_links":{"self":[{"href":"https:\/\/ceoparts.com\/tr\/wp-json\/wp\/v2\/product\/16443","targetHints":{"allow":["GET"]}}],"collection":[{"href":"https:\/\/ceoparts.com\/tr\/wp-json\/wp\/v2\/product"}],"about":[{"href":"https:\/\/ceoparts.com\/tr\/wp-json\/wp\/v2\/types\/product"}],"wp:featuredmedia":[{"embeddable":true,"href":"https:\/\/ceoparts.com\/tr\/wp-json\/wp\/v2\/media\/16444"}],"wp:attachment":[{"href":"https:\/\/ceoparts.com\/tr\/wp-json\/wp\/v2\/media?parent=16443"}],"wp:term":[{"taxonomy":"product_brand","embeddable":true,"href":"https:\/\/ceoparts.com\/tr\/wp-json\/wp\/v2\/product_brand?post=16443"},{"taxonomy":"product_cat","embeddable":true,"href":"https:\/\/ceoparts.com\/tr\/wp-json\/wp\/v2\/product_cat?post=16443"},{"taxonomy":"product_tag","embeddable":true,"href":"https:\/\/ceoparts.com\/tr\/wp-json\/wp\/v2\/product_tag?post=16443"}],"curies":[{"name":"wp","href":"https:\/\/api.w.org\/{rel}","templated":true}]}}