{"id":16476,"date":"2025-03-27T10:30:51","date_gmt":"2025-03-27T07:30:51","guid":{"rendered":"https:\/\/ceoparts.com\/?post_type=product&#038;p=16476"},"modified":"2026-05-16T17:33:02","modified_gmt":"2026-05-16T14:33:02","slug":"250x80-80-tellure-rota-yuruyus-tekeri-95306114","status":"publish","type":"product","link":"https:\/\/ceoparts.com\/tr\/urun\/250x80-80-tellure-rota-yuruyus-tekeri-95306114\/","title":{"rendered":"250&#215;80-80 Tellure Rota Y\u00fcr\u00fcy\u00fc\u015f Tekeri &#8211; 95306114"},"content":{"rendered":"<p>250&#215;80-80 Tellure Rota Y\u00fcr\u00fcy\u00fc\u015f Tekeri &#8211; 95306114<\/p>","protected":false},"excerpt":{"rendered":"<p data-start=\"216\" data-end=\"636\"><strong data-start=\"216\" data-end=\"268\">250\u00d780-80 Tellure Rota Y\u00fcr\u00fcy\u00fc\u015f Tekeri \u2013 95306114<\/strong>, forklift ve istif makinalar\u0131nda g\u00fcvenli ve y\u00fcksek performansl\u0131 kullan\u0131m i\u00e7in \u00f6zel olarak tasarlanm\u0131\u015f y\u00fcr\u00fcy\u00fc\u015f tekeridir. Dayan\u0131kl\u0131 poli\u00fcretan kaplamas\u0131 ve sa\u011flam g\u00f6vdesi sayesinde a\u011f\u0131r y\u00fckler alt\u0131nda uzun \u00f6m\u00fcrl\u00fc ve verimli \u00e7al\u0131\u015f\u0131r. Tellure Rota kalitesiyle \u00fcretilmi\u015f bu y\u00fcr\u00fcy\u00fc\u015f tekeri, forkliftinizin hareket kabiliyetini art\u0131r\u0131r ve zemin dostu yap\u0131s\u0131yla iz b\u0131rakmaz.<\/p>\n<p data-start=\"638\" data-end=\"655\"><strong data-start=\"638\" data-end=\"653\">\u00d6zellikler:<\/strong><\/p>\n<ul data-start=\"656\" data-end=\"789\">\n<li data-start=\"656\" data-end=\"678\">\n<p data-start=\"658\" data-end=\"678\">\u00d6l\u00e7\u00fc: 250\u00d780-80 mm<\/p>\n<\/li>\n<li data-start=\"679\" data-end=\"702\">\n<p data-start=\"681\" data-end=\"702\">Malzeme: Poli\u00fcretan<\/p>\n<\/li>\n<li data-start=\"703\" data-end=\"726\">\n<p data-start=\"705\" data-end=\"726\">Marka: Tellure Rota<\/p>\n<\/li>\n<li data-start=\"727\" data-end=\"758\">\n<p data-start=\"729\" data-end=\"758\">Dayan\u0131kl\u0131 ve sessiz \u00e7al\u0131\u015fma<\/p>\n<\/li>\n<li data-start=\"759\" data-end=\"789\">\n<p data-start=\"761\" data-end=\"789\">Zemin dostu ve uzun \u00f6m\u00fcrl\u00fc<\/p>\n<\/li>\n<\/ul>\n<p>OM Pimespo TSX20 Seri: F24522 \/ Komatsu MWP20F1RStill COP-H10 24K Seri: F21061 \/ 2016r. \/ CROWN WT30605<\/p>\n<p>OM Pimespo TSX20 Seri: F24522 \/ 95306114<\/p>\n","protected":false},"featured_media":16478,"template":"","meta":[],"product_brand":[],"product_cat":[241,244,272,275,412,414,193],"product_tag":[],"class_list":{"0":"post-16476","1":"product","2":"type-product","3":"status-publish","4":"has-post-thumbnail","6":"product_cat-still","7":"product_cat-yuruyus-tekeri-still","8":"product_cat-crown","9":"product_cat-yuruyus-tekeri-crown","10":"product_cat-tellure-rota","11":"product_cat-yuruyus-tekeri-rota","12":"product_cat-yuruyus-tekeri","14":"first","15":"instock","16":"taxable","17":"shipping-taxable","18":"purchasable","19":"product-type-simple"},"_links":{"self":[{"href":"https:\/\/ceoparts.com\/tr\/wp-json\/wp\/v2\/product\/16476","targetHints":{"allow":["GET"]}}],"collection":[{"href":"https:\/\/ceoparts.com\/tr\/wp-json\/wp\/v2\/product"}],"about":[{"href":"https:\/\/ceoparts.com\/tr\/wp-json\/wp\/v2\/types\/product"}],"wp:featuredmedia":[{"embeddable":true,"href":"https:\/\/ceoparts.com\/tr\/wp-json\/wp\/v2\/media\/16478"}],"wp:attachment":[{"href":"https:\/\/ceoparts.com\/tr\/wp-json\/wp\/v2\/media?parent=16476"}],"wp:term":[{"taxonomy":"product_brand","embeddable":true,"href":"https:\/\/ceoparts.com\/tr\/wp-json\/wp\/v2\/product_brand?post=16476"},{"taxonomy":"product_cat","embeddable":true,"href":"https:\/\/ceoparts.com\/tr\/wp-json\/wp\/v2\/product_cat?post=16476"},{"taxonomy":"product_tag","embeddable":true,"href":"https:\/\/ceoparts.com\/tr\/wp-json\/wp\/v2\/product_tag?post=16476"}],"curies":[{"name":"wp","href":"https:\/\/api.w.org\/{rel}","templated":true}]}}