{"id":16483,"date":"2025-03-29T11:27:09","date_gmt":"2025-03-29T08:27:09","guid":{"rendered":"https:\/\/ceoparts.com\/?post_type=product&#038;p=16483"},"modified":"2026-05-16T10:57:25","modified_gmt":"2026-05-16T07:57:25","slug":"350x106-6b-stellana-bt-yuk-tekeri-rre200h-7610264","status":"publish","type":"product","link":"https:\/\/ceoparts.com\/tr\/urun\/350x106-6b-stellana-bt-yuk-tekeri-rre200h-7610264\/","title":{"rendered":"350&#215;106 6B Stellana BT Y\u00fck Tekeri RRE200H &#8211; 7610264"},"content":{"rendered":"<p>350&#215;106 6B Stellana BT Y\u00fck Tekeri RRE200H &#8211; 7610264<\/p>","protected":false},"excerpt":{"rendered":"<p data-start=\"214\" data-end=\"591\"><strong data-start=\"214\" data-end=\"269\">350&#215;106 6B Stellana BT Y\u00fck Tekeri RRE200H \u2013 7610264<\/strong>, y\u00fcksek dayan\u0131kl\u0131l\u0131k ve performans i\u00e7in \u00f6zel olarak tasarlanm\u0131\u015f kaliteli bir forklift yedek par\u00e7as\u0131d\u0131r. Stellana markas\u0131n\u0131n vulkollan malzemesiyle \u00fcretilen bu y\u00fck tekeri, \u00f6zellikle a\u011f\u0131r y\u00fck ta\u015f\u0131ma ve uzun s\u00fcreli kullan\u0131m i\u00e7in uygundur. BT RRE200H modelleri ile uyumludur ve forkliftinizin y\u00fck ta\u015f\u0131ma kapasitesini art\u0131r\u0131r.<\/p>\n<p data-start=\"593\" data-end=\"610\"><strong data-start=\"593\" data-end=\"608\">\u00d6zellikler:<\/strong><\/p>\n<ul data-start=\"611\" data-end=\"744\">\n<li data-start=\"611\" data-end=\"631\">\n<p data-start=\"613\" data-end=\"631\">\u00d6l\u00e7\u00fc: 350&#215;106 mm<\/p>\n<\/li>\n<li data-start=\"632\" data-end=\"645\">\n<p data-start=\"634\" data-end=\"645\">Model: 6B<\/p>\n<\/li>\n<li data-start=\"646\" data-end=\"677\">\n<p data-start=\"648\" data-end=\"677\">Malzeme: Stellana Vulkollan<\/p>\n<\/li>\n<li data-start=\"678\" data-end=\"706\">\n<p data-start=\"680\" data-end=\"706\">Uyumlu Model: BT RRE200H<\/p>\n<\/li>\n<li data-start=\"707\" data-end=\"744\">\n<p data-start=\"709\" data-end=\"744\">Dayan\u0131kl\u0131 ve uzun \u00f6m\u00fcrl\u00fc kullan\u0131m<\/p>\n<\/li>\n<\/ul>\n","protected":false},"featured_media":16489,"template":"","meta":[],"product_brand":[],"product_cat":[419,251,255,416,194],"product_tag":[],"class_list":{"0":"post-16483","1":"product","2":"type-product","3":"status-publish","4":"has-post-thumbnail","6":"product_cat-yuk-tekeri-stellana","7":"product_cat-bt","8":"product_cat-yuk-tekeri-bt","9":"product_cat-stellana","10":"product_cat-yuk-tekeri","12":"first","13":"instock","14":"taxable","15":"shipping-taxable","16":"purchasable","17":"product-type-simple"},"_links":{"self":[{"href":"https:\/\/ceoparts.com\/tr\/wp-json\/wp\/v2\/product\/16483","targetHints":{"allow":["GET"]}}],"collection":[{"href":"https:\/\/ceoparts.com\/tr\/wp-json\/wp\/v2\/product"}],"about":[{"href":"https:\/\/ceoparts.com\/tr\/wp-json\/wp\/v2\/types\/product"}],"wp:featuredmedia":[{"embeddable":true,"href":"https:\/\/ceoparts.com\/tr\/wp-json\/wp\/v2\/media\/16489"}],"wp:attachment":[{"href":"https:\/\/ceoparts.com\/tr\/wp-json\/wp\/v2\/media?parent=16483"}],"wp:term":[{"taxonomy":"product_brand","embeddable":true,"href":"https:\/\/ceoparts.com\/tr\/wp-json\/wp\/v2\/product_brand?post=16483"},{"taxonomy":"product_cat","embeddable":true,"href":"https:\/\/ceoparts.com\/tr\/wp-json\/wp\/v2\/product_cat?post=16483"},{"taxonomy":"product_tag","embeddable":true,"href":"https:\/\/ceoparts.com\/tr\/wp-json\/wp\/v2\/product_tag?post=16483"}],"curies":[{"name":"wp","href":"https:\/\/api.w.org\/{rel}","templated":true}]}}